{"id":450,"date":"2018-01-08T23:29:16","date_gmt":"2018-01-08T23:29:16","guid":{"rendered":"http:\/\/www.ecuriesderiboulam.com\/?page_id=450"},"modified":"2021-11-04T16:00:43","modified_gmt":"2021-11-04T15:00:43","slug":"les-installations","status":"publish","type":"page","link":"https:\/\/www.ecuriesderiboulam.com\/index.php\/ecole-dequitation\/les-installations\/","title":{"rendered":"Les installations"},"content":{"rendered":"<p>[et_pb_section fb_built=\u00a0\u00bb1&Prime; _builder_version=\u00a0\u00bb3.22&Prime; background_color=\u00a0\u00bb#84866e\u00a0\u00bb global_colors_info=\u00a0\u00bb{}\u00a0\u00bb][et_pb_row _builder_version=\u00a0\u00bb3.25&Prime; global_colors_info=\u00a0\u00bb{}\u00a0\u00bb][et_pb_column type=\u00a0\u00bb4_4&Prime; _builder_version=\u00a0\u00bb3.25&Prime; custom_padding=\u00a0\u00bb|||\u00a0\u00bb global_colors_info=\u00a0\u00bb{}\u00a0\u00bb custom_padding__hover=\u00a0\u00bb|||\u00a0\u00bb][et_pb_text _builder_version=\u00a0\u00bb4.12.1&Prime; custom_padding=\u00a0\u00bb||0px|||\u00a0\u00bb hover_enabled=\u00a0\u00bb0&Prime; global_colors_info=\u00a0\u00bb{}\u00a0\u00bb sticky_enabled=\u00a0\u00bb0&Prime;]<\/p>\n<h1>Les installations<\/h1>\n<h2>Salle de r\u00e9ception<\/h2>\n<p>Nous disposons d&rsquo;une part d&rsquo;une <strong>salle de r\u00e9ception<\/strong> que nous louons pour toutes vos f\u00eates d&rsquo;anniversaire, bapt\u00eames, repas de famille, mariages, etc&#8230; Plus d&rsquo;informations concernant la salle sont disponibles sur<a href=\"index.php\/locations\/location-de-salle\/\"> cette page<\/a>.<\/p>\n<h2>P\u00f4le \u00e9questre<\/h2>\n<p>Par ailleurs, nous am\u00e9liorons sans cesse les <strong>installations d\u00e9di\u00e9es \u00e0 l&rsquo;\u00e9quitation<\/strong> pour vous proposer toujours plus d&rsquo;activit\u00e9s, dans un cadre toujours plus agr\u00e9able.<\/p>\n<p>La qualit\u00e9, le confort et la s\u00e9curit\u00e9 du site sont au coeur de nos priorit\u00e9s. Nos efforts quotidiens d&rsquo;entretien du domaine permettent de vous proposer dans les meilleures coditions les installations suivantes :<\/p>\n<ul>\n<li>Une <strong>carri\u00e8re de saut d&rsquo;obstacles<\/strong>\u00a0 60m x 70m<\/li>\n<li>Une <strong>carri\u00e8re de dressage<\/strong> 60m x 20m<\/li>\n<li>Un <strong>man\u00e8ge couvert<\/strong> de 24m x 18m servant aux cours (chevaux\/poneys), aux initiations et au travail \u00e0 la longe ou en libert\u00e9<\/li>\n<li>Un <strong>anneau de galop<\/strong> de 580m autour d&rsquo;un champ<\/li>\n<li>Un <strong>parcours de cross<\/strong> r\u00e9put\u00e9, avec des pistes sabl\u00e9es et des obstacles bien entretenus s&rsquo;\u00e9talant sur 5 km et 6 ha de superficie \u00e0 travers des sous-bois<\/li>\n<li>Un <strong>man\u00e8ge couvert<\/strong> bord sol de 65m x 35m. Il est situ\u00e9 pr\u00e8s de la carri\u00e8re de CSO<\/li>\n<\/ul>\n<p>&nbsp;<\/p>\n<p>[\/et_pb_text][et_pb_image src=\u00a0\u00bbhttps:\/\/www.ecuriesderiboulam.com\/wp-content\/uploads\/2019\/10\/Carriere_couverte.jpg\u00a0\u00bb _builder_version=\u00a0\u00bb3.29.3&Prime; global_colors_info=\u00a0\u00bb{}\u00a0\u00bb][\/et_pb_image][et_pb_text _builder_version=\u00a0\u00bb3.27.4&Prime; global_colors_info=\u00a0\u00bb{}\u00a0\u00bb]<\/p>\n<p>Notre objectif est que tous les cavaliers et chevaux y trouvent leur bonheur, qu&rsquo;ils soient d\u00e9butants ou confirm\u00e9s, du galop 1 au galop 7. Nous entretenons et am\u00e9liorons r\u00e9guli\u00e8rement les installations, notamment dans le cadre de l&rsquo;organisation de concours depuis les \u00e9preuves club\/poney jusqu&rsquo;\u00e0 des \u00e9preuves amateur\/pro. Depuis 2017, nous recevons aussi une des \u00e9tapes de la prestigieuse Tourn\u00e9e des As Poneys en CCE, ce qui nous met la barre tr\u00e8s haut !<\/p>\n<p>Voici une vue d&rsquo;ensemble des installations de la partie basse du domaine (carri\u00e8res et salle de r\u00e9ception) :<\/p>\n<p>[\/et_pb_text][\/et_pb_column][\/et_pb_row][et_pb_row _builder_version=\u00a0\u00bb3.25&Prime; global_colors_info=\u00a0\u00bb{}\u00a0\u00bb][et_pb_column type=\u00a0\u00bb4_4&Prime; _builder_version=\u00a0\u00bb3.25&Prime; custom_padding=\u00a0\u00bb|||\u00a0\u00bb hover_enabled=\u00a0\u00bb0&Prime; global_colors_info=\u00a0\u00bb{}\u00a0\u00bb custom_padding__hover=\u00a0\u00bb|||\u00a0\u00bb sticky_enabled=\u00a0\u00bb0&Prime;][et_pb_image src=\u00a0\u00bbhttps:\/\/www.ecuriesderiboulam.com\/wp-content\/uploads\/2021\/11\/Ecuries_de_Riboulam_Cornillon_Confoux_vue_globale_Google_Earth_V2.jpg\u00a0\u00bb url=\u00a0\u00bbhttps:\/\/www.ecuriesderiboulam.com\/wp-content\/uploads\/2018\/03\/Ecuries_de_Riboulam_Cornillon_Confoux_vue_globale_Google_Earth.jpg\u00a0\u00bb align_tablet=\u00a0\u00bbcenter\u00a0\u00bb align_phone=\u00a0\u00bb\u00a0\u00bb align_last_edited=\u00a0\u00bbon|desktop\u00a0\u00bb _builder_version=\u00a0\u00bb4.12.1&Prime; hover_enabled=\u00a0\u00bb0&Prime; global_colors_info=\u00a0\u00bb{}\u00a0\u00bb title_text=\u00a0\u00bbEcuries_de_Riboulam_Cornillon_Confoux_vue_globale_Google_Earth_V2&Prime; sticky_enabled=\u00a0\u00bb0&Prime;][\/et_pb_image][\/et_pb_column][\/et_pb_row][et_pb_row _builder_version=\u00a0\u00bb3.25&Prime; global_colors_info=\u00a0\u00bb{}\u00a0\u00bb][et_pb_column type=\u00a0\u00bb4_4&Prime; _builder_version=\u00a0\u00bb3.25&Prime; custom_padding=\u00a0\u00bb|||\u00a0\u00bb global_colors_info=\u00a0\u00bb{}\u00a0\u00bb custom_padding__hover=\u00a0\u00bb|||\u00a0\u00bb][et_pb_text _builder_version=\u00a0\u00bb3.27.4&Prime; global_colors_info=\u00a0\u00bb{}\u00a0\u00bb]<\/p>\n<p>Le cross s&rsquo;\u00e9tend sur toute la partie sup\u00e9rieure du domaine (en vert).\u00a0<\/p>\n<p>Cliquez <a title=\"Ecuries de Riboulam sur Google Earth\" href=\"https:\/\/earth.app.goo.gl\/iwqCP\" target=\"_blank\" rel=\"noopener noreferrer\">ici<\/a>\u00a0pour visualiser les Ecuries de Riboulam dans Google Earth.<\/p>\n<p>[\/et_pb_text][\/et_pb_column][\/et_pb_row][et_pb_row _builder_version=\u00a0\u00bb3.25&Prime; global_colors_info=\u00a0\u00bb{}\u00a0\u00bb][et_pb_column type=\u00a0\u00bb4_4&Prime; _builder_version=\u00a0\u00bb3.25&Prime; custom_padding=\u00a0\u00bb|||\u00a0\u00bb global_colors_info=\u00a0\u00bb{}\u00a0\u00bb custom_padding__hover=\u00a0\u00bb|||\u00a0\u00bb][et_pb_text _builder_version=\u00a0\u00bb3.27.4&Prime; custom_padding=\u00a0\u00bb||0px|||\u00a0\u00bb global_colors_info=\u00a0\u00bb{}\u00a0\u00bb]<\/p>\n<h1>Plan des paddocks<\/h1>\n<p>Les paddocks, ombrag\u00e9s par de grands arbres, sont situ\u00e9s autour de la sellerie et du petite man\u00e8ge. Ils sont num\u00e9rot\u00e9s comme suit :<\/p>\n<p>[\/et_pb_text][et_pb_image src=\u00a0\u00bbhttps:\/\/www.ecuriesderiboulam.com\/wp-content\/uploads\/2020\/06\/Plan-des-paddocks-Riboulam.jpg\u00a0\u00bb _builder_version=\u00a0\u00bb4.4.3&Prime; global_colors_info=\u00a0\u00bb{}\u00a0\u00bb][\/et_pb_image][\/et_pb_column][\/et_pb_row][et_pb_row _builder_version=\u00a0\u00bb3.25&Prime; global_colors_info=\u00a0\u00bb{}\u00a0\u00bb][et_pb_column type=\u00a0\u00bb4_4&Prime; _builder_version=\u00a0\u00bb3.25&Prime; custom_padding=\u00a0\u00bb|||\u00a0\u00bb global_colors_info=\u00a0\u00bb{}\u00a0\u00bb custom_padding__hover=\u00a0\u00bb|||\u00a0\u00bb][et_pb_text _builder_version=\u00a0\u00bb4.4.3&Prime; custom_padding=\u00a0\u00bb||0px|||\u00a0\u00bb global_colors_info=\u00a0\u00bb{}\u00a0\u00bb]<\/p>\n<h1>Plan du cross<\/h1>\n<p>Le cross est situ\u00e9 juste \u00e0 l&rsquo;entr\u00e9e des \u00e9curies, visible depuis le chemin menant aux \u00e9curies. Mais il s&rsquo;\u00e9tend bien au-del\u00e0 sous les arbres et autour des gu\u00e9s. Voici une vue d&rsquo;ensemble du cross :<\/p>\n<p>[\/et_pb_text][et_pb_image src=\u00a0\u00bbhttps:\/\/www.ecuriesderiboulam.com\/wp-content\/uploads\/2020\/06\/Plan-du-cross-Riboulam.jpg\u00a0\u00bb _builder_version=\u00a0\u00bb4.4.3&Prime; global_colors_info=\u00a0\u00bb{}\u00a0\u00bb][\/et_pb_image][\/et_pb_column][\/et_pb_row][\/et_pb_section]<\/p>\n","protected":false},"excerpt":{"rendered":"<p>Les installations Salle de r\u00e9ception Nous disposons d&rsquo;une part d&rsquo;une salle de r\u00e9ception que nous louons pour toutes vos f\u00eates d&rsquo;anniversaire, bapt\u00eames, repas de famille, mariages, etc&#8230; Plus d&rsquo;informations concernant la salle sont disponibles sur cette page. P\u00f4le \u00e9questre Par ailleurs, nous am\u00e9liorons sans cesse les installations d\u00e9di\u00e9es \u00e0 l&rsquo;\u00e9quitation pour vous proposer toujours plus [&hellip;]<\/p>\n","protected":false},"author":1,"featured_media":0,"parent":366,"menu_order":0,"comment_status":"closed","ping_status":"closed","template":"","meta":{"_et_pb_use_builder":"on","_et_pb_old_content":"","_et_gb_content_width":"","_exactmetrics_skip_tracking":false,"_exactmetrics_sitenote_active":false,"_exactmetrics_sitenote_note":"","_exactmetrics_sitenote_category":0,"footnotes":""},"class_list":["post-450","page","type-page","status-publish","hentry"],"yoast_head":"<!-- This site is optimized with the Yoast SEO plugin v24.3 - https:\/\/yoast.com\/wordpress\/plugins\/seo\/ -->\n<title>Les installations - Ecuries de Riboulam<\/title>\n<meta name=\"robots\" content=\"index, follow, max-snippet:-1, max-image-preview:large, max-video-preview:-1\" \/>\n<link rel=\"canonical\" href=\"https:\/\/www.ecuriesderiboulam.com\/index.php\/ecole-dequitation\/les-installations\/\" \/>\n<meta property=\"og:locale\" content=\"fr_FR\" \/>\n<meta property=\"og:type\" content=\"article\" \/>\n<meta property=\"og:title\" content=\"Les installations - Ecuries de Riboulam\" \/>\n<meta property=\"og:description\" content=\"Les installations Salle de r\u00e9ception Nous disposons d&#039;une part d&#039;une salle de r\u00e9ception que nous louons pour toutes vos f\u00eates d&#039;anniversaire, bapt\u00eames, repas de famille, mariages, etc... Plus d&#039;informations concernant la salle sont disponibles sur cette page. P\u00f4le \u00e9questre Par ailleurs, nous am\u00e9liorons sans cesse les installations d\u00e9di\u00e9es \u00e0 l&#039;\u00e9quitation pour vous proposer toujours plus [&hellip;]\" \/>\n<meta property=\"og:url\" content=\"https:\/\/www.ecuriesderiboulam.com\/index.php\/ecole-dequitation\/les-installations\/\" \/>\n<meta property=\"og:site_name\" content=\"Ecuries de Riboulam\" \/>\n<meta property=\"article:publisher\" content=\"https:\/\/www.facebook.com\/EcuriesdeRiboulamChevauxetEvenements1976\/\" \/>\n<meta property=\"article:modified_time\" content=\"2021-11-04T15:00:43+00:00\" \/>\n<meta name=\"twitter:card\" content=\"summary_large_image\" \/>\n<meta name=\"twitter:label1\" content=\"Dur\u00e9e de lecture estim\u00e9e\" \/>\n\t<meta name=\"twitter:data1\" content=\"4 minutes\" \/>\n<script type=\"application\/ld+json\" class=\"yoast-schema-graph\">{\"@context\":\"https:\/\/schema.org\",\"@graph\":[{\"@type\":\"WebPage\",\"@id\":\"https:\/\/www.ecuriesderiboulam.com\/index.php\/ecole-dequitation\/les-installations\/\",\"url\":\"https:\/\/www.ecuriesderiboulam.com\/index.php\/ecole-dequitation\/les-installations\/\",\"name\":\"Les installations - Ecuries de Riboulam\",\"isPartOf\":{\"@id\":\"https:\/\/www.ecuriesderiboulam.com\/#website\"},\"datePublished\":\"2018-01-08T23:29:16+00:00\",\"dateModified\":\"2021-11-04T15:00:43+00:00\",\"breadcrumb\":{\"@id\":\"https:\/\/www.ecuriesderiboulam.com\/index.php\/ecole-dequitation\/les-installations\/#breadcrumb\"},\"inLanguage\":\"fr-FR\",\"potentialAction\":[{\"@type\":\"ReadAction\",\"target\":[\"https:\/\/www.ecuriesderiboulam.com\/index.php\/ecole-dequitation\/les-installations\/\"]}]},{\"@type\":\"BreadcrumbList\",\"@id\":\"https:\/\/www.ecuriesderiboulam.com\/index.php\/ecole-dequitation\/les-installations\/#breadcrumb\",\"itemListElement\":[{\"@type\":\"ListItem\",\"position\":1,\"name\":\"Home\",\"item\":\"https:\/\/www.ecuriesderiboulam.com\/\"},{\"@type\":\"ListItem\",\"position\":2,\"name\":\"Ecole d&rsquo;\u00e9quitation\",\"item\":\"https:\/\/www.ecuriesderiboulam.com\/index.php\/ecole-dequitation\/\"},{\"@type\":\"ListItem\",\"position\":3,\"name\":\"Les installations\"}]},{\"@type\":\"WebSite\",\"@id\":\"https:\/\/www.ecuriesderiboulam.com\/#website\",\"url\":\"https:\/\/www.ecuriesderiboulam.com\/\",\"name\":\"Ecuries de Riboulam\",\"description\":\"Le bonheur \u00e9questre en Provence\",\"publisher\":{\"@id\":\"https:\/\/www.ecuriesderiboulam.com\/#organization\"},\"potentialAction\":[{\"@type\":\"SearchAction\",\"target\":{\"@type\":\"EntryPoint\",\"urlTemplate\":\"https:\/\/www.ecuriesderiboulam.com\/?s={search_term_string}\"},\"query-input\":{\"@type\":\"PropertyValueSpecification\",\"valueRequired\":true,\"valueName\":\"search_term_string\"}}],\"inLanguage\":\"fr-FR\"},{\"@type\":\"Organization\",\"@id\":\"https:\/\/www.ecuriesderiboulam.com\/#organization\",\"name\":\"Ecuries de Riboulam\",\"url\":\"https:\/\/www.ecuriesderiboulam.com\/\",\"logo\":{\"@type\":\"ImageObject\",\"inLanguage\":\"fr-FR\",\"@id\":\"https:\/\/www.ecuriesderiboulam.com\/#\/schema\/logo\/image\/\",\"url\":\"https:\/\/www.ecuriesderiboulam.com\/wp-content\/uploads\/2018\/01\/Logo_noir.png\",\"contentUrl\":\"https:\/\/www.ecuriesderiboulam.com\/wp-content\/uploads\/2018\/01\/Logo_noir.png\",\"width\":852,\"height\":852,\"caption\":\"Ecuries de Riboulam\"},\"image\":{\"@id\":\"https:\/\/www.ecuriesderiboulam.com\/#\/schema\/logo\/image\/\"},\"sameAs\":[\"https:\/\/www.facebook.com\/EcuriesdeRiboulamChevauxetEvenements1976\/\"]}]}<\/script>\n<!-- \/ Yoast SEO plugin. -->","yoast_head_json":{"title":"Les installations - Ecuries de Riboulam","robots":{"index":"index","follow":"follow","max-snippet":"max-snippet:-1","max-image-preview":"max-image-preview:large","max-video-preview":"max-video-preview:-1"},"canonical":"https:\/\/www.ecuriesderiboulam.com\/index.php\/ecole-dequitation\/les-installations\/","og_locale":"fr_FR","og_type":"article","og_title":"Les installations - Ecuries de Riboulam","og_description":"Les installations Salle de r\u00e9ception Nous disposons d'une part d'une salle de r\u00e9ception que nous louons pour toutes vos f\u00eates d'anniversaire, bapt\u00eames, repas de famille, mariages, etc... Plus d'informations concernant la salle sont disponibles sur cette page. P\u00f4le \u00e9questre Par ailleurs, nous am\u00e9liorons sans cesse les installations d\u00e9di\u00e9es \u00e0 l'\u00e9quitation pour vous proposer toujours plus [&hellip;]","og_url":"https:\/\/www.ecuriesderiboulam.com\/index.php\/ecole-dequitation\/les-installations\/","og_site_name":"Ecuries de Riboulam","article_publisher":"https:\/\/www.facebook.com\/EcuriesdeRiboulamChevauxetEvenements1976\/","article_modified_time":"2021-11-04T15:00:43+00:00","twitter_card":"summary_large_image","twitter_misc":{"Dur\u00e9e de lecture estim\u00e9e":"4 minutes"},"schema":{"@context":"https:\/\/schema.org","@graph":[{"@type":"WebPage","@id":"https:\/\/www.ecuriesderiboulam.com\/index.php\/ecole-dequitation\/les-installations\/","url":"https:\/\/www.ecuriesderiboulam.com\/index.php\/ecole-dequitation\/les-installations\/","name":"Les installations - Ecuries de Riboulam","isPartOf":{"@id":"https:\/\/www.ecuriesderiboulam.com\/#website"},"datePublished":"2018-01-08T23:29:16+00:00","dateModified":"2021-11-04T15:00:43+00:00","breadcrumb":{"@id":"https:\/\/www.ecuriesderiboulam.com\/index.php\/ecole-dequitation\/les-installations\/#breadcrumb"},"inLanguage":"fr-FR","potentialAction":[{"@type":"ReadAction","target":["https:\/\/www.ecuriesderiboulam.com\/index.php\/ecole-dequitation\/les-installations\/"]}]},{"@type":"BreadcrumbList","@id":"https:\/\/www.ecuriesderiboulam.com\/index.php\/ecole-dequitation\/les-installations\/#breadcrumb","itemListElement":[{"@type":"ListItem","position":1,"name":"Home","item":"https:\/\/www.ecuriesderiboulam.com\/"},{"@type":"ListItem","position":2,"name":"Ecole d&rsquo;\u00e9quitation","item":"https:\/\/www.ecuriesderiboulam.com\/index.php\/ecole-dequitation\/"},{"@type":"ListItem","position":3,"name":"Les installations"}]},{"@type":"WebSite","@id":"https:\/\/www.ecuriesderiboulam.com\/#website","url":"https:\/\/www.ecuriesderiboulam.com\/","name":"Ecuries de Riboulam","description":"Le bonheur \u00e9questre en Provence","publisher":{"@id":"https:\/\/www.ecuriesderiboulam.com\/#organization"},"potentialAction":[{"@type":"SearchAction","target":{"@type":"EntryPoint","urlTemplate":"https:\/\/www.ecuriesderiboulam.com\/?s={search_term_string}"},"query-input":{"@type":"PropertyValueSpecification","valueRequired":true,"valueName":"search_term_string"}}],"inLanguage":"fr-FR"},{"@type":"Organization","@id":"https:\/\/www.ecuriesderiboulam.com\/#organization","name":"Ecuries de Riboulam","url":"https:\/\/www.ecuriesderiboulam.com\/","logo":{"@type":"ImageObject","inLanguage":"fr-FR","@id":"https:\/\/www.ecuriesderiboulam.com\/#\/schema\/logo\/image\/","url":"https:\/\/www.ecuriesderiboulam.com\/wp-content\/uploads\/2018\/01\/Logo_noir.png","contentUrl":"https:\/\/www.ecuriesderiboulam.com\/wp-content\/uploads\/2018\/01\/Logo_noir.png","width":852,"height":852,"caption":"Ecuries de Riboulam"},"image":{"@id":"https:\/\/www.ecuriesderiboulam.com\/#\/schema\/logo\/image\/"},"sameAs":["https:\/\/www.facebook.com\/EcuriesdeRiboulamChevauxetEvenements1976\/"]}]}},"_links":{"self":[{"href":"https:\/\/www.ecuriesderiboulam.com\/index.php\/wp-json\/wp\/v2\/pages\/450","targetHints":{"allow":["GET"]}}],"collection":[{"href":"https:\/\/www.ecuriesderiboulam.com\/index.php\/wp-json\/wp\/v2\/pages"}],"about":[{"href":"https:\/\/www.ecuriesderiboulam.com\/index.php\/wp-json\/wp\/v2\/types\/page"}],"author":[{"embeddable":true,"href":"https:\/\/www.ecuriesderiboulam.com\/index.php\/wp-json\/wp\/v2\/users\/1"}],"replies":[{"embeddable":true,"href":"https:\/\/www.ecuriesderiboulam.com\/index.php\/wp-json\/wp\/v2\/comments?post=450"}],"version-history":[{"count":20,"href":"https:\/\/www.ecuriesderiboulam.com\/index.php\/wp-json\/wp\/v2\/pages\/450\/revisions"}],"predecessor-version":[{"id":1655,"href":"https:\/\/www.ecuriesderiboulam.com\/index.php\/wp-json\/wp\/v2\/pages\/450\/revisions\/1655"}],"up":[{"embeddable":true,"href":"https:\/\/www.ecuriesderiboulam.com\/index.php\/wp-json\/wp\/v2\/pages\/366"}],"wp:attachment":[{"href":"https:\/\/www.ecuriesderiboulam.com\/index.php\/wp-json\/wp\/v2\/media?parent=450"}],"curies":[{"name":"wp","href":"https:\/\/api.w.org\/{rel}","templated":true}]}}