{"id":411,"date":"2018-01-08T23:13:33","date_gmt":"2018-01-08T23:13:33","guid":{"rendered":"http:\/\/www.ecuriesderiboulam.com\/?page_id=411"},"modified":"2018-02-17T18:50:33","modified_gmt":"2018-02-17T18:50:33","slug":"demi-pension","status":"publish","type":"page","link":"https:\/\/www.ecuriesderiboulam.com\/index.php\/pensions\/demi-pension\/","title":{"rendered":"Demi-pension"},"content":{"rendered":"<p>[et_pb_section fb_built=\u00a0\u00bb1&Prime; admin_label=\u00a0\u00bbsection\u00a0\u00bb _builder_version=\u00a0\u00bb3.0.101&Prime; background_color=\u00a0\u00bb#84866e\u00a0\u00bb][et_pb_row admin_label=\u00a0\u00bbrow\u00a0\u00bb _builder_version=\u00a0\u00bb3.0.47&Prime; background_size=\u00a0\u00bbinitial\u00a0\u00bb background_position=\u00a0\u00bbtop_left\u00a0\u00bb background_repeat=\u00a0\u00bbrepeat\u00a0\u00bb][et_pb_column type=\u00a0\u00bb4_4&Prime; _builder_version=\u00a0\u00bb3.0.47&Prime; parallax=\u00a0\u00bboff\u00a0\u00bb parallax_method=\u00a0\u00bbon\u00a0\u00bb][et_pb_text admin_label=\u00a0\u00bbText\u00a0\u00bb _builder_version=\u00a0\u00bb3.0.101&Prime; background_size=\u00a0\u00bbinitial\u00a0\u00bb background_position=\u00a0\u00bbtop_left\u00a0\u00bb background_repeat=\u00a0\u00bbrepeat\u00a0\u00bb]<\/p>\n<h2>\u00bd pension<\/h2>\n<p>Cette formule vous permet d\u2019acc\u00e9der aux premiers niveaux de comp\u00e9tition et d&rsquo;avoir un cheval presque \u00e0 vous. Dans ce mode de fonctionnement, le poney ou cheval de votre choix vous est attribu\u00e9 en priorit\u00e9 pour les cours et la pr\u00e9paration des comp\u00e9titions et c&rsquo;est avec lui que vous sortez ensuite en concours. Vous pouvez aussi venir le monter \u00e0 votre guise en dehors des cours et l&#8217;emmener en balade dans les magnifiques sentiers de Cornillon-Confoux. La relation privil\u00e9gi\u00e9e que vous d\u00e9veloppez permet d&rsquo;aller plus loin. Vous apprenez \u00e0 vous conna\u00eetre en d\u00e9tail et vous vous responsabilisez pour les soins, l&rsquo;alimentation et le d\u00e9veloppement de l&rsquo;\u00e9quid\u00e9.\u00a0<\/p>\n<p>L\u2019\u00e9quipe enseignante est \u00e0 votre \u00e9coute si vous \u00eates int\u00e9ress\u00e9s par une demi-pension. Forts d&rsquo;une longue exp\u00e9rience elle pourra vous aider \u00e0 trouver la bonne monture. Il est tout \u00e0 fait envisageable de faire venir un nouveau cheval ou poney sp\u00e9cialement pour cette occasion, et qui sait ? Vous pourriez y prendre go\u00fbt comme nombre de cavaliers avant vous et d\u00e9cider finalement de l&rsquo;acheter&#8230; en limitant fortement les risques parce que vous aurez eu tout le temps d&rsquo;apprendre \u00e0 vous conna\u00eetre.<\/p>\n<p>Diff\u00e9rentes formules de demi-pension avec des forfaits de cours sont propos\u00e9es, le mieux est d&rsquo;en parler avec les moniteurs.\u00a0<\/p>\n<p>[\/et_pb_text][\/et_pb_column][\/et_pb_row][\/et_pb_section]<\/p>\n","protected":false},"excerpt":{"rendered":"<p>\u00bd pension Cette formule vous permet d\u2019acc\u00e9der aux premiers niveaux de comp\u00e9tition et d&rsquo;avoir un cheval presque \u00e0 vous. Dans ce mode de fonctionnement, le poney ou cheval de votre choix vous est attribu\u00e9 en priorit\u00e9 pour les cours et la pr\u00e9paration des comp\u00e9titions et c&rsquo;est avec lui que vous sortez ensuite en concours. Vous [&hellip;]<\/p>\n","protected":false},"author":1,"featured_media":0,"parent":373,"menu_order":0,"comment_status":"closed","ping_status":"closed","template":"","meta":{"_et_pb_use_builder":"on","_et_pb_old_content":"","_et_gb_content_width":"","_exactmetrics_skip_tracking":false,"_exactmetrics_sitenote_active":false,"_exactmetrics_sitenote_note":"","_exactmetrics_sitenote_category":0,"footnotes":""},"class_list":["post-411","page","type-page","status-publish","hentry"],"yoast_head":"<!-- This site is optimized with the Yoast SEO plugin v24.3 - https:\/\/yoast.com\/wordpress\/plugins\/seo\/ -->\n<title>Demi-pension - Ecuries de Riboulam<\/title>\n<meta name=\"robots\" content=\"index, follow, max-snippet:-1, max-image-preview:large, max-video-preview:-1\" \/>\n<link rel=\"canonical\" href=\"https:\/\/www.ecuriesderiboulam.com\/index.php\/pensions\/demi-pension\/\" \/>\n<meta property=\"og:locale\" content=\"fr_FR\" \/>\n<meta property=\"og:type\" content=\"article\" \/>\n<meta property=\"og:title\" content=\"Demi-pension - Ecuries de Riboulam\" \/>\n<meta property=\"og:description\" content=\"\u00bd pension Cette formule vous permet d\u2019acc\u00e9der aux premiers niveaux de comp\u00e9tition et d&#039;avoir un cheval presque \u00e0 vous. Dans ce mode de fonctionnement, le poney ou cheval de votre choix vous est attribu\u00e9 en priorit\u00e9 pour les cours et la pr\u00e9paration des comp\u00e9titions et c&#039;est avec lui que vous sortez ensuite en concours. Vous [&hellip;]\" \/>\n<meta property=\"og:url\" content=\"https:\/\/www.ecuriesderiboulam.com\/index.php\/pensions\/demi-pension\/\" \/>\n<meta property=\"og:site_name\" content=\"Ecuries de Riboulam\" \/>\n<meta property=\"article:publisher\" content=\"https:\/\/www.facebook.com\/EcuriesdeRiboulamChevauxetEvenements1976\/\" \/>\n<meta property=\"article:modified_time\" content=\"2018-02-17T18:50:33+00:00\" \/>\n<meta name=\"twitter:card\" content=\"summary_large_image\" \/>\n<meta name=\"twitter:label1\" content=\"Dur\u00e9e de lecture estim\u00e9e\" \/>\n\t<meta name=\"twitter:data1\" content=\"1 minute\" \/>\n<script type=\"application\/ld+json\" class=\"yoast-schema-graph\">{\"@context\":\"https:\/\/schema.org\",\"@graph\":[{\"@type\":\"WebPage\",\"@id\":\"https:\/\/www.ecuriesderiboulam.com\/index.php\/pensions\/demi-pension\/\",\"url\":\"https:\/\/www.ecuriesderiboulam.com\/index.php\/pensions\/demi-pension\/\",\"name\":\"Demi-pension - Ecuries de Riboulam\",\"isPartOf\":{\"@id\":\"https:\/\/www.ecuriesderiboulam.com\/#website\"},\"datePublished\":\"2018-01-08T23:13:33+00:00\",\"dateModified\":\"2018-02-17T18:50:33+00:00\",\"breadcrumb\":{\"@id\":\"https:\/\/www.ecuriesderiboulam.com\/index.php\/pensions\/demi-pension\/#breadcrumb\"},\"inLanguage\":\"fr-FR\",\"potentialAction\":[{\"@type\":\"ReadAction\",\"target\":[\"https:\/\/www.ecuriesderiboulam.com\/index.php\/pensions\/demi-pension\/\"]}]},{\"@type\":\"BreadcrumbList\",\"@id\":\"https:\/\/www.ecuriesderiboulam.com\/index.php\/pensions\/demi-pension\/#breadcrumb\",\"itemListElement\":[{\"@type\":\"ListItem\",\"position\":1,\"name\":\"Home\",\"item\":\"https:\/\/www.ecuriesderiboulam.com\/\"},{\"@type\":\"ListItem\",\"position\":2,\"name\":\"Pensions\",\"item\":\"https:\/\/www.ecuriesderiboulam.com\/index.php\/pensions\/\"},{\"@type\":\"ListItem\",\"position\":3,\"name\":\"Demi-pension\"}]},{\"@type\":\"WebSite\",\"@id\":\"https:\/\/www.ecuriesderiboulam.com\/#website\",\"url\":\"https:\/\/www.ecuriesderiboulam.com\/\",\"name\":\"Ecuries de Riboulam\",\"description\":\"Le bonheur \u00e9questre en Provence\",\"publisher\":{\"@id\":\"https:\/\/www.ecuriesderiboulam.com\/#organization\"},\"potentialAction\":[{\"@type\":\"SearchAction\",\"target\":{\"@type\":\"EntryPoint\",\"urlTemplate\":\"https:\/\/www.ecuriesderiboulam.com\/?s={search_term_string}\"},\"query-input\":{\"@type\":\"PropertyValueSpecification\",\"valueRequired\":true,\"valueName\":\"search_term_string\"}}],\"inLanguage\":\"fr-FR\"},{\"@type\":\"Organization\",\"@id\":\"https:\/\/www.ecuriesderiboulam.com\/#organization\",\"name\":\"Ecuries de Riboulam\",\"url\":\"https:\/\/www.ecuriesderiboulam.com\/\",\"logo\":{\"@type\":\"ImageObject\",\"inLanguage\":\"fr-FR\",\"@id\":\"https:\/\/www.ecuriesderiboulam.com\/#\/schema\/logo\/image\/\",\"url\":\"https:\/\/www.ecuriesderiboulam.com\/wp-content\/uploads\/2018\/01\/Logo_noir.png\",\"contentUrl\":\"https:\/\/www.ecuriesderiboulam.com\/wp-content\/uploads\/2018\/01\/Logo_noir.png\",\"width\":852,\"height\":852,\"caption\":\"Ecuries de Riboulam\"},\"image\":{\"@id\":\"https:\/\/www.ecuriesderiboulam.com\/#\/schema\/logo\/image\/\"},\"sameAs\":[\"https:\/\/www.facebook.com\/EcuriesdeRiboulamChevauxetEvenements1976\/\"]}]}<\/script>\n<!-- \/ Yoast SEO plugin. -->","yoast_head_json":{"title":"Demi-pension - Ecuries de Riboulam","robots":{"index":"index","follow":"follow","max-snippet":"max-snippet:-1","max-image-preview":"max-image-preview:large","max-video-preview":"max-video-preview:-1"},"canonical":"https:\/\/www.ecuriesderiboulam.com\/index.php\/pensions\/demi-pension\/","og_locale":"fr_FR","og_type":"article","og_title":"Demi-pension - Ecuries de Riboulam","og_description":"\u00bd pension Cette formule vous permet d\u2019acc\u00e9der aux premiers niveaux de comp\u00e9tition et d'avoir un cheval presque \u00e0 vous. Dans ce mode de fonctionnement, le poney ou cheval de votre choix vous est attribu\u00e9 en priorit\u00e9 pour les cours et la pr\u00e9paration des comp\u00e9titions et c'est avec lui que vous sortez ensuite en concours. Vous [&hellip;]","og_url":"https:\/\/www.ecuriesderiboulam.com\/index.php\/pensions\/demi-pension\/","og_site_name":"Ecuries de Riboulam","article_publisher":"https:\/\/www.facebook.com\/EcuriesdeRiboulamChevauxetEvenements1976\/","article_modified_time":"2018-02-17T18:50:33+00:00","twitter_card":"summary_large_image","twitter_misc":{"Dur\u00e9e de lecture estim\u00e9e":"1 minute"},"schema":{"@context":"https:\/\/schema.org","@graph":[{"@type":"WebPage","@id":"https:\/\/www.ecuriesderiboulam.com\/index.php\/pensions\/demi-pension\/","url":"https:\/\/www.ecuriesderiboulam.com\/index.php\/pensions\/demi-pension\/","name":"Demi-pension - Ecuries de Riboulam","isPartOf":{"@id":"https:\/\/www.ecuriesderiboulam.com\/#website"},"datePublished":"2018-01-08T23:13:33+00:00","dateModified":"2018-02-17T18:50:33+00:00","breadcrumb":{"@id":"https:\/\/www.ecuriesderiboulam.com\/index.php\/pensions\/demi-pension\/#breadcrumb"},"inLanguage":"fr-FR","potentialAction":[{"@type":"ReadAction","target":["https:\/\/www.ecuriesderiboulam.com\/index.php\/pensions\/demi-pension\/"]}]},{"@type":"BreadcrumbList","@id":"https:\/\/www.ecuriesderiboulam.com\/index.php\/pensions\/demi-pension\/#breadcrumb","itemListElement":[{"@type":"ListItem","position":1,"name":"Home","item":"https:\/\/www.ecuriesderiboulam.com\/"},{"@type":"ListItem","position":2,"name":"Pensions","item":"https:\/\/www.ecuriesderiboulam.com\/index.php\/pensions\/"},{"@type":"ListItem","position":3,"name":"Demi-pension"}]},{"@type":"WebSite","@id":"https:\/\/www.ecuriesderiboulam.com\/#website","url":"https:\/\/www.ecuriesderiboulam.com\/","name":"Ecuries de Riboulam","description":"Le bonheur \u00e9questre en Provence","publisher":{"@id":"https:\/\/www.ecuriesderiboulam.com\/#organization"},"potentialAction":[{"@type":"SearchAction","target":{"@type":"EntryPoint","urlTemplate":"https:\/\/www.ecuriesderiboulam.com\/?s={search_term_string}"},"query-input":{"@type":"PropertyValueSpecification","valueRequired":true,"valueName":"search_term_string"}}],"inLanguage":"fr-FR"},{"@type":"Organization","@id":"https:\/\/www.ecuriesderiboulam.com\/#organization","name":"Ecuries de Riboulam","url":"https:\/\/www.ecuriesderiboulam.com\/","logo":{"@type":"ImageObject","inLanguage":"fr-FR","@id":"https:\/\/www.ecuriesderiboulam.com\/#\/schema\/logo\/image\/","url":"https:\/\/www.ecuriesderiboulam.com\/wp-content\/uploads\/2018\/01\/Logo_noir.png","contentUrl":"https:\/\/www.ecuriesderiboulam.com\/wp-content\/uploads\/2018\/01\/Logo_noir.png","width":852,"height":852,"caption":"Ecuries de Riboulam"},"image":{"@id":"https:\/\/www.ecuriesderiboulam.com\/#\/schema\/logo\/image\/"},"sameAs":["https:\/\/www.facebook.com\/EcuriesdeRiboulamChevauxetEvenements1976\/"]}]}},"_links":{"self":[{"href":"https:\/\/www.ecuriesderiboulam.com\/index.php\/wp-json\/wp\/v2\/pages\/411","targetHints":{"allow":["GET"]}}],"collection":[{"href":"https:\/\/www.ecuriesderiboulam.com\/index.php\/wp-json\/wp\/v2\/pages"}],"about":[{"href":"https:\/\/www.ecuriesderiboulam.com\/index.php\/wp-json\/wp\/v2\/types\/page"}],"author":[{"embeddable":true,"href":"https:\/\/www.ecuriesderiboulam.com\/index.php\/wp-json\/wp\/v2\/users\/1"}],"replies":[{"embeddable":true,"href":"https:\/\/www.ecuriesderiboulam.com\/index.php\/wp-json\/wp\/v2\/comments?post=411"}],"version-history":[{"count":4,"href":"https:\/\/www.ecuriesderiboulam.com\/index.php\/wp-json\/wp\/v2\/pages\/411\/revisions"}],"predecessor-version":[{"id":746,"href":"https:\/\/www.ecuriesderiboulam.com\/index.php\/wp-json\/wp\/v2\/pages\/411\/revisions\/746"}],"up":[{"embeddable":true,"href":"https:\/\/www.ecuriesderiboulam.com\/index.php\/wp-json\/wp\/v2\/pages\/373"}],"wp:attachment":[{"href":"https:\/\/www.ecuriesderiboulam.com\/index.php\/wp-json\/wp\/v2\/media?parent=411"}],"curies":[{"name":"wp","href":"https:\/\/api.w.org\/{rel}","templated":true}]}}