{"id":405,"date":"2018-01-08T23:12:14","date_gmt":"2018-01-08T23:12:14","guid":{"rendered":"http:\/\/www.ecuriesderiboulam.com\/?page_id=405"},"modified":"2023-10-27T11:55:58","modified_gmt":"2023-10-27T09:55:58","slug":"tarifs-des-cours","status":"publish","type":"page","link":"https:\/\/www.ecuriesderiboulam.com\/index.php\/ecole-dequitation\/tarifs-des-cours\/","title":{"rendered":"Tarifs des cours"},"content":{"rendered":"<p>[et_pb_section fb_built=\u00a0\u00bb1&Prime; admin_label=\u00a0\u00bbsection\u00a0\u00bb _builder_version=\u00a0\u00bb4.15&Prime; background_color=\u00a0\u00bb#84866e\u00a0\u00bb global_colors_info=\u00a0\u00bb{}\u00a0\u00bb][et_pb_row admin_label=\u00a0\u00bbrow\u00a0\u00bb _builder_version=\u00a0\u00bb4.15&Prime; background_size=\u00a0\u00bbinitial\u00a0\u00bb background_position=\u00a0\u00bbtop_left\u00a0\u00bb background_repeat=\u00a0\u00bbrepeat\u00a0\u00bb custom_margin=\u00a0\u00bb|180px||auto||\u00a0\u00bb hover_enabled=\u00a0\u00bb0&Prime; global_colors_info=\u00a0\u00bb{}\u00a0\u00bb sticky_enabled=\u00a0\u00bb0&Prime;][et_pb_column type=\u00a0\u00bb4_4&Prime; _builder_version=\u00a0\u00bb4.15&Prime; custom_padding=\u00a0\u00bb|||\u00a0\u00bb global_colors_info=\u00a0\u00bb{}\u00a0\u00bb custom_padding__hover=\u00a0\u00bb|||\u00a0\u00bb][et_pb_text admin_label=\u00a0\u00bbText\u00a0\u00bb _builder_version=\u00a0\u00bb4.15.1&Prime; background_size=\u00a0\u00bbinitial\u00a0\u00bb background_position=\u00a0\u00bbtop_left\u00a0\u00bb background_repeat=\u00a0\u00bbrepeat\u00a0\u00bb hover_enabled=\u00a0\u00bb0&Prime; global_colors_info=\u00a0\u00bb{}\u00a0\u00bb sticky_enabled=\u00a0\u00bb0&Prime;]<\/p>\n<p>Nous proposons de nombreuses options tarifaires pour s&rsquo;adapter au mieux \u00e0 toutes les situations. Voici quelques exemples de nos tarifs pour les cavaliers occasionnels ou r\u00e9guliers, mais nous proposons plus d&rsquo;une quinzaine d&rsquo;options : n&rsquo;h\u00e9sitez pas \u00e0 nous demander des conseils !<\/p>\n<p>[\/et_pb_text][\/et_pb_column][\/et_pb_row][et_pb_row _builder_version=\u00a0\u00bb4.15&Prime; global_colors_info=\u00a0\u00bb{}\u00a0\u00bb min_height=\u00a0\u00bb670.7px\u00a0\u00bb][et_pb_column type=\u00a0\u00bb4_4&Prime; _builder_version=\u00a0\u00bb4.15&Prime; custom_padding=\u00a0\u00bb|||\u00a0\u00bb global_colors_info=\u00a0\u00bb{}\u00a0\u00bb custom_padding__hover=\u00a0\u00bb|||\u00a0\u00bb][et_pb_text _builder_version=\u00a0\u00bb4.15.1&Prime; custom_margin=\u00a0\u00bb-25px||-39px|||\u00a0\u00bb hover_enabled=\u00a0\u00bb0&Prime; global_colors_info=\u00a0\u00bb{}\u00a0\u00bb custom_padding=\u00a0\u00bb23px|||||\u00a0\u00bb sticky_enabled=\u00a0\u00bb0&Prime; min_height=\u00a0\u00bb242.4px\u00a0\u00bb]<\/p>\n<h2><strong>Cavaliers r\u00e9guliers<\/strong><\/h2>\n<p>Nous vous proposons diff\u00e9rents forfaits annuels :<\/p>\n<ul>\n<li>Mini<\/li>\n<li>Junior<\/li>\n<li>Adulte<\/li>\n<\/ul>\n<p>\u00e0 partir de 760\u20ac pour 1h par semaine (hors vacances scolaires).<\/p>\n<p>N&rsquo;h\u00e9sitez pas \u00e0 nous contacter par mail ou directement sur place pour avoir des renseignements et trouver la formule adapt\u00e9e.<\/p>\n<p>&nbsp;<\/p>\n<p>[\/et_pb_text][et_pb_text _builder_version=\u00a0\u00bb4.15.1&Prime; hover_enabled=\u00a0\u00bb0&Prime; global_colors_info=\u00a0\u00bb{}\u00a0\u00bb min_height=\u00a0\u00bb171.4px\u00a0\u00bb custom_margin=\u00a0\u00bb||-56px|||\u00a0\u00bb sticky_enabled=\u00a0\u00bb0&Prime; custom_padding=\u00a0\u00bb||0px|||\u00a0\u00bb]<\/p>\n<p>&nbsp;<\/p>\n<p>&nbsp;<\/p>\n<h2><strong>Cavaliers occasionnels \/ d\u00e9couverte<\/strong><\/h2>\n<p>[\/et_pb_text][et_pb_pricing_tables featured_table_background_color=\u00a0\u00bb#e1eaad\u00a0\u00bb header_background_color=\u00a0\u00bb#55574c\u00a0\u00bb featured_table_text_color=\u00a0\u00bb#565656&Prime; bullet_color=\u00a0\u00bb#55574c\u00a0\u00bb _builder_version=\u00a0\u00bb4.15.1&Prime; currency_frequency_text_color=\u00a0\u00bb#55574c\u00a0\u00bb subheader_text_color=\u00a0\u00bb#e6ebd1&Prime; body_text_color=\u00a0\u00bb#55574c\u00a0\u00bb header_text_color=\u00a0\u00bb#e6ebd1&Prime; header_font=\u00a0\u00bb||||||||\u00a0\u00bb header_font_size=\u00a0\u00bb15px\u00a0\u00bb body_font=\u00a0\u00bb||||||||\u00a0\u00bb subheader_font=\u00a0\u00bb||||||||\u00a0\u00bb subheader_font_size=\u00a0\u00bb14px\u00a0\u00bb price_font=\u00a0\u00bb||||||||\u00a0\u00bb price_font_size=\u00a0\u00bb50px\u00a0\u00bb currency_frequency_font=\u00a0\u00bb||||||||\u00a0\u00bb background_color=\u00a0\u00bb#e1eaad\u00a0\u00bb border_color_all=\u00a0\u00bb#55574c\u00a0\u00bb global_colors_info=\u00a0\u00bb{}\u00a0\u00bb button_text_size__hover_enabled=\u00a0\u00bboff\u00a0\u00bb button_one_text_size__hover_enabled=\u00a0\u00bboff\u00a0\u00bb button_two_text_size__hover_enabled=\u00a0\u00bboff\u00a0\u00bb button_text_color__hover_enabled=\u00a0\u00bboff\u00a0\u00bb button_one_text_color__hover_enabled=\u00a0\u00bboff\u00a0\u00bb button_two_text_color__hover_enabled=\u00a0\u00bboff\u00a0\u00bb button_border_width__hover_enabled=\u00a0\u00bboff\u00a0\u00bb button_one_border_width__hover_enabled=\u00a0\u00bboff\u00a0\u00bb button_two_border_width__hover_enabled=\u00a0\u00bboff\u00a0\u00bb button_border_color__hover_enabled=\u00a0\u00bboff\u00a0\u00bb button_one_border_color__hover_enabled=\u00a0\u00bboff\u00a0\u00bb button_two_border_color__hover_enabled=\u00a0\u00bboff\u00a0\u00bb button_border_radius__hover_enabled=\u00a0\u00bboff\u00a0\u00bb button_one_border_radius__hover_enabled=\u00a0\u00bboff\u00a0\u00bb button_two_border_radius__hover_enabled=\u00a0\u00bboff\u00a0\u00bb button_letter_spacing__hover_enabled=\u00a0\u00bboff\u00a0\u00bb button_one_letter_spacing__hover_enabled=\u00a0\u00bboff\u00a0\u00bb button_two_letter_spacing__hover_enabled=\u00a0\u00bboff\u00a0\u00bb button_bg_color__hover_enabled=\u00a0\u00bboff\u00a0\u00bb button_one_bg_color__hover_enabled=\u00a0\u00bboff\u00a0\u00bb button_two_bg_color__hover_enabled=\u00a0\u00bboff\u00a0\u00bb min_height=\u00a0\u00bb368.9px\u00a0\u00bb][et_pb_pricing_table title=\u00a0\u00bbEssai collectif\u00a0\u00bb subtitle=\u00a0\u00bb1h\u00a0\u00bb sum=\u00a0\u00bb25 \u20ac\u00a0\u00bb _builder_version=\u00a0\u00bb4.15.1&Prime; header_font=\u00a0\u00bb||||||||\u00a0\u00bb body_font=\u00a0\u00bb||||||||\u00a0\u00bb subheader_font=\u00a0\u00bb||||||||\u00a0\u00bb price_font=\u00a0\u00bb||||||||\u00a0\u00bb currency_frequency_font=\u00a0\u00bb||||||||\u00a0\u00bb custom_padding=\u00a0\u00bb|||\u00a0\u00bb border_width_all=\u00a0\u00bb10px\u00a0\u00bb border_color_all=\u00a0\u00bb#84866e\u00a0\u00bb global_colors_info=\u00a0\u00bb{}\u00a0\u00bb button_text_size__hover_enabled=\u00a0\u00bboff\u00a0\u00bb button_one_text_size__hover_enabled=\u00a0\u00bboff\u00a0\u00bb button_two_text_size__hover_enabled=\u00a0\u00bboff\u00a0\u00bb button_text_color__hover_enabled=\u00a0\u00bboff\u00a0\u00bb button_one_text_color__hover_enabled=\u00a0\u00bboff\u00a0\u00bb button_two_text_color__hover_enabled=\u00a0\u00bboff\u00a0\u00bb button_border_width__hover_enabled=\u00a0\u00bboff\u00a0\u00bb button_one_border_width__hover_enabled=\u00a0\u00bboff\u00a0\u00bb button_two_border_width__hover_enabled=\u00a0\u00bboff\u00a0\u00bb button_border_color__hover_enabled=\u00a0\u00bboff\u00a0\u00bb button_one_border_color__hover_enabled=\u00a0\u00bboff\u00a0\u00bb button_two_border_color__hover_enabled=\u00a0\u00bboff\u00a0\u00bb button_border_radius__hover_enabled=\u00a0\u00bboff\u00a0\u00bb button_one_border_radius__hover_enabled=\u00a0\u00bboff\u00a0\u00bb button_two_border_radius__hover_enabled=\u00a0\u00bboff\u00a0\u00bb button_letter_spacing__hover_enabled=\u00a0\u00bboff\u00a0\u00bb button_one_letter_spacing__hover_enabled=\u00a0\u00bboff\u00a0\u00bb button_two_letter_spacing__hover_enabled=\u00a0\u00bboff\u00a0\u00bb button_bg_color__hover_enabled=\u00a0\u00bboff\u00a0\u00bb button_one_bg_color__hover_enabled=\u00a0\u00bboff\u00a0\u00bb button_two_bg_color__hover_enabled=\u00a0\u00bboff\u00a0\u00bb sticky_transition=\u00a0\u00bbon\u00a0\u00bb]<\/p>\n<p>Essai en cours collectif<\/p>\n<p>Applicable toute l&rsquo;ann\u00e9e pour les nouveaux cavaliers<\/p>\n<p>[\/et_pb_pricing_table][et_pb_pricing_table title=\u00a0\u00bbPromenade en main\u00a0\u00bb subtitle=\u00a0\u00bb30 minutes\u00a0\u00bb sum=\u00a0\u00bb15 \u20ac\u00a0\u00bb _builder_version=\u00a0\u00bb4.15.1&Prime; header_font=\u00a0\u00bb||||||||\u00a0\u00bb body_font=\u00a0\u00bb||||||||\u00a0\u00bb subheader_font=\u00a0\u00bb||||||||\u00a0\u00bb price_font=\u00a0\u00bb||||||||\u00a0\u00bb currency_frequency_font=\u00a0\u00bb||||||||\u00a0\u00bb currency_frequency_font_size=\u00a0\u00bb40px\u00a0\u00bb border_width_all=\u00a0\u00bb10px\u00a0\u00bb border_color_all=\u00a0\u00bb#84866e\u00a0\u00bb global_colors_info=\u00a0\u00bb{}\u00a0\u00bb button_text_size__hover_enabled=\u00a0\u00bboff\u00a0\u00bb button_one_text_size__hover_enabled=\u00a0\u00bboff\u00a0\u00bb button_two_text_size__hover_enabled=\u00a0\u00bboff\u00a0\u00bb button_text_color__hover_enabled=\u00a0\u00bboff\u00a0\u00bb button_one_text_color__hover_enabled=\u00a0\u00bboff\u00a0\u00bb button_two_text_color__hover_enabled=\u00a0\u00bboff\u00a0\u00bb button_border_width__hover_enabled=\u00a0\u00bboff\u00a0\u00bb button_one_border_width__hover_enabled=\u00a0\u00bboff\u00a0\u00bb button_two_border_width__hover_enabled=\u00a0\u00bboff\u00a0\u00bb button_border_color__hover_enabled=\u00a0\u00bboff\u00a0\u00bb button_one_border_color__hover_enabled=\u00a0\u00bboff\u00a0\u00bb button_two_border_color__hover_enabled=\u00a0\u00bboff\u00a0\u00bb button_border_radius__hover_enabled=\u00a0\u00bboff\u00a0\u00bb button_one_border_radius__hover_enabled=\u00a0\u00bboff\u00a0\u00bb button_two_border_radius__hover_enabled=\u00a0\u00bboff\u00a0\u00bb button_letter_spacing__hover_enabled=\u00a0\u00bboff\u00a0\u00bb button_one_letter_spacing__hover_enabled=\u00a0\u00bboff\u00a0\u00bb button_two_letter_spacing__hover_enabled=\u00a0\u00bboff\u00a0\u00bb button_bg_color__hover_enabled=\u00a0\u00bboff\u00a0\u00bb button_one_bg_color__hover_enabled=\u00a0\u00bboff\u00a0\u00bb button_two_bg_color__hover_enabled=\u00a0\u00bboff\u00a0\u00bb sticky_transition=\u00a0\u00bbon\u00a0\u00bb]<\/p>\n<p>Accompagnement par la famille<\/p>\n<p>D\u00e9couverte du site des \u00e9curies<\/p>\n<p>[\/et_pb_pricing_table][\/et_pb_pricing_tables][\/et_pb_column][\/et_pb_row][\/et_pb_section]<\/p>\n","protected":false},"excerpt":{"rendered":"<p>Nous proposons de nombreuses options tarifaires pour s&rsquo;adapter au mieux \u00e0 toutes les situations. Voici quelques exemples de nos tarifs pour les cavaliers occasionnels ou r\u00e9guliers, mais nous proposons plus d&rsquo;une quinzaine d&rsquo;options : n&rsquo;h\u00e9sitez pas \u00e0 nous demander des conseils !Cavaliers r\u00e9guliers Nous vous proposons diff\u00e9rents forfaits annuels : Mini Junior Adulte \u00e0 partir [&hellip;]<\/p>\n","protected":false},"author":1,"featured_media":0,"parent":366,"menu_order":0,"comment_status":"closed","ping_status":"closed","template":"","meta":{"_et_pb_use_builder":"on","_et_pb_old_content":"","_et_gb_content_width":"","_exactmetrics_skip_tracking":false,"_exactmetrics_sitenote_active":false,"_exactmetrics_sitenote_note":"","_exactmetrics_sitenote_category":0,"footnotes":""},"class_list":["post-405","page","type-page","status-publish","hentry"],"yoast_head":"<!-- This site is optimized with the Yoast SEO plugin v24.3 - https:\/\/yoast.com\/wordpress\/plugins\/seo\/ -->\n<title>Tarifs des cours - Ecuries de Riboulam<\/title>\n<meta name=\"robots\" content=\"index, follow, max-snippet:-1, max-image-preview:large, max-video-preview:-1\" \/>\n<link rel=\"canonical\" href=\"https:\/\/www.ecuriesderiboulam.com\/index.php\/ecole-dequitation\/tarifs-des-cours\/\" \/>\n<meta property=\"og:locale\" content=\"fr_FR\" \/>\n<meta property=\"og:type\" content=\"article\" \/>\n<meta property=\"og:title\" content=\"Tarifs des cours - Ecuries de Riboulam\" \/>\n<meta property=\"og:description\" content=\"Nous proposons de nombreuses options tarifaires pour s&#039;adapter au mieux \u00e0 toutes les situations. Voici quelques exemples de nos tarifs pour les cavaliers occasionnels ou r\u00e9guliers, mais nous proposons plus d&#039;une quinzaine d&#039;options : n&#039;h\u00e9sitez pas \u00e0 nous demander des conseils !Cavaliers r\u00e9guliers Nous vous proposons diff\u00e9rents forfaits annuels : Mini Junior Adulte \u00e0 partir [&hellip;]\" \/>\n<meta property=\"og:url\" content=\"https:\/\/www.ecuriesderiboulam.com\/index.php\/ecole-dequitation\/tarifs-des-cours\/\" \/>\n<meta property=\"og:site_name\" content=\"Ecuries de Riboulam\" \/>\n<meta property=\"article:publisher\" content=\"https:\/\/www.facebook.com\/EcuriesdeRiboulamChevauxetEvenements1976\/\" \/>\n<meta property=\"article:modified_time\" content=\"2023-10-27T09:55:58+00:00\" \/>\n<meta name=\"twitter:card\" content=\"summary_large_image\" \/>\n<meta name=\"twitter:label1\" content=\"Dur\u00e9e de lecture estim\u00e9e\" \/>\n\t<meta name=\"twitter:data1\" content=\"4 minutes\" \/>\n<script type=\"application\/ld+json\" class=\"yoast-schema-graph\">{\"@context\":\"https:\/\/schema.org\",\"@graph\":[{\"@type\":\"WebPage\",\"@id\":\"https:\/\/www.ecuriesderiboulam.com\/index.php\/ecole-dequitation\/tarifs-des-cours\/\",\"url\":\"https:\/\/www.ecuriesderiboulam.com\/index.php\/ecole-dequitation\/tarifs-des-cours\/\",\"name\":\"Tarifs des cours - Ecuries de Riboulam\",\"isPartOf\":{\"@id\":\"https:\/\/www.ecuriesderiboulam.com\/#website\"},\"datePublished\":\"2018-01-08T23:12:14+00:00\",\"dateModified\":\"2023-10-27T09:55:58+00:00\",\"breadcrumb\":{\"@id\":\"https:\/\/www.ecuriesderiboulam.com\/index.php\/ecole-dequitation\/tarifs-des-cours\/#breadcrumb\"},\"inLanguage\":\"fr-FR\",\"potentialAction\":[{\"@type\":\"ReadAction\",\"target\":[\"https:\/\/www.ecuriesderiboulam.com\/index.php\/ecole-dequitation\/tarifs-des-cours\/\"]}]},{\"@type\":\"BreadcrumbList\",\"@id\":\"https:\/\/www.ecuriesderiboulam.com\/index.php\/ecole-dequitation\/tarifs-des-cours\/#breadcrumb\",\"itemListElement\":[{\"@type\":\"ListItem\",\"position\":1,\"name\":\"Home\",\"item\":\"https:\/\/www.ecuriesderiboulam.com\/\"},{\"@type\":\"ListItem\",\"position\":2,\"name\":\"Ecole d&rsquo;\u00e9quitation\",\"item\":\"https:\/\/www.ecuriesderiboulam.com\/index.php\/ecole-dequitation\/\"},{\"@type\":\"ListItem\",\"position\":3,\"name\":\"Tarifs des cours\"}]},{\"@type\":\"WebSite\",\"@id\":\"https:\/\/www.ecuriesderiboulam.com\/#website\",\"url\":\"https:\/\/www.ecuriesderiboulam.com\/\",\"name\":\"Ecuries de Riboulam\",\"description\":\"Le bonheur \u00e9questre en Provence\",\"publisher\":{\"@id\":\"https:\/\/www.ecuriesderiboulam.com\/#organization\"},\"potentialAction\":[{\"@type\":\"SearchAction\",\"target\":{\"@type\":\"EntryPoint\",\"urlTemplate\":\"https:\/\/www.ecuriesderiboulam.com\/?s={search_term_string}\"},\"query-input\":{\"@type\":\"PropertyValueSpecification\",\"valueRequired\":true,\"valueName\":\"search_term_string\"}}],\"inLanguage\":\"fr-FR\"},{\"@type\":\"Organization\",\"@id\":\"https:\/\/www.ecuriesderiboulam.com\/#organization\",\"name\":\"Ecuries de Riboulam\",\"url\":\"https:\/\/www.ecuriesderiboulam.com\/\",\"logo\":{\"@type\":\"ImageObject\",\"inLanguage\":\"fr-FR\",\"@id\":\"https:\/\/www.ecuriesderiboulam.com\/#\/schema\/logo\/image\/\",\"url\":\"https:\/\/www.ecuriesderiboulam.com\/wp-content\/uploads\/2018\/01\/Logo_noir.png\",\"contentUrl\":\"https:\/\/www.ecuriesderiboulam.com\/wp-content\/uploads\/2018\/01\/Logo_noir.png\",\"width\":852,\"height\":852,\"caption\":\"Ecuries de Riboulam\"},\"image\":{\"@id\":\"https:\/\/www.ecuriesderiboulam.com\/#\/schema\/logo\/image\/\"},\"sameAs\":[\"https:\/\/www.facebook.com\/EcuriesdeRiboulamChevauxetEvenements1976\/\"]}]}<\/script>\n<!-- \/ Yoast SEO plugin. -->","yoast_head_json":{"title":"Tarifs des cours - Ecuries de Riboulam","robots":{"index":"index","follow":"follow","max-snippet":"max-snippet:-1","max-image-preview":"max-image-preview:large","max-video-preview":"max-video-preview:-1"},"canonical":"https:\/\/www.ecuriesderiboulam.com\/index.php\/ecole-dequitation\/tarifs-des-cours\/","og_locale":"fr_FR","og_type":"article","og_title":"Tarifs des cours - Ecuries de Riboulam","og_description":"Nous proposons de nombreuses options tarifaires pour s'adapter au mieux \u00e0 toutes les situations. Voici quelques exemples de nos tarifs pour les cavaliers occasionnels ou r\u00e9guliers, mais nous proposons plus d'une quinzaine d'options : n'h\u00e9sitez pas \u00e0 nous demander des conseils !Cavaliers r\u00e9guliers Nous vous proposons diff\u00e9rents forfaits annuels : Mini Junior Adulte \u00e0 partir [&hellip;]","og_url":"https:\/\/www.ecuriesderiboulam.com\/index.php\/ecole-dequitation\/tarifs-des-cours\/","og_site_name":"Ecuries de Riboulam","article_publisher":"https:\/\/www.facebook.com\/EcuriesdeRiboulamChevauxetEvenements1976\/","article_modified_time":"2023-10-27T09:55:58+00:00","twitter_card":"summary_large_image","twitter_misc":{"Dur\u00e9e de lecture estim\u00e9e":"4 minutes"},"schema":{"@context":"https:\/\/schema.org","@graph":[{"@type":"WebPage","@id":"https:\/\/www.ecuriesderiboulam.com\/index.php\/ecole-dequitation\/tarifs-des-cours\/","url":"https:\/\/www.ecuriesderiboulam.com\/index.php\/ecole-dequitation\/tarifs-des-cours\/","name":"Tarifs des cours - Ecuries de Riboulam","isPartOf":{"@id":"https:\/\/www.ecuriesderiboulam.com\/#website"},"datePublished":"2018-01-08T23:12:14+00:00","dateModified":"2023-10-27T09:55:58+00:00","breadcrumb":{"@id":"https:\/\/www.ecuriesderiboulam.com\/index.php\/ecole-dequitation\/tarifs-des-cours\/#breadcrumb"},"inLanguage":"fr-FR","potentialAction":[{"@type":"ReadAction","target":["https:\/\/www.ecuriesderiboulam.com\/index.php\/ecole-dequitation\/tarifs-des-cours\/"]}]},{"@type":"BreadcrumbList","@id":"https:\/\/www.ecuriesderiboulam.com\/index.php\/ecole-dequitation\/tarifs-des-cours\/#breadcrumb","itemListElement":[{"@type":"ListItem","position":1,"name":"Home","item":"https:\/\/www.ecuriesderiboulam.com\/"},{"@type":"ListItem","position":2,"name":"Ecole d&rsquo;\u00e9quitation","item":"https:\/\/www.ecuriesderiboulam.com\/index.php\/ecole-dequitation\/"},{"@type":"ListItem","position":3,"name":"Tarifs des cours"}]},{"@type":"WebSite","@id":"https:\/\/www.ecuriesderiboulam.com\/#website","url":"https:\/\/www.ecuriesderiboulam.com\/","name":"Ecuries de Riboulam","description":"Le bonheur \u00e9questre en Provence","publisher":{"@id":"https:\/\/www.ecuriesderiboulam.com\/#organization"},"potentialAction":[{"@type":"SearchAction","target":{"@type":"EntryPoint","urlTemplate":"https:\/\/www.ecuriesderiboulam.com\/?s={search_term_string}"},"query-input":{"@type":"PropertyValueSpecification","valueRequired":true,"valueName":"search_term_string"}}],"inLanguage":"fr-FR"},{"@type":"Organization","@id":"https:\/\/www.ecuriesderiboulam.com\/#organization","name":"Ecuries de Riboulam","url":"https:\/\/www.ecuriesderiboulam.com\/","logo":{"@type":"ImageObject","inLanguage":"fr-FR","@id":"https:\/\/www.ecuriesderiboulam.com\/#\/schema\/logo\/image\/","url":"https:\/\/www.ecuriesderiboulam.com\/wp-content\/uploads\/2018\/01\/Logo_noir.png","contentUrl":"https:\/\/www.ecuriesderiboulam.com\/wp-content\/uploads\/2018\/01\/Logo_noir.png","width":852,"height":852,"caption":"Ecuries de Riboulam"},"image":{"@id":"https:\/\/www.ecuriesderiboulam.com\/#\/schema\/logo\/image\/"},"sameAs":["https:\/\/www.facebook.com\/EcuriesdeRiboulamChevauxetEvenements1976\/"]}]}},"_links":{"self":[{"href":"https:\/\/www.ecuriesderiboulam.com\/index.php\/wp-json\/wp\/v2\/pages\/405","targetHints":{"allow":["GET"]}}],"collection":[{"href":"https:\/\/www.ecuriesderiboulam.com\/index.php\/wp-json\/wp\/v2\/pages"}],"about":[{"href":"https:\/\/www.ecuriesderiboulam.com\/index.php\/wp-json\/wp\/v2\/types\/page"}],"author":[{"embeddable":true,"href":"https:\/\/www.ecuriesderiboulam.com\/index.php\/wp-json\/wp\/v2\/users\/1"}],"replies":[{"embeddable":true,"href":"https:\/\/www.ecuriesderiboulam.com\/index.php\/wp-json\/wp\/v2\/comments?post=405"}],"version-history":[{"count":28,"href":"https:\/\/www.ecuriesderiboulam.com\/index.php\/wp-json\/wp\/v2\/pages\/405\/revisions"}],"predecessor-version":[{"id":2908,"href":"https:\/\/www.ecuriesderiboulam.com\/index.php\/wp-json\/wp\/v2\/pages\/405\/revisions\/2908"}],"up":[{"embeddable":true,"href":"https:\/\/www.ecuriesderiboulam.com\/index.php\/wp-json\/wp\/v2\/pages\/366"}],"wp:attachment":[{"href":"https:\/\/www.ecuriesderiboulam.com\/index.php\/wp-json\/wp\/v2\/media?parent=405"}],"curies":[{"name":"wp","href":"https:\/\/api.w.org\/{rel}","templated":true}]}}