{"id":399,"date":"2018-01-08T23:09:46","date_gmt":"2018-01-08T23:09:46","guid":{"rendered":"http:\/\/www.ecuriesderiboulam.com\/?page_id=399"},"modified":"2018-03-14T22:04:48","modified_gmt":"2018-03-14T22:04:48","slug":"fetes-et-animations","status":"publish","type":"page","link":"https:\/\/www.ecuriesderiboulam.com\/index.php\/ecole-dequitation\/fetes-et-animations\/","title":{"rendered":"F\u00eates et animations"},"content":{"rendered":"<p>[et_pb_section bb_built=\u00a0\u00bb1&Prime; admin_label=\u00a0\u00bbsection\u00a0\u00bb background_color=\u00a0\u00bb#84866e\u00a0\u00bb _builder_version=\u00a0\u00bb3.0.101&Prime;][et_pb_row admin_label=\u00a0\u00bbrow\u00a0\u00bb _builder_version=\u00a0\u00bb3.0.47&Prime; background_size=\u00a0\u00bbinitial\u00a0\u00bb background_position=\u00a0\u00bbtop_left\u00a0\u00bb background_repeat=\u00a0\u00bbrepeat\u00a0\u00bb][et_pb_column type=\u00a0\u00bb4_4&Prime;][et_pb_text _builder_version=\u00a0\u00bb3.0.105&Prime; background_size=\u00a0\u00bbinitial\u00a0\u00bb background_position=\u00a0\u00bbtop_left\u00a0\u00bb background_repeat=\u00a0\u00bbrepeat\u00a0\u00bb]<\/p>\n<h1>F\u00eates et animations<\/h1>\n<h2>F\u00eate du club<\/h2>\n<p>Chaque ann\u00e9e, les Ecuries de Riboulam organisent une f\u00eate vers la mi-juin pour l&rsquo;anniversaire de leur cr\u00e9ation. Cette f\u00eate est une excellente occasion pour tous les cavaliers et leurs familles de se retrouver dans une ambiance festive et d\u00e9contract\u00e9e. Certains n&rsquo;ont pas cours aux m\u00eames moments et ne se voient pas souvent, c&rsquo;est alors l&rsquo;occasion d&rsquo;\u00e9changer sur leur passion commune &#8211; ou tout autre chose. Les parents, grand-parents et amis sont les bienvenus \u00e9galement et sont g\u00e9n\u00e9ralement tr\u00e8s contents de se retrouver dans le cadre maginifique des \u00e9curies \u00e0 Cornillon Confoux.<\/p>\n<p>En plus du jour de la f\u00eate proprement dit, enfants adultes et moniteurs s&rsquo;en donnent \u00e0 coeur joie les semaines pr\u00e9c\u00e9dentes pour pr\u00e9parer des num\u00e9ros, des jeux, une ar\u00e8ne, des tentes, la d\u00e9coration et tout ce qu&rsquo;il faut pour que la f\u00eate soit r\u00e9ussie.<\/p>\n<p>Certaines ann\u00e9es la f\u00eate est encore plus impressionnante avec un spectacle pr\u00e9sent\u00e9 par une troupe ext\u00e9rieure, comme lors des 30 ans du Club en 2016 o\u00f9 nous avons assist\u00e9 \u00e0 un spectacle de voltige pr\u00e9sent\u00e9 au salon du cheval d&rsquo;Avignon.<\/p>\n<p>[\/et_pb_text][\/et_pb_column][\/et_pb_row][et_pb_row use_custom_gutter=\u00a0\u00bbon\u00a0\u00bb gutter_width=\u00a0\u00bb2&Prime; _builder_version=\u00a0\u00bb3.0.105&Prime;][et_pb_column type=\u00a0\u00bb4_4&Prime;][et_pb_gallery gallery_ids=\u00a0\u00bb607,603,604,609,600,616,610,611,593,602,615,606,594,590,608,601,614,599,592,596,591,612,588,605,587,618,589,595,622,620,621,623&Prime; gallery_captions=\u00a0\u00bb,,,,,,,,,,,,,,,,,,,,,,,,,,,,,,,\u00a0\u00bb posts_number=\u00a0\u00bb12&Prime; orientation=\u00a0\u00bbportrait\u00a0\u00bb show_title_and_caption=\u00a0\u00bboff\u00a0\u00bb hover_icon=\u00a0\u00bb%%51%%\u00a0\u00bb _builder_version=\u00a0\u00bb3.0.105&Prime; pagination_font=\u00a0\u00bb||||||||\u00a0\u00bb pagination_text_color=\u00a0\u00bb#e6ebd1&Prime; border_width_all=\u00a0\u00bb3px\u00a0\u00bb border_color_all=\u00a0\u00bb#e6ebd1&Prime; saved_tabs=\u00a0\u00bball\u00a0\u00bb]<br \/>\n[\/et_pb_gallery][\/et_pb_column][\/et_pb_row][et_pb_row admin_label=\u00a0\u00bbrow\u00a0\u00bb _builder_version=\u00a0\u00bb3.0.47&Prime; background_size=\u00a0\u00bbinitial\u00a0\u00bb background_position=\u00a0\u00bbtop_left\u00a0\u00bb background_repeat=\u00a0\u00bbrepeat\u00a0\u00bb][et_pb_column type=\u00a0\u00bb4_4&Prime;][et_pb_text _builder_version=\u00a0\u00bb3.0.101&Prime; background_size=\u00a0\u00bbinitial\u00a0\u00bb background_position=\u00a0\u00bbtop_left\u00a0\u00bb background_repeat=\u00a0\u00bbrepeat\u00a0\u00bb]<\/p>\n<h2>No\u00ebl \u00e0 Riboulam<\/h2>\n<p>Pour que l&rsquo;attente ne soit pas trop longue entre deux f\u00eates du club au mois de juin, nous organisons \u00e9galement une petite f\u00eate chaque ann\u00e9e juste avant les vacances de No\u00ebl. C&rsquo;est l&rsquo;occasion de passer un bon moment ensemble, de faire un go\u00fbter commun et de recevoir un petit cadeau, le P\u00e8re No\u00ebl nous faisant chaque ann\u00e9e l&rsquo;honneur de sa visite \ud83d\ude42<\/p>\n<p>[\/et_pb_text][\/et_pb_column][\/et_pb_row][\/et_pb_section]<\/p>\n","protected":false},"excerpt":{"rendered":"<p>F\u00eates et animations F\u00eate du club Chaque ann\u00e9e, les Ecuries de Riboulam organisent une f\u00eate vers la mi-juin pour l&rsquo;anniversaire de leur cr\u00e9ation. Cette f\u00eate est une excellente occasion pour tous les cavaliers et leurs familles de se retrouver dans une ambiance festive et d\u00e9contract\u00e9e. Certains n&rsquo;ont pas cours aux m\u00eames moments et ne se [&hellip;]<\/p>\n","protected":false},"author":1,"featured_media":0,"parent":366,"menu_order":0,"comment_status":"closed","ping_status":"closed","template":"","meta":{"_et_pb_use_builder":"on","_et_pb_old_content":"","_et_gb_content_width":"","_exactmetrics_skip_tracking":false,"_exactmetrics_sitenote_active":false,"_exactmetrics_sitenote_note":"","_exactmetrics_sitenote_category":0,"footnotes":""},"class_list":["post-399","page","type-page","status-publish","hentry"],"yoast_head":"<!-- This site is optimized with the Yoast SEO plugin v24.3 - https:\/\/yoast.com\/wordpress\/plugins\/seo\/ -->\n<title>F\u00eates et animations - Ecuries de Riboulam<\/title>\n<meta name=\"robots\" content=\"index, follow, max-snippet:-1, max-image-preview:large, max-video-preview:-1\" \/>\n<link rel=\"canonical\" href=\"https:\/\/www.ecuriesderiboulam.com\/index.php\/ecole-dequitation\/fetes-et-animations\/\" \/>\n<meta property=\"og:locale\" content=\"fr_FR\" \/>\n<meta property=\"og:type\" content=\"article\" \/>\n<meta property=\"og:title\" content=\"F\u00eates et animations - Ecuries de Riboulam\" \/>\n<meta property=\"og:description\" content=\"F\u00eates et animations F\u00eate du club Chaque ann\u00e9e, les Ecuries de Riboulam organisent une f\u00eate vers la mi-juin pour l&#039;anniversaire de leur cr\u00e9ation. Cette f\u00eate est une excellente occasion pour tous les cavaliers et leurs familles de se retrouver dans une ambiance festive et d\u00e9contract\u00e9e. Certains n&#039;ont pas cours aux m\u00eames moments et ne se [&hellip;]\" \/>\n<meta property=\"og:url\" content=\"https:\/\/www.ecuriesderiboulam.com\/index.php\/ecole-dequitation\/fetes-et-animations\/\" \/>\n<meta property=\"og:site_name\" content=\"Ecuries de Riboulam\" \/>\n<meta property=\"article:publisher\" content=\"https:\/\/www.facebook.com\/EcuriesdeRiboulamChevauxetEvenements1976\/\" \/>\n<meta property=\"article:modified_time\" content=\"2018-03-14T22:04:48+00:00\" \/>\n<meta name=\"twitter:card\" content=\"summary_large_image\" \/>\n<meta name=\"twitter:label1\" content=\"Dur\u00e9e de lecture estim\u00e9e\" \/>\n\t<meta name=\"twitter:data1\" content=\"2 minutes\" \/>\n<script type=\"application\/ld+json\" class=\"yoast-schema-graph\">{\"@context\":\"https:\/\/schema.org\",\"@graph\":[{\"@type\":\"WebPage\",\"@id\":\"https:\/\/www.ecuriesderiboulam.com\/index.php\/ecole-dequitation\/fetes-et-animations\/\",\"url\":\"https:\/\/www.ecuriesderiboulam.com\/index.php\/ecole-dequitation\/fetes-et-animations\/\",\"name\":\"F\u00eates et animations - Ecuries de Riboulam\",\"isPartOf\":{\"@id\":\"https:\/\/www.ecuriesderiboulam.com\/#website\"},\"datePublished\":\"2018-01-08T23:09:46+00:00\",\"dateModified\":\"2018-03-14T22:04:48+00:00\",\"breadcrumb\":{\"@id\":\"https:\/\/www.ecuriesderiboulam.com\/index.php\/ecole-dequitation\/fetes-et-animations\/#breadcrumb\"},\"inLanguage\":\"fr-FR\",\"potentialAction\":[{\"@type\":\"ReadAction\",\"target\":[\"https:\/\/www.ecuriesderiboulam.com\/index.php\/ecole-dequitation\/fetes-et-animations\/\"]}]},{\"@type\":\"BreadcrumbList\",\"@id\":\"https:\/\/www.ecuriesderiboulam.com\/index.php\/ecole-dequitation\/fetes-et-animations\/#breadcrumb\",\"itemListElement\":[{\"@type\":\"ListItem\",\"position\":1,\"name\":\"Home\",\"item\":\"https:\/\/www.ecuriesderiboulam.com\/\"},{\"@type\":\"ListItem\",\"position\":2,\"name\":\"Ecole d&rsquo;\u00e9quitation\",\"item\":\"https:\/\/www.ecuriesderiboulam.com\/index.php\/ecole-dequitation\/\"},{\"@type\":\"ListItem\",\"position\":3,\"name\":\"F\u00eates et animations\"}]},{\"@type\":\"WebSite\",\"@id\":\"https:\/\/www.ecuriesderiboulam.com\/#website\",\"url\":\"https:\/\/www.ecuriesderiboulam.com\/\",\"name\":\"Ecuries de Riboulam\",\"description\":\"Le bonheur \u00e9questre en Provence\",\"publisher\":{\"@id\":\"https:\/\/www.ecuriesderiboulam.com\/#organization\"},\"potentialAction\":[{\"@type\":\"SearchAction\",\"target\":{\"@type\":\"EntryPoint\",\"urlTemplate\":\"https:\/\/www.ecuriesderiboulam.com\/?s={search_term_string}\"},\"query-input\":{\"@type\":\"PropertyValueSpecification\",\"valueRequired\":true,\"valueName\":\"search_term_string\"}}],\"inLanguage\":\"fr-FR\"},{\"@type\":\"Organization\",\"@id\":\"https:\/\/www.ecuriesderiboulam.com\/#organization\",\"name\":\"Ecuries de Riboulam\",\"url\":\"https:\/\/www.ecuriesderiboulam.com\/\",\"logo\":{\"@type\":\"ImageObject\",\"inLanguage\":\"fr-FR\",\"@id\":\"https:\/\/www.ecuriesderiboulam.com\/#\/schema\/logo\/image\/\",\"url\":\"https:\/\/www.ecuriesderiboulam.com\/wp-content\/uploads\/2018\/01\/Logo_noir.png\",\"contentUrl\":\"https:\/\/www.ecuriesderiboulam.com\/wp-content\/uploads\/2018\/01\/Logo_noir.png\",\"width\":852,\"height\":852,\"caption\":\"Ecuries de Riboulam\"},\"image\":{\"@id\":\"https:\/\/www.ecuriesderiboulam.com\/#\/schema\/logo\/image\/\"},\"sameAs\":[\"https:\/\/www.facebook.com\/EcuriesdeRiboulamChevauxetEvenements1976\/\"]}]}<\/script>\n<!-- \/ Yoast SEO plugin. -->","yoast_head_json":{"title":"F\u00eates et animations - Ecuries de Riboulam","robots":{"index":"index","follow":"follow","max-snippet":"max-snippet:-1","max-image-preview":"max-image-preview:large","max-video-preview":"max-video-preview:-1"},"canonical":"https:\/\/www.ecuriesderiboulam.com\/index.php\/ecole-dequitation\/fetes-et-animations\/","og_locale":"fr_FR","og_type":"article","og_title":"F\u00eates et animations - Ecuries de Riboulam","og_description":"F\u00eates et animations F\u00eate du club Chaque ann\u00e9e, les Ecuries de Riboulam organisent une f\u00eate vers la mi-juin pour l'anniversaire de leur cr\u00e9ation. Cette f\u00eate est une excellente occasion pour tous les cavaliers et leurs familles de se retrouver dans une ambiance festive et d\u00e9contract\u00e9e. Certains n'ont pas cours aux m\u00eames moments et ne se [&hellip;]","og_url":"https:\/\/www.ecuriesderiboulam.com\/index.php\/ecole-dequitation\/fetes-et-animations\/","og_site_name":"Ecuries de Riboulam","article_publisher":"https:\/\/www.facebook.com\/EcuriesdeRiboulamChevauxetEvenements1976\/","article_modified_time":"2018-03-14T22:04:48+00:00","twitter_card":"summary_large_image","twitter_misc":{"Dur\u00e9e de lecture estim\u00e9e":"2 minutes"},"schema":{"@context":"https:\/\/schema.org","@graph":[{"@type":"WebPage","@id":"https:\/\/www.ecuriesderiboulam.com\/index.php\/ecole-dequitation\/fetes-et-animations\/","url":"https:\/\/www.ecuriesderiboulam.com\/index.php\/ecole-dequitation\/fetes-et-animations\/","name":"F\u00eates et animations - Ecuries de Riboulam","isPartOf":{"@id":"https:\/\/www.ecuriesderiboulam.com\/#website"},"datePublished":"2018-01-08T23:09:46+00:00","dateModified":"2018-03-14T22:04:48+00:00","breadcrumb":{"@id":"https:\/\/www.ecuriesderiboulam.com\/index.php\/ecole-dequitation\/fetes-et-animations\/#breadcrumb"},"inLanguage":"fr-FR","potentialAction":[{"@type":"ReadAction","target":["https:\/\/www.ecuriesderiboulam.com\/index.php\/ecole-dequitation\/fetes-et-animations\/"]}]},{"@type":"BreadcrumbList","@id":"https:\/\/www.ecuriesderiboulam.com\/index.php\/ecole-dequitation\/fetes-et-animations\/#breadcrumb","itemListElement":[{"@type":"ListItem","position":1,"name":"Home","item":"https:\/\/www.ecuriesderiboulam.com\/"},{"@type":"ListItem","position":2,"name":"Ecole d&rsquo;\u00e9quitation","item":"https:\/\/www.ecuriesderiboulam.com\/index.php\/ecole-dequitation\/"},{"@type":"ListItem","position":3,"name":"F\u00eates et animations"}]},{"@type":"WebSite","@id":"https:\/\/www.ecuriesderiboulam.com\/#website","url":"https:\/\/www.ecuriesderiboulam.com\/","name":"Ecuries de Riboulam","description":"Le bonheur \u00e9questre en Provence","publisher":{"@id":"https:\/\/www.ecuriesderiboulam.com\/#organization"},"potentialAction":[{"@type":"SearchAction","target":{"@type":"EntryPoint","urlTemplate":"https:\/\/www.ecuriesderiboulam.com\/?s={search_term_string}"},"query-input":{"@type":"PropertyValueSpecification","valueRequired":true,"valueName":"search_term_string"}}],"inLanguage":"fr-FR"},{"@type":"Organization","@id":"https:\/\/www.ecuriesderiboulam.com\/#organization","name":"Ecuries de Riboulam","url":"https:\/\/www.ecuriesderiboulam.com\/","logo":{"@type":"ImageObject","inLanguage":"fr-FR","@id":"https:\/\/www.ecuriesderiboulam.com\/#\/schema\/logo\/image\/","url":"https:\/\/www.ecuriesderiboulam.com\/wp-content\/uploads\/2018\/01\/Logo_noir.png","contentUrl":"https:\/\/www.ecuriesderiboulam.com\/wp-content\/uploads\/2018\/01\/Logo_noir.png","width":852,"height":852,"caption":"Ecuries de Riboulam"},"image":{"@id":"https:\/\/www.ecuriesderiboulam.com\/#\/schema\/logo\/image\/"},"sameAs":["https:\/\/www.facebook.com\/EcuriesdeRiboulamChevauxetEvenements1976\/"]}]}},"_links":{"self":[{"href":"https:\/\/www.ecuriesderiboulam.com\/index.php\/wp-json\/wp\/v2\/pages\/399","targetHints":{"allow":["GET"]}}],"collection":[{"href":"https:\/\/www.ecuriesderiboulam.com\/index.php\/wp-json\/wp\/v2\/pages"}],"about":[{"href":"https:\/\/www.ecuriesderiboulam.com\/index.php\/wp-json\/wp\/v2\/types\/page"}],"author":[{"embeddable":true,"href":"https:\/\/www.ecuriesderiboulam.com\/index.php\/wp-json\/wp\/v2\/users\/1"}],"replies":[{"embeddable":true,"href":"https:\/\/www.ecuriesderiboulam.com\/index.php\/wp-json\/wp\/v2\/comments?post=399"}],"version-history":[{"count":13,"href":"https:\/\/www.ecuriesderiboulam.com\/index.php\/wp-json\/wp\/v2\/pages\/399\/revisions"}],"predecessor-version":[{"id":949,"href":"https:\/\/www.ecuriesderiboulam.com\/index.php\/wp-json\/wp\/v2\/pages\/399\/revisions\/949"}],"up":[{"embeddable":true,"href":"https:\/\/www.ecuriesderiboulam.com\/index.php\/wp-json\/wp\/v2\/pages\/366"}],"wp:attachment":[{"href":"https:\/\/www.ecuriesderiboulam.com\/index.php\/wp-json\/wp\/v2\/media?parent=399"}],"curies":[{"name":"wp","href":"https:\/\/api.w.org\/{rel}","templated":true}]}}