{"id":397,"date":"2018-01-08T23:09:22","date_gmt":"2018-01-08T23:09:22","guid":{"rendered":"http:\/\/www.ecuriesderiboulam.com\/?page_id=397"},"modified":"2023-10-27T13:00:02","modified_gmt":"2023-10-27T11:00:02","slug":"competitions","status":"publish","type":"page","link":"https:\/\/www.ecuriesderiboulam.com\/index.php\/ecole-dequitation\/competitions\/","title":{"rendered":"Comp\u00e9titions"},"content":{"rendered":"<p>[et_pb_section fb_built=\u00a0\u00bb1&Prime; admin_label=\u00a0\u00bbsection\u00a0\u00bb _builder_version=\u00a0\u00bb4.15&Prime; background_color=\u00a0\u00bb#84866e\u00a0\u00bb hover_enabled=\u00a0\u00bb0&Prime; global_colors_info=\u00a0\u00bb{}\u00a0\u00bb sticky_enabled=\u00a0\u00bb0&Prime;][et_pb_row _builder_version=\u00a0\u00bb4.15.1&Prime; _module_preset=\u00a0\u00bbdefault\u00a0\u00bb column_structure=\u00a0\u00bb2_5,3_5&Prime; custom_margin=\u00a0\u00bb|-378px||28px||\u00a0\u00bb width=\u00a0\u00bb100%\u00a0\u00bb custom_padding=\u00a0\u00bb|0px||0px||\u00a0\u00bb hover_enabled=\u00a0\u00bb0&Prime; sticky_enabled=\u00a0\u00bb0&Prime;][et_pb_column _builder_version=\u00a0\u00bb4.15.1&Prime; _module_preset=\u00a0\u00bbdefault\u00a0\u00bb type=\u00a0\u00bb2_5&Prime;][et_pb_gallery _builder_version=\u00a0\u00bb4.15.1&Prime; _module_preset=\u00a0\u00bbdefault\u00a0\u00bb gallery_ids=\u00a0\u00bb2919,2918,2916,2914&Prime; hover_enabled=\u00a0\u00bb0&Prime; sticky_enabled=\u00a0\u00bb0&Prime; width=\u00a0\u00bb100%\u00a0\u00bb custom_margin=\u00a0\u00bb|-108px|27px|||\u00a0\u00bb min_height=\u00a0\u00bb428.4px\u00a0\u00bb][\/et_pb_gallery][\/et_pb_column][et_pb_column _builder_version=\u00a0\u00bb4.15.1&Prime; _module_preset=\u00a0\u00bbdefault\u00a0\u00bb type=\u00a0\u00bb3_5&Prime; hover_enabled=\u00a0\u00bb0&Prime; sticky_enabled=\u00a0\u00bb0&Prime;][et_pb_text admin_label=\u00a0\u00bbText\u00a0\u00bb _builder_version=\u00a0\u00bb4.15&Prime; background_size=\u00a0\u00bbinitial\u00a0\u00bb background_position=\u00a0\u00bbtop_left\u00a0\u00bb background_repeat=\u00a0\u00bbrepeat\u00a0\u00bb global_colors_info=\u00a0\u00bb{}\u00a0\u00bb width=\u00a0\u00bb100%\u00a0\u00bb custom_padding=\u00a0\u00bb|0px||90px||\u00a0\u00bb custom_margin=\u00a0\u00bb|-45px||166px||\u00a0\u00bb]<\/p>\n<h1>Comp\u00e9titions<\/h1>\n<h2>Concours \u00e0 l&rsquo;ext\u00e9rieur<\/h2>\n<p>Les Ecuries de Riboulam vous proposent la pratique sportive de l&rsquo;\u00e9quitation \u00e0 travers les diff\u00e9rentes disciplines que nous pratiquons : Concours Complet d&rsquo;Equitation (CCE), Concours de Sauts d&rsquo;Obstacles (CSO), Hunter, &#8230;<\/p>\n<p>La pratique de la comp\u00e9tition dans notre club n&rsquo;est bien s\u00fbr pas obligatoire, mais nous encourageons et nous accompagnons activement tous les cavaliers qui souhaitent s&rsquo;engager dans cette voie, aussi bien lors des concours organis\u00e9s chez nous qu&rsquo;en ext\u00e9rieur. C&rsquo;est en effet un excellent moyen de valider les acquis du travail fourni \u00ab\u00a0\u00e0 la maison\u00a0\u00bb et de s&rsquo;am\u00e9liorer sur tous les plans.<\/p>\n<p>Notre pratique s&rsquo;inscrit dans une continuit\u00e9 logique et la recherche du progr\u00e8s passe par la connaissance du couple cheval\/cavalier, que vous soyez ou non propri\u00e9taire de votre cheval. Nous ne cherchons pas \u00e0 \u00ab\u00a0faire des r\u00e9sultats\u00a0\u00bb au d\u00e9triment de l&rsquo;apprentissage, mais plut\u00f4t la construction dans la dur\u00e9e des cavaliers, des chevaux et de l&rsquo;exp\u00e9rience qui am\u00e8neront peut-\u00eatre un jour certains cavaliers au plus haut niveau.<\/p>\n<p>Du niveau \u00ab\u00a0d\u00e9couverte\u00a0\u00bb aux cavaliers exp\u00e9riment\u00e9s (niveau pro 4), le centre \u00e9questre se d\u00e9place dans tout le Sud de la France en fonction des \u00e9preuves propos\u00e9es pour participer \u00e0 des comp\u00e9titions. Un calendrier des concours est disponible au bureau pour les inscriptions. Ces moments forts soudent les cavaliers et les coachs, qui viennent soutenir leurs cavaliers sur place, et renforcent la bonne ambiance et l&rsquo;entre-aide qui nous sont ch\u00e8res. Qui n&rsquo;a pas v\u00e9cu les levers \u00e0 4h30 du matin, l&#8217;embarquement des chevaux dans la brume et la lumi\u00e8re des phares, ou le CSO dans la neige a vraiment rat\u00e9 quelque chose !<\/p>\n<h2>Organisation de concours<\/h2>\n<p>Au-del\u00e0 de la participation aux concours, les Ecuries de Riboulam organisent plusieurs fois par an des CSO et surtout des CCE r\u00e9put\u00e9s, avec une tr\u00e8s large palette de niveaux. Des s\u00e9ries club\/poney 4 jusqu&rsquo;au niveau pro 4 sont propos\u00e9es, ainsi que certains \u00e9v\u00e8nements particuliers comme les championnats r\u00e9gionaux ou une \u00e9tape de la Tourn\u00e9e des As Poneys.<\/p>\n<p>[\/et_pb_text][\/et_pb_column][\/et_pb_row][\/et_pb_section]<\/p>\n","protected":false},"excerpt":{"rendered":"<p>Comp\u00e9titions Concours \u00e0 l&rsquo;ext\u00e9rieur Les Ecuries de Riboulam vous proposent la pratique sportive de l&rsquo;\u00e9quitation \u00e0 travers les diff\u00e9rentes disciplines que nous pratiquons : Concours Complet d&rsquo;Equitation (CCE), Concours de Sauts d&rsquo;Obstacles (CSO), Hunter, &#8230; La pratique de la comp\u00e9tition dans notre club n&rsquo;est bien s\u00fbr pas obligatoire, mais nous encourageons et nous accompagnons activement [&hellip;]<\/p>\n","protected":false},"author":1,"featured_media":0,"parent":366,"menu_order":0,"comment_status":"closed","ping_status":"closed","template":"","meta":{"_et_pb_use_builder":"on","_et_pb_old_content":"","_et_gb_content_width":"","_exactmetrics_skip_tracking":false,"_exactmetrics_sitenote_active":false,"_exactmetrics_sitenote_note":"","_exactmetrics_sitenote_category":0,"footnotes":""},"class_list":["post-397","page","type-page","status-publish","hentry"],"yoast_head":"<!-- This site is optimized with the Yoast SEO plugin v24.3 - https:\/\/yoast.com\/wordpress\/plugins\/seo\/ -->\n<title>Comp\u00e9titions - Ecuries de Riboulam<\/title>\n<meta name=\"robots\" content=\"index, follow, max-snippet:-1, max-image-preview:large, max-video-preview:-1\" \/>\n<link rel=\"canonical\" href=\"https:\/\/www.ecuriesderiboulam.com\/index.php\/ecole-dequitation\/competitions\/\" \/>\n<meta property=\"og:locale\" content=\"fr_FR\" \/>\n<meta property=\"og:type\" content=\"article\" \/>\n<meta property=\"og:title\" content=\"Comp\u00e9titions - Ecuries de Riboulam\" \/>\n<meta property=\"og:description\" content=\"Comp\u00e9titions Concours \u00e0 l&#039;ext\u00e9rieur Les Ecuries de Riboulam vous proposent la pratique sportive de l&#039;\u00e9quitation \u00e0 travers les diff\u00e9rentes disciplines que nous pratiquons : Concours Complet d&#039;Equitation (CCE), Concours de Sauts d&#039;Obstacles (CSO), Hunter, ... La pratique de la comp\u00e9tition dans notre club n&#039;est bien s\u00fbr pas obligatoire, mais nous encourageons et nous accompagnons activement [&hellip;]\" \/>\n<meta property=\"og:url\" content=\"https:\/\/www.ecuriesderiboulam.com\/index.php\/ecole-dequitation\/competitions\/\" \/>\n<meta property=\"og:site_name\" content=\"Ecuries de Riboulam\" \/>\n<meta property=\"article:publisher\" content=\"https:\/\/www.facebook.com\/EcuriesdeRiboulamChevauxetEvenements1976\/\" \/>\n<meta property=\"article:modified_time\" content=\"2023-10-27T11:00:02+00:00\" \/>\n<meta name=\"twitter:card\" content=\"summary_large_image\" \/>\n<meta name=\"twitter:label1\" content=\"Dur\u00e9e de lecture estim\u00e9e\" \/>\n\t<meta name=\"twitter:data1\" content=\"2 minutes\" \/>\n<script type=\"application\/ld+json\" class=\"yoast-schema-graph\">{\"@context\":\"https:\/\/schema.org\",\"@graph\":[{\"@type\":\"WebPage\",\"@id\":\"https:\/\/www.ecuriesderiboulam.com\/index.php\/ecole-dequitation\/competitions\/\",\"url\":\"https:\/\/www.ecuriesderiboulam.com\/index.php\/ecole-dequitation\/competitions\/\",\"name\":\"Comp\u00e9titions - Ecuries de Riboulam\",\"isPartOf\":{\"@id\":\"https:\/\/www.ecuriesderiboulam.com\/#website\"},\"datePublished\":\"2018-01-08T23:09:22+00:00\",\"dateModified\":\"2023-10-27T11:00:02+00:00\",\"breadcrumb\":{\"@id\":\"https:\/\/www.ecuriesderiboulam.com\/index.php\/ecole-dequitation\/competitions\/#breadcrumb\"},\"inLanguage\":\"fr-FR\",\"potentialAction\":[{\"@type\":\"ReadAction\",\"target\":[\"https:\/\/www.ecuriesderiboulam.com\/index.php\/ecole-dequitation\/competitions\/\"]}]},{\"@type\":\"BreadcrumbList\",\"@id\":\"https:\/\/www.ecuriesderiboulam.com\/index.php\/ecole-dequitation\/competitions\/#breadcrumb\",\"itemListElement\":[{\"@type\":\"ListItem\",\"position\":1,\"name\":\"Home\",\"item\":\"https:\/\/www.ecuriesderiboulam.com\/\"},{\"@type\":\"ListItem\",\"position\":2,\"name\":\"Ecole d&rsquo;\u00e9quitation\",\"item\":\"https:\/\/www.ecuriesderiboulam.com\/index.php\/ecole-dequitation\/\"},{\"@type\":\"ListItem\",\"position\":3,\"name\":\"Comp\u00e9titions\"}]},{\"@type\":\"WebSite\",\"@id\":\"https:\/\/www.ecuriesderiboulam.com\/#website\",\"url\":\"https:\/\/www.ecuriesderiboulam.com\/\",\"name\":\"Ecuries de Riboulam\",\"description\":\"Le bonheur \u00e9questre en Provence\",\"publisher\":{\"@id\":\"https:\/\/www.ecuriesderiboulam.com\/#organization\"},\"potentialAction\":[{\"@type\":\"SearchAction\",\"target\":{\"@type\":\"EntryPoint\",\"urlTemplate\":\"https:\/\/www.ecuriesderiboulam.com\/?s={search_term_string}\"},\"query-input\":{\"@type\":\"PropertyValueSpecification\",\"valueRequired\":true,\"valueName\":\"search_term_string\"}}],\"inLanguage\":\"fr-FR\"},{\"@type\":\"Organization\",\"@id\":\"https:\/\/www.ecuriesderiboulam.com\/#organization\",\"name\":\"Ecuries de Riboulam\",\"url\":\"https:\/\/www.ecuriesderiboulam.com\/\",\"logo\":{\"@type\":\"ImageObject\",\"inLanguage\":\"fr-FR\",\"@id\":\"https:\/\/www.ecuriesderiboulam.com\/#\/schema\/logo\/image\/\",\"url\":\"https:\/\/www.ecuriesderiboulam.com\/wp-content\/uploads\/2018\/01\/Logo_noir.png\",\"contentUrl\":\"https:\/\/www.ecuriesderiboulam.com\/wp-content\/uploads\/2018\/01\/Logo_noir.png\",\"width\":852,\"height\":852,\"caption\":\"Ecuries de Riboulam\"},\"image\":{\"@id\":\"https:\/\/www.ecuriesderiboulam.com\/#\/schema\/logo\/image\/\"},\"sameAs\":[\"https:\/\/www.facebook.com\/EcuriesdeRiboulamChevauxetEvenements1976\/\"]}]}<\/script>\n<!-- \/ Yoast SEO plugin. -->","yoast_head_json":{"title":"Comp\u00e9titions - Ecuries de Riboulam","robots":{"index":"index","follow":"follow","max-snippet":"max-snippet:-1","max-image-preview":"max-image-preview:large","max-video-preview":"max-video-preview:-1"},"canonical":"https:\/\/www.ecuriesderiboulam.com\/index.php\/ecole-dequitation\/competitions\/","og_locale":"fr_FR","og_type":"article","og_title":"Comp\u00e9titions - Ecuries de Riboulam","og_description":"Comp\u00e9titions Concours \u00e0 l'ext\u00e9rieur Les Ecuries de Riboulam vous proposent la pratique sportive de l'\u00e9quitation \u00e0 travers les diff\u00e9rentes disciplines que nous pratiquons : Concours Complet d'Equitation (CCE), Concours de Sauts d'Obstacles (CSO), Hunter, ... La pratique de la comp\u00e9tition dans notre club n'est bien s\u00fbr pas obligatoire, mais nous encourageons et nous accompagnons activement [&hellip;]","og_url":"https:\/\/www.ecuriesderiboulam.com\/index.php\/ecole-dequitation\/competitions\/","og_site_name":"Ecuries de Riboulam","article_publisher":"https:\/\/www.facebook.com\/EcuriesdeRiboulamChevauxetEvenements1976\/","article_modified_time":"2023-10-27T11:00:02+00:00","twitter_card":"summary_large_image","twitter_misc":{"Dur\u00e9e de lecture estim\u00e9e":"2 minutes"},"schema":{"@context":"https:\/\/schema.org","@graph":[{"@type":"WebPage","@id":"https:\/\/www.ecuriesderiboulam.com\/index.php\/ecole-dequitation\/competitions\/","url":"https:\/\/www.ecuriesderiboulam.com\/index.php\/ecole-dequitation\/competitions\/","name":"Comp\u00e9titions - Ecuries de Riboulam","isPartOf":{"@id":"https:\/\/www.ecuriesderiboulam.com\/#website"},"datePublished":"2018-01-08T23:09:22+00:00","dateModified":"2023-10-27T11:00:02+00:00","breadcrumb":{"@id":"https:\/\/www.ecuriesderiboulam.com\/index.php\/ecole-dequitation\/competitions\/#breadcrumb"},"inLanguage":"fr-FR","potentialAction":[{"@type":"ReadAction","target":["https:\/\/www.ecuriesderiboulam.com\/index.php\/ecole-dequitation\/competitions\/"]}]},{"@type":"BreadcrumbList","@id":"https:\/\/www.ecuriesderiboulam.com\/index.php\/ecole-dequitation\/competitions\/#breadcrumb","itemListElement":[{"@type":"ListItem","position":1,"name":"Home","item":"https:\/\/www.ecuriesderiboulam.com\/"},{"@type":"ListItem","position":2,"name":"Ecole d&rsquo;\u00e9quitation","item":"https:\/\/www.ecuriesderiboulam.com\/index.php\/ecole-dequitation\/"},{"@type":"ListItem","position":3,"name":"Comp\u00e9titions"}]},{"@type":"WebSite","@id":"https:\/\/www.ecuriesderiboulam.com\/#website","url":"https:\/\/www.ecuriesderiboulam.com\/","name":"Ecuries de Riboulam","description":"Le bonheur \u00e9questre en Provence","publisher":{"@id":"https:\/\/www.ecuriesderiboulam.com\/#organization"},"potentialAction":[{"@type":"SearchAction","target":{"@type":"EntryPoint","urlTemplate":"https:\/\/www.ecuriesderiboulam.com\/?s={search_term_string}"},"query-input":{"@type":"PropertyValueSpecification","valueRequired":true,"valueName":"search_term_string"}}],"inLanguage":"fr-FR"},{"@type":"Organization","@id":"https:\/\/www.ecuriesderiboulam.com\/#organization","name":"Ecuries de Riboulam","url":"https:\/\/www.ecuriesderiboulam.com\/","logo":{"@type":"ImageObject","inLanguage":"fr-FR","@id":"https:\/\/www.ecuriesderiboulam.com\/#\/schema\/logo\/image\/","url":"https:\/\/www.ecuriesderiboulam.com\/wp-content\/uploads\/2018\/01\/Logo_noir.png","contentUrl":"https:\/\/www.ecuriesderiboulam.com\/wp-content\/uploads\/2018\/01\/Logo_noir.png","width":852,"height":852,"caption":"Ecuries de Riboulam"},"image":{"@id":"https:\/\/www.ecuriesderiboulam.com\/#\/schema\/logo\/image\/"},"sameAs":["https:\/\/www.facebook.com\/EcuriesdeRiboulamChevauxetEvenements1976\/"]}]}},"_links":{"self":[{"href":"https:\/\/www.ecuriesderiboulam.com\/index.php\/wp-json\/wp\/v2\/pages\/397","targetHints":{"allow":["GET"]}}],"collection":[{"href":"https:\/\/www.ecuriesderiboulam.com\/index.php\/wp-json\/wp\/v2\/pages"}],"about":[{"href":"https:\/\/www.ecuriesderiboulam.com\/index.php\/wp-json\/wp\/v2\/types\/page"}],"author":[{"embeddable":true,"href":"https:\/\/www.ecuriesderiboulam.com\/index.php\/wp-json\/wp\/v2\/users\/1"}],"replies":[{"embeddable":true,"href":"https:\/\/www.ecuriesderiboulam.com\/index.php\/wp-json\/wp\/v2\/comments?post=397"}],"version-history":[{"count":7,"href":"https:\/\/www.ecuriesderiboulam.com\/index.php\/wp-json\/wp\/v2\/pages\/397\/revisions"}],"predecessor-version":[{"id":2921,"href":"https:\/\/www.ecuriesderiboulam.com\/index.php\/wp-json\/wp\/v2\/pages\/397\/revisions\/2921"}],"up":[{"embeddable":true,"href":"https:\/\/www.ecuriesderiboulam.com\/index.php\/wp-json\/wp\/v2\/pages\/366"}],"wp:attachment":[{"href":"https:\/\/www.ecuriesderiboulam.com\/index.php\/wp-json\/wp\/v2\/media?parent=397"}],"curies":[{"name":"wp","href":"https:\/\/api.w.org\/{rel}","templated":true}]}}