{"id":395,"date":"2018-01-08T23:09:06","date_gmt":"2018-01-08T23:09:06","guid":{"rendered":"http:\/\/www.ecuriesderiboulam.com\/?page_id=395"},"modified":"2023-10-27T12:30:07","modified_gmt":"2023-10-27T10:30:07","slug":"cours","status":"publish","type":"page","link":"https:\/\/www.ecuriesderiboulam.com\/index.php\/ecole-dequitation\/cours\/","title":{"rendered":"Cours"},"content":{"rendered":"<p>[et_pb_section fb_built=\u00a0\u00bb1&Prime; admin_label=\u00a0\u00bbsection\u00a0\u00bb _builder_version=\u00a0\u00bb4.15&Prime; background_color=\u00a0\u00bb#84866e\u00a0\u00bb global_colors_info=\u00a0\u00bb{}\u00a0\u00bb][et_pb_row admin_label=\u00a0\u00bbrow\u00a0\u00bb _builder_version=\u00a0\u00bb4.15&Prime; background_size=\u00a0\u00bbinitial\u00a0\u00bb background_position=\u00a0\u00bbtop_left\u00a0\u00bb background_repeat=\u00a0\u00bbrepeat\u00a0\u00bb global_colors_info=\u00a0\u00bb{}\u00a0\u00bb][et_pb_column type=\u00a0\u00bb4_4&Prime; _builder_version=\u00a0\u00bb4.15&Prime; custom_padding=\u00a0\u00bb|||\u00a0\u00bb global_colors_info=\u00a0\u00bb{}\u00a0\u00bb custom_padding__hover=\u00a0\u00bb|||\u00a0\u00bb][et_pb_text admin_label=\u00a0\u00bbText\u00a0\u00bb _builder_version=\u00a0\u00bb4.15&Prime; background_size=\u00a0\u00bbinitial\u00a0\u00bb background_position=\u00a0\u00bbtop_left\u00a0\u00bb background_repeat=\u00a0\u00bbrepeat\u00a0\u00bb global_colors_info=\u00a0\u00bb{}\u00a0\u00bb]<\/p>\n<h1>Cours d&rsquo;\u00e9quitation<\/h1>\n<p>Les Ecuries de Riboulam proposent\u00a0des cours pour tous les niveaux et tous les \u00e2ges, aussi bien pour les enfants que les adultes. Le centre \u00e9questre est affili\u00e9 \u00e0 la\u00a0F\u00e9d\u00e9ration Fran\u00e7aise d&rsquo;Equitation depuis 1986 et l&rsquo;enseignement est dispens\u00e9 par une <a href=\"..\/presentation-de-lequipe\/\" title=\"Pr\u00e9sentation de l'\u00e9quipe\">\u00e9quipe de moniteurs dipl\u00f4m\u00e9s<\/a>, dans la joie et le bon humour \ud83d\ude42\u00a0<\/p>\n<p>Le centre \u00e9questre est ouvert tous les jours de la semaine, m\u00eame si la plupart des cours se d\u00e9roulent les mercredis et samedis. Nous proposons \u00e0 la fois des cours en groupe et des cours individuels, qui peuvent \u00eatre programm\u00e9s \u00e0 n&rsquo;importe quel moment (y compris le dimanche ou le soir en semaine pour ceux qui travaillent).<\/p>\n<p>Les reprises sont organis\u00e9es en fonction des \u00e2ges et des niveaux. Le nombre de cavaliers est limit\u00e9 \u00e0 6 par cours pour les petits niveaux et \u00e0 8 maximum pour les plus exp\u00e9riment\u00e9s. Nous accompagnons tous les cavaliers, \u00e0 leur rythme et en fonction de leurs aspirations : que ce soit pour une pratique de loisir ou dans la pr\u00e9paration aux comp\u00e9titions de CSO ou de CCE, notre discipline de pr\u00e9dilection.<\/p>\n<p>[\/et_pb_text][\/et_pb_column][\/et_pb_row][et_pb_row _builder_version=\u00a0\u00bb4.15&Prime; global_colors_info=\u00a0\u00bb{}\u00a0\u00bb][et_pb_column type=\u00a0\u00bb4_4&Prime; _builder_version=\u00a0\u00bb4.15&Prime; custom_padding=\u00a0\u00bb|||\u00a0\u00bb global_colors_info=\u00a0\u00bb{}\u00a0\u00bb custom_padding__hover=\u00a0\u00bb|||\u00a0\u00bb][et_pb_gallery gallery_ids=\u00a0\u00bb584,2911&Prime; gallery_captions=\u00a0\u00bbCours de poney dans le man\u00e8ge couvert,Cours de poney sur le cross\u00a0\u00bb posts_number=\u00a0\u00bb2&Prime; _builder_version=\u00a0\u00bb4.15.1&Prime; hover_enabled=\u00a0\u00bb0&Prime; global_colors_info=\u00a0\u00bb{}\u00a0\u00bb sticky_enabled=\u00a0\u00bb0&Prime;][\/et_pb_gallery][\/et_pb_column][\/et_pb_row][\/et_pb_section]<\/p>\n","protected":false},"excerpt":{"rendered":"<p>Cours d&rsquo;\u00e9quitation Les Ecuries de Riboulam proposent\u00a0des cours pour tous les niveaux et tous les \u00e2ges, aussi bien pour les enfants que les adultes. Le centre \u00e9questre est affili\u00e9 \u00e0 la\u00a0F\u00e9d\u00e9ration Fran\u00e7aise d&rsquo;Equitation depuis 1986 et l&rsquo;enseignement est dispens\u00e9 par une \u00e9quipe de moniteurs dipl\u00f4m\u00e9s, dans la joie et le bon humour \ud83d\ude42\u00a0 Le centre [&hellip;]<\/p>\n","protected":false},"author":1,"featured_media":0,"parent":366,"menu_order":0,"comment_status":"closed","ping_status":"closed","template":"","meta":{"_et_pb_use_builder":"on","_et_pb_old_content":"","_et_gb_content_width":"","_exactmetrics_skip_tracking":false,"_exactmetrics_sitenote_active":false,"_exactmetrics_sitenote_note":"","_exactmetrics_sitenote_category":0,"footnotes":""},"class_list":["post-395","page","type-page","status-publish","hentry"],"yoast_head":"<!-- This site is optimized with the Yoast SEO plugin v24.3 - https:\/\/yoast.com\/wordpress\/plugins\/seo\/ -->\n<title>Cours - Ecuries de Riboulam<\/title>\n<meta name=\"robots\" content=\"index, follow, max-snippet:-1, max-image-preview:large, max-video-preview:-1\" \/>\n<link rel=\"canonical\" href=\"https:\/\/www.ecuriesderiboulam.com\/index.php\/ecole-dequitation\/cours\/\" \/>\n<meta property=\"og:locale\" content=\"fr_FR\" \/>\n<meta property=\"og:type\" content=\"article\" \/>\n<meta property=\"og:title\" content=\"Cours - Ecuries de Riboulam\" \/>\n<meta property=\"og:description\" content=\"Cours d&#039;\u00e9quitation Les Ecuries de Riboulam proposent\u00a0des cours pour tous les niveaux et tous les \u00e2ges, aussi bien pour les enfants que les adultes. Le centre \u00e9questre est affili\u00e9 \u00e0 la\u00a0F\u00e9d\u00e9ration Fran\u00e7aise d&#039;Equitation depuis 1986 et l&#039;enseignement est dispens\u00e9 par une \u00e9quipe de moniteurs dipl\u00f4m\u00e9s, dans la joie et le bon humour :-)\u00a0 Le centre [&hellip;]\" \/>\n<meta property=\"og:url\" content=\"https:\/\/www.ecuriesderiboulam.com\/index.php\/ecole-dequitation\/cours\/\" \/>\n<meta property=\"og:site_name\" content=\"Ecuries de Riboulam\" \/>\n<meta property=\"article:publisher\" content=\"https:\/\/www.facebook.com\/EcuriesdeRiboulamChevauxetEvenements1976\/\" \/>\n<meta property=\"article:modified_time\" content=\"2023-10-27T10:30:07+00:00\" \/>\n<meta name=\"twitter:card\" content=\"summary_large_image\" \/>\n<meta name=\"twitter:label1\" content=\"Dur\u00e9e de lecture estim\u00e9e\" \/>\n\t<meta name=\"twitter:data1\" content=\"2 minutes\" \/>\n<script type=\"application\/ld+json\" class=\"yoast-schema-graph\">{\"@context\":\"https:\/\/schema.org\",\"@graph\":[{\"@type\":\"WebPage\",\"@id\":\"https:\/\/www.ecuriesderiboulam.com\/index.php\/ecole-dequitation\/cours\/\",\"url\":\"https:\/\/www.ecuriesderiboulam.com\/index.php\/ecole-dequitation\/cours\/\",\"name\":\"Cours - Ecuries de Riboulam\",\"isPartOf\":{\"@id\":\"https:\/\/www.ecuriesderiboulam.com\/#website\"},\"datePublished\":\"2018-01-08T23:09:06+00:00\",\"dateModified\":\"2023-10-27T10:30:07+00:00\",\"breadcrumb\":{\"@id\":\"https:\/\/www.ecuriesderiboulam.com\/index.php\/ecole-dequitation\/cours\/#breadcrumb\"},\"inLanguage\":\"fr-FR\",\"potentialAction\":[{\"@type\":\"ReadAction\",\"target\":[\"https:\/\/www.ecuriesderiboulam.com\/index.php\/ecole-dequitation\/cours\/\"]}]},{\"@type\":\"BreadcrumbList\",\"@id\":\"https:\/\/www.ecuriesderiboulam.com\/index.php\/ecole-dequitation\/cours\/#breadcrumb\",\"itemListElement\":[{\"@type\":\"ListItem\",\"position\":1,\"name\":\"Home\",\"item\":\"https:\/\/www.ecuriesderiboulam.com\/\"},{\"@type\":\"ListItem\",\"position\":2,\"name\":\"Ecole d&rsquo;\u00e9quitation\",\"item\":\"https:\/\/www.ecuriesderiboulam.com\/index.php\/ecole-dequitation\/\"},{\"@type\":\"ListItem\",\"position\":3,\"name\":\"Cours\"}]},{\"@type\":\"WebSite\",\"@id\":\"https:\/\/www.ecuriesderiboulam.com\/#website\",\"url\":\"https:\/\/www.ecuriesderiboulam.com\/\",\"name\":\"Ecuries de Riboulam\",\"description\":\"Le bonheur \u00e9questre en Provence\",\"publisher\":{\"@id\":\"https:\/\/www.ecuriesderiboulam.com\/#organization\"},\"potentialAction\":[{\"@type\":\"SearchAction\",\"target\":{\"@type\":\"EntryPoint\",\"urlTemplate\":\"https:\/\/www.ecuriesderiboulam.com\/?s={search_term_string}\"},\"query-input\":{\"@type\":\"PropertyValueSpecification\",\"valueRequired\":true,\"valueName\":\"search_term_string\"}}],\"inLanguage\":\"fr-FR\"},{\"@type\":\"Organization\",\"@id\":\"https:\/\/www.ecuriesderiboulam.com\/#organization\",\"name\":\"Ecuries de Riboulam\",\"url\":\"https:\/\/www.ecuriesderiboulam.com\/\",\"logo\":{\"@type\":\"ImageObject\",\"inLanguage\":\"fr-FR\",\"@id\":\"https:\/\/www.ecuriesderiboulam.com\/#\/schema\/logo\/image\/\",\"url\":\"https:\/\/www.ecuriesderiboulam.com\/wp-content\/uploads\/2018\/01\/Logo_noir.png\",\"contentUrl\":\"https:\/\/www.ecuriesderiboulam.com\/wp-content\/uploads\/2018\/01\/Logo_noir.png\",\"width\":852,\"height\":852,\"caption\":\"Ecuries de Riboulam\"},\"image\":{\"@id\":\"https:\/\/www.ecuriesderiboulam.com\/#\/schema\/logo\/image\/\"},\"sameAs\":[\"https:\/\/www.facebook.com\/EcuriesdeRiboulamChevauxetEvenements1976\/\"]}]}<\/script>\n<!-- \/ Yoast SEO plugin. -->","yoast_head_json":{"title":"Cours - Ecuries de Riboulam","robots":{"index":"index","follow":"follow","max-snippet":"max-snippet:-1","max-image-preview":"max-image-preview:large","max-video-preview":"max-video-preview:-1"},"canonical":"https:\/\/www.ecuriesderiboulam.com\/index.php\/ecole-dequitation\/cours\/","og_locale":"fr_FR","og_type":"article","og_title":"Cours - Ecuries de Riboulam","og_description":"Cours d'\u00e9quitation Les Ecuries de Riboulam proposent\u00a0des cours pour tous les niveaux et tous les \u00e2ges, aussi bien pour les enfants que les adultes. Le centre \u00e9questre est affili\u00e9 \u00e0 la\u00a0F\u00e9d\u00e9ration Fran\u00e7aise d'Equitation depuis 1986 et l'enseignement est dispens\u00e9 par une \u00e9quipe de moniteurs dipl\u00f4m\u00e9s, dans la joie et le bon humour :-)\u00a0 Le centre [&hellip;]","og_url":"https:\/\/www.ecuriesderiboulam.com\/index.php\/ecole-dequitation\/cours\/","og_site_name":"Ecuries de Riboulam","article_publisher":"https:\/\/www.facebook.com\/EcuriesdeRiboulamChevauxetEvenements1976\/","article_modified_time":"2023-10-27T10:30:07+00:00","twitter_card":"summary_large_image","twitter_misc":{"Dur\u00e9e de lecture estim\u00e9e":"2 minutes"},"schema":{"@context":"https:\/\/schema.org","@graph":[{"@type":"WebPage","@id":"https:\/\/www.ecuriesderiboulam.com\/index.php\/ecole-dequitation\/cours\/","url":"https:\/\/www.ecuriesderiboulam.com\/index.php\/ecole-dequitation\/cours\/","name":"Cours - Ecuries de Riboulam","isPartOf":{"@id":"https:\/\/www.ecuriesderiboulam.com\/#website"},"datePublished":"2018-01-08T23:09:06+00:00","dateModified":"2023-10-27T10:30:07+00:00","breadcrumb":{"@id":"https:\/\/www.ecuriesderiboulam.com\/index.php\/ecole-dequitation\/cours\/#breadcrumb"},"inLanguage":"fr-FR","potentialAction":[{"@type":"ReadAction","target":["https:\/\/www.ecuriesderiboulam.com\/index.php\/ecole-dequitation\/cours\/"]}]},{"@type":"BreadcrumbList","@id":"https:\/\/www.ecuriesderiboulam.com\/index.php\/ecole-dequitation\/cours\/#breadcrumb","itemListElement":[{"@type":"ListItem","position":1,"name":"Home","item":"https:\/\/www.ecuriesderiboulam.com\/"},{"@type":"ListItem","position":2,"name":"Ecole d&rsquo;\u00e9quitation","item":"https:\/\/www.ecuriesderiboulam.com\/index.php\/ecole-dequitation\/"},{"@type":"ListItem","position":3,"name":"Cours"}]},{"@type":"WebSite","@id":"https:\/\/www.ecuriesderiboulam.com\/#website","url":"https:\/\/www.ecuriesderiboulam.com\/","name":"Ecuries de Riboulam","description":"Le bonheur \u00e9questre en Provence","publisher":{"@id":"https:\/\/www.ecuriesderiboulam.com\/#organization"},"potentialAction":[{"@type":"SearchAction","target":{"@type":"EntryPoint","urlTemplate":"https:\/\/www.ecuriesderiboulam.com\/?s={search_term_string}"},"query-input":{"@type":"PropertyValueSpecification","valueRequired":true,"valueName":"search_term_string"}}],"inLanguage":"fr-FR"},{"@type":"Organization","@id":"https:\/\/www.ecuriesderiboulam.com\/#organization","name":"Ecuries de Riboulam","url":"https:\/\/www.ecuriesderiboulam.com\/","logo":{"@type":"ImageObject","inLanguage":"fr-FR","@id":"https:\/\/www.ecuriesderiboulam.com\/#\/schema\/logo\/image\/","url":"https:\/\/www.ecuriesderiboulam.com\/wp-content\/uploads\/2018\/01\/Logo_noir.png","contentUrl":"https:\/\/www.ecuriesderiboulam.com\/wp-content\/uploads\/2018\/01\/Logo_noir.png","width":852,"height":852,"caption":"Ecuries de Riboulam"},"image":{"@id":"https:\/\/www.ecuriesderiboulam.com\/#\/schema\/logo\/image\/"},"sameAs":["https:\/\/www.facebook.com\/EcuriesdeRiboulamChevauxetEvenements1976\/"]}]}},"_links":{"self":[{"href":"https:\/\/www.ecuriesderiboulam.com\/index.php\/wp-json\/wp\/v2\/pages\/395","targetHints":{"allow":["GET"]}}],"collection":[{"href":"https:\/\/www.ecuriesderiboulam.com\/index.php\/wp-json\/wp\/v2\/pages"}],"about":[{"href":"https:\/\/www.ecuriesderiboulam.com\/index.php\/wp-json\/wp\/v2\/types\/page"}],"author":[{"embeddable":true,"href":"https:\/\/www.ecuriesderiboulam.com\/index.php\/wp-json\/wp\/v2\/users\/1"}],"replies":[{"embeddable":true,"href":"https:\/\/www.ecuriesderiboulam.com\/index.php\/wp-json\/wp\/v2\/comments?post=395"}],"version-history":[{"count":6,"href":"https:\/\/www.ecuriesderiboulam.com\/index.php\/wp-json\/wp\/v2\/pages\/395\/revisions"}],"predecessor-version":[{"id":2912,"href":"https:\/\/www.ecuriesderiboulam.com\/index.php\/wp-json\/wp\/v2\/pages\/395\/revisions\/2912"}],"up":[{"embeddable":true,"href":"https:\/\/www.ecuriesderiboulam.com\/index.php\/wp-json\/wp\/v2\/pages\/366"}],"wp:attachment":[{"href":"https:\/\/www.ecuriesderiboulam.com\/index.php\/wp-json\/wp\/v2\/media?parent=395"}],"curies":[{"name":"wp","href":"https:\/\/api.w.org\/{rel}","templated":true}]}}