{"id":387,"date":"2018-01-08T23:03:09","date_gmt":"2018-01-08T23:03:09","guid":{"rendered":"http:\/\/www.ecuriesderiboulam.com\/?page_id=387"},"modified":"2018-02-17T19:43:26","modified_gmt":"2018-02-17T19:43:26","slug":"lete-en-lozere","status":"publish","type":"page","link":"https:\/\/www.ecuriesderiboulam.com\/index.php\/stages\/lete-en-lozere\/","title":{"rendered":"L&rsquo;\u00e9t\u00e9 en Loz\u00e8re"},"content":{"rendered":"<p>[et_pb_section fb_built=\u00a0\u00bb1&Prime; admin_label=\u00a0\u00bbsection\u00a0\u00bb _builder_version=\u00a0\u00bb3.0.101&Prime; background_color=\u00a0\u00bb#84866e\u00a0\u00bb][et_pb_row admin_label=\u00a0\u00bbrow\u00a0\u00bb _builder_version=\u00a0\u00bb3.0.47&Prime; background_size=\u00a0\u00bbinitial\u00a0\u00bb background_position=\u00a0\u00bbtop_left\u00a0\u00bb background_repeat=\u00a0\u00bbrepeat\u00a0\u00bb][et_pb_column type=\u00a0\u00bb4_4&Prime; _builder_version=\u00a0\u00bb3.0.47&Prime; parallax=\u00a0\u00bboff\u00a0\u00bb parallax_method=\u00a0\u00bbon\u00a0\u00bb][et_pb_text admin_label=\u00a0\u00bbText\u00a0\u00bb _builder_version=\u00a0\u00bb3.0.101&Prime; background_size=\u00a0\u00bbinitial\u00a0\u00bb background_position=\u00a0\u00bbtop_left\u00a0\u00bb background_repeat=\u00a0\u00bbrepeat\u00a0\u00bb]<\/p>\n<h1>L\u2019\u00e9t\u00e9 en Loz\u00e8re<\/h1>\n<p>Venez d\u00e9couvrir la magnifique r\u00e9gion de la Loz\u00e8re avec les stages des Ecuries de Riboulam. Le centre \u00e9questre organise depuis d\u00e9j\u00e0 20 ans des s\u00e9jours d&rsquo;une semaine en Loz\u00e8re durant le mois de juillet, loin de la chaleur \u00e9touffante de l&rsquo;\u00e9t\u00e9 proven\u00e7al. A quelques kilom\u00e8tres de St Alban sur Limagnole, c&rsquo;est dans un cadre authentique et en harmonie avec la r\u00e9gion que se d\u00e9roule chaque ann\u00e9e ce stage, dans une ambiance chaleureuse et familiale.<\/p>\n<p>Des vacances inoubliables \u00e0 partager avec les poneys et chevaux de notre centre \u00e9questre qui font eux aussi partie du voyage ! Une fois en Loz\u00e8re nous randonnons \u00e0 la d\u00e9couverte d&rsquo;un immense espace de for\u00eats et de prairies, au coeur de la Margeride et de l&rsquo;Aubrac sur le chemin de St Jacques de Compostelle. Ceux qui viennent une fois reviennent en g\u00e9n\u00e9ral en p\u00e9lerinage chaque ann\u00e9e&#8230;<\/p>\n<p>Ce stage est l&rsquo;occasion id\u00e9ale pour nos cavaliers (enfants ou adultes) de vivre une aventure extraodinaire \u00e0 cheval entre copains. Des groupes d&rsquo;\u00e2ge et de niveaux sont organis\u00e9s chaque ann\u00e9e pour garantir une homog\u00e9n\u00e9it\u00e9 suffisante dans les groupes.<\/p>\n<p>N&rsquo;h\u00e9sitez pas \u00e0 vous inscrire \u00e0 la newsletter des Ecuries de Riboulam ou \u00e0 venir directement au club \u00e0 Cornillon Confoux pour vous renseigner aupr\u00e8s de l&rsquo;\u00e9quipe du centre \u00e9questre.<\/p>\n<p>[\/et_pb_text][\/et_pb_column][\/et_pb_row][et_pb_row _builder_version=\u00a0\u00bb3.0.101&Prime;][et_pb_column type=\u00a0\u00bb4_4&Prime; _builder_version=\u00a0\u00bb3.0.101&Prime; parallax=\u00a0\u00bboff\u00a0\u00bb parallax_method=\u00a0\u00bbon\u00a0\u00bb][et_pb_gallery gallery_ids=\u00a0\u00bb688,687,686&Prime; gallery_captions=\u00a0\u00bb,,\u00a0\u00bb _builder_version=\u00a0\u00bb3.0.101&Prime;][\/et_pb_gallery][\/et_pb_column][\/et_pb_row][\/et_pb_section]<\/p>\n","protected":false},"excerpt":{"rendered":"<p>L\u2019\u00e9t\u00e9 en Loz\u00e8re Venez d\u00e9couvrir la magnifique r\u00e9gion de la Loz\u00e8re avec les stages des Ecuries de Riboulam. Le centre \u00e9questre organise depuis d\u00e9j\u00e0 20 ans des s\u00e9jours d&rsquo;une semaine en Loz\u00e8re durant le mois de juillet, loin de la chaleur \u00e9touffante de l&rsquo;\u00e9t\u00e9 proven\u00e7al. A quelques kilom\u00e8tres de St Alban sur Limagnole, c&rsquo;est dans [&hellip;]<\/p>\n","protected":false},"author":1,"featured_media":0,"parent":379,"menu_order":0,"comment_status":"closed","ping_status":"closed","template":"","meta":{"_et_pb_use_builder":"on","_et_pb_old_content":"","_et_gb_content_width":"","_exactmetrics_skip_tracking":false,"_exactmetrics_sitenote_active":false,"_exactmetrics_sitenote_note":"","_exactmetrics_sitenote_category":0,"footnotes":""},"class_list":["post-387","page","type-page","status-publish","hentry"],"yoast_head":"<!-- This site is optimized with the Yoast SEO plugin v24.3 - https:\/\/yoast.com\/wordpress\/plugins\/seo\/ -->\n<title>L&#039;\u00e9t\u00e9 en Loz\u00e8re - Ecuries de Riboulam<\/title>\n<meta name=\"robots\" content=\"index, follow, max-snippet:-1, max-image-preview:large, max-video-preview:-1\" \/>\n<link rel=\"canonical\" href=\"https:\/\/www.ecuriesderiboulam.com\/index.php\/stages\/lete-en-lozere\/\" \/>\n<meta property=\"og:locale\" content=\"fr_FR\" \/>\n<meta property=\"og:type\" content=\"article\" \/>\n<meta property=\"og:title\" content=\"L&#039;\u00e9t\u00e9 en Loz\u00e8re - Ecuries de Riboulam\" \/>\n<meta property=\"og:description\" content=\"L\u2019\u00e9t\u00e9 en Loz\u00e8re Venez d\u00e9couvrir la magnifique r\u00e9gion de la Loz\u00e8re avec les stages des Ecuries de Riboulam. Le centre \u00e9questre organise depuis d\u00e9j\u00e0 20 ans des s\u00e9jours d&#039;une semaine en Loz\u00e8re durant le mois de juillet, loin de la chaleur \u00e9touffante de l&#039;\u00e9t\u00e9 proven\u00e7al. A quelques kilom\u00e8tres de St Alban sur Limagnole, c&#039;est dans [&hellip;]\" \/>\n<meta property=\"og:url\" content=\"https:\/\/www.ecuriesderiboulam.com\/index.php\/stages\/lete-en-lozere\/\" \/>\n<meta property=\"og:site_name\" content=\"Ecuries de Riboulam\" \/>\n<meta property=\"article:publisher\" content=\"https:\/\/www.facebook.com\/EcuriesdeRiboulamChevauxetEvenements1976\/\" \/>\n<meta property=\"article:modified_time\" content=\"2018-02-17T19:43:26+00:00\" \/>\n<meta name=\"twitter:card\" content=\"summary_large_image\" \/>\n<meta name=\"twitter:label1\" content=\"Dur\u00e9e de lecture estim\u00e9e\" \/>\n\t<meta name=\"twitter:data1\" content=\"2 minutes\" \/>\n<script type=\"application\/ld+json\" class=\"yoast-schema-graph\">{\"@context\":\"https:\/\/schema.org\",\"@graph\":[{\"@type\":\"WebPage\",\"@id\":\"https:\/\/www.ecuriesderiboulam.com\/index.php\/stages\/lete-en-lozere\/\",\"url\":\"https:\/\/www.ecuriesderiboulam.com\/index.php\/stages\/lete-en-lozere\/\",\"name\":\"L'\u00e9t\u00e9 en Loz\u00e8re - Ecuries de Riboulam\",\"isPartOf\":{\"@id\":\"https:\/\/www.ecuriesderiboulam.com\/#website\"},\"datePublished\":\"2018-01-08T23:03:09+00:00\",\"dateModified\":\"2018-02-17T19:43:26+00:00\",\"breadcrumb\":{\"@id\":\"https:\/\/www.ecuriesderiboulam.com\/index.php\/stages\/lete-en-lozere\/#breadcrumb\"},\"inLanguage\":\"fr-FR\",\"potentialAction\":[{\"@type\":\"ReadAction\",\"target\":[\"https:\/\/www.ecuriesderiboulam.com\/index.php\/stages\/lete-en-lozere\/\"]}]},{\"@type\":\"BreadcrumbList\",\"@id\":\"https:\/\/www.ecuriesderiboulam.com\/index.php\/stages\/lete-en-lozere\/#breadcrumb\",\"itemListElement\":[{\"@type\":\"ListItem\",\"position\":1,\"name\":\"Home\",\"item\":\"https:\/\/www.ecuriesderiboulam.com\/\"},{\"@type\":\"ListItem\",\"position\":2,\"name\":\"Stages\",\"item\":\"https:\/\/www.ecuriesderiboulam.com\/index.php\/stages\/\"},{\"@type\":\"ListItem\",\"position\":3,\"name\":\"L&rsquo;\u00e9t\u00e9 en Loz\u00e8re\"}]},{\"@type\":\"WebSite\",\"@id\":\"https:\/\/www.ecuriesderiboulam.com\/#website\",\"url\":\"https:\/\/www.ecuriesderiboulam.com\/\",\"name\":\"Ecuries de Riboulam\",\"description\":\"Le bonheur \u00e9questre en Provence\",\"publisher\":{\"@id\":\"https:\/\/www.ecuriesderiboulam.com\/#organization\"},\"potentialAction\":[{\"@type\":\"SearchAction\",\"target\":{\"@type\":\"EntryPoint\",\"urlTemplate\":\"https:\/\/www.ecuriesderiboulam.com\/?s={search_term_string}\"},\"query-input\":{\"@type\":\"PropertyValueSpecification\",\"valueRequired\":true,\"valueName\":\"search_term_string\"}}],\"inLanguage\":\"fr-FR\"},{\"@type\":\"Organization\",\"@id\":\"https:\/\/www.ecuriesderiboulam.com\/#organization\",\"name\":\"Ecuries de Riboulam\",\"url\":\"https:\/\/www.ecuriesderiboulam.com\/\",\"logo\":{\"@type\":\"ImageObject\",\"inLanguage\":\"fr-FR\",\"@id\":\"https:\/\/www.ecuriesderiboulam.com\/#\/schema\/logo\/image\/\",\"url\":\"https:\/\/www.ecuriesderiboulam.com\/wp-content\/uploads\/2018\/01\/Logo_noir.png\",\"contentUrl\":\"https:\/\/www.ecuriesderiboulam.com\/wp-content\/uploads\/2018\/01\/Logo_noir.png\",\"width\":852,\"height\":852,\"caption\":\"Ecuries de Riboulam\"},\"image\":{\"@id\":\"https:\/\/www.ecuriesderiboulam.com\/#\/schema\/logo\/image\/\"},\"sameAs\":[\"https:\/\/www.facebook.com\/EcuriesdeRiboulamChevauxetEvenements1976\/\"]}]}<\/script>\n<!-- \/ Yoast SEO plugin. -->","yoast_head_json":{"title":"L'\u00e9t\u00e9 en Loz\u00e8re - Ecuries de Riboulam","robots":{"index":"index","follow":"follow","max-snippet":"max-snippet:-1","max-image-preview":"max-image-preview:large","max-video-preview":"max-video-preview:-1"},"canonical":"https:\/\/www.ecuriesderiboulam.com\/index.php\/stages\/lete-en-lozere\/","og_locale":"fr_FR","og_type":"article","og_title":"L'\u00e9t\u00e9 en Loz\u00e8re - Ecuries de Riboulam","og_description":"L\u2019\u00e9t\u00e9 en Loz\u00e8re Venez d\u00e9couvrir la magnifique r\u00e9gion de la Loz\u00e8re avec les stages des Ecuries de Riboulam. Le centre \u00e9questre organise depuis d\u00e9j\u00e0 20 ans des s\u00e9jours d'une semaine en Loz\u00e8re durant le mois de juillet, loin de la chaleur \u00e9touffante de l'\u00e9t\u00e9 proven\u00e7al. A quelques kilom\u00e8tres de St Alban sur Limagnole, c'est dans [&hellip;]","og_url":"https:\/\/www.ecuriesderiboulam.com\/index.php\/stages\/lete-en-lozere\/","og_site_name":"Ecuries de Riboulam","article_publisher":"https:\/\/www.facebook.com\/EcuriesdeRiboulamChevauxetEvenements1976\/","article_modified_time":"2018-02-17T19:43:26+00:00","twitter_card":"summary_large_image","twitter_misc":{"Dur\u00e9e de lecture estim\u00e9e":"2 minutes"},"schema":{"@context":"https:\/\/schema.org","@graph":[{"@type":"WebPage","@id":"https:\/\/www.ecuriesderiboulam.com\/index.php\/stages\/lete-en-lozere\/","url":"https:\/\/www.ecuriesderiboulam.com\/index.php\/stages\/lete-en-lozere\/","name":"L'\u00e9t\u00e9 en Loz\u00e8re - Ecuries de Riboulam","isPartOf":{"@id":"https:\/\/www.ecuriesderiboulam.com\/#website"},"datePublished":"2018-01-08T23:03:09+00:00","dateModified":"2018-02-17T19:43:26+00:00","breadcrumb":{"@id":"https:\/\/www.ecuriesderiboulam.com\/index.php\/stages\/lete-en-lozere\/#breadcrumb"},"inLanguage":"fr-FR","potentialAction":[{"@type":"ReadAction","target":["https:\/\/www.ecuriesderiboulam.com\/index.php\/stages\/lete-en-lozere\/"]}]},{"@type":"BreadcrumbList","@id":"https:\/\/www.ecuriesderiboulam.com\/index.php\/stages\/lete-en-lozere\/#breadcrumb","itemListElement":[{"@type":"ListItem","position":1,"name":"Home","item":"https:\/\/www.ecuriesderiboulam.com\/"},{"@type":"ListItem","position":2,"name":"Stages","item":"https:\/\/www.ecuriesderiboulam.com\/index.php\/stages\/"},{"@type":"ListItem","position":3,"name":"L&rsquo;\u00e9t\u00e9 en Loz\u00e8re"}]},{"@type":"WebSite","@id":"https:\/\/www.ecuriesderiboulam.com\/#website","url":"https:\/\/www.ecuriesderiboulam.com\/","name":"Ecuries de Riboulam","description":"Le bonheur \u00e9questre en Provence","publisher":{"@id":"https:\/\/www.ecuriesderiboulam.com\/#organization"},"potentialAction":[{"@type":"SearchAction","target":{"@type":"EntryPoint","urlTemplate":"https:\/\/www.ecuriesderiboulam.com\/?s={search_term_string}"},"query-input":{"@type":"PropertyValueSpecification","valueRequired":true,"valueName":"search_term_string"}}],"inLanguage":"fr-FR"},{"@type":"Organization","@id":"https:\/\/www.ecuriesderiboulam.com\/#organization","name":"Ecuries de Riboulam","url":"https:\/\/www.ecuriesderiboulam.com\/","logo":{"@type":"ImageObject","inLanguage":"fr-FR","@id":"https:\/\/www.ecuriesderiboulam.com\/#\/schema\/logo\/image\/","url":"https:\/\/www.ecuriesderiboulam.com\/wp-content\/uploads\/2018\/01\/Logo_noir.png","contentUrl":"https:\/\/www.ecuriesderiboulam.com\/wp-content\/uploads\/2018\/01\/Logo_noir.png","width":852,"height":852,"caption":"Ecuries de Riboulam"},"image":{"@id":"https:\/\/www.ecuriesderiboulam.com\/#\/schema\/logo\/image\/"},"sameAs":["https:\/\/www.facebook.com\/EcuriesdeRiboulamChevauxetEvenements1976\/"]}]}},"_links":{"self":[{"href":"https:\/\/www.ecuriesderiboulam.com\/index.php\/wp-json\/wp\/v2\/pages\/387","targetHints":{"allow":["GET"]}}],"collection":[{"href":"https:\/\/www.ecuriesderiboulam.com\/index.php\/wp-json\/wp\/v2\/pages"}],"about":[{"href":"https:\/\/www.ecuriesderiboulam.com\/index.php\/wp-json\/wp\/v2\/types\/page"}],"author":[{"embeddable":true,"href":"https:\/\/www.ecuriesderiboulam.com\/index.php\/wp-json\/wp\/v2\/users\/1"}],"replies":[{"embeddable":true,"href":"https:\/\/www.ecuriesderiboulam.com\/index.php\/wp-json\/wp\/v2\/comments?post=387"}],"version-history":[{"count":4,"href":"https:\/\/www.ecuriesderiboulam.com\/index.php\/wp-json\/wp\/v2\/pages\/387\/revisions"}],"predecessor-version":[{"id":764,"href":"https:\/\/www.ecuriesderiboulam.com\/index.php\/wp-json\/wp\/v2\/pages\/387\/revisions\/764"}],"up":[{"embeddable":true,"href":"https:\/\/www.ecuriesderiboulam.com\/index.php\/wp-json\/wp\/v2\/pages\/379"}],"wp:attachment":[{"href":"https:\/\/www.ecuriesderiboulam.com\/index.php\/wp-json\/wp\/v2\/media?parent=387"}],"curies":[{"name":"wp","href":"https:\/\/api.w.org\/{rel}","templated":true}]}}