{"id":383,"date":"2018-01-08T23:02:19","date_gmt":"2018-01-08T23:02:19","guid":{"rendered":"http:\/\/www.ecuriesderiboulam.com\/?page_id=383"},"modified":"2018-02-17T19:05:41","modified_gmt":"2018-02-17T19:05:41","slug":"vacances-scolaires","status":"publish","type":"page","link":"https:\/\/www.ecuriesderiboulam.com\/index.php\/stages\/vacances-scolaires\/","title":{"rendered":"Vacances scolaires"},"content":{"rendered":"<p>[et_pb_section fb_built=\u00a0\u00bb1&Prime; admin_label=\u00a0\u00bbsection\u00a0\u00bb _builder_version=\u00a0\u00bb3.0.101&Prime; background_color=\u00a0\u00bb#84866e\u00a0\u00bb][et_pb_row admin_label=\u00a0\u00bbrow\u00a0\u00bb _builder_version=\u00a0\u00bb3.0.47&Prime; background_size=\u00a0\u00bbinitial\u00a0\u00bb background_position=\u00a0\u00bbtop_left\u00a0\u00bb background_repeat=\u00a0\u00bbrepeat\u00a0\u00bb][et_pb_column type=\u00a0\u00bb4_4&Prime; _builder_version=\u00a0\u00bb3.0.47&Prime; parallax=\u00a0\u00bboff\u00a0\u00bb parallax_method=\u00a0\u00bbon\u00a0\u00bb][et_pb_text admin_label=\u00a0\u00bbText\u00a0\u00bb _builder_version=\u00a0\u00bb3.0.101&Prime; background_size=\u00a0\u00bbinitial\u00a0\u00bb background_position=\u00a0\u00bbtop_left\u00a0\u00bb background_repeat=\u00a0\u00bbrepeat\u00a0\u00bb]<\/p>\n<h1>Stages pendant les vacances scolaires<\/h1>\n<p>A chaque p\u00e9riode de vacances scolaires le centre \u00e9questre propose diff\u00e9rents stages pour tous les niveaux et tous les go\u00fbts. Id\u00e9al pour occuper les enfants avec des activit\u00e9s sportives en plein air entre amis pendant que les parents doivent travailler, une excellente alternative aux solutions de garde iPad, t\u00e9l\u00e9, PC ou console de jeux !\u00a0<\/p>\n<ul>\n<li>Stage d\u00e9couverte d\u00e8s l&rsquo;\u00e2ge de 5 ans<\/li>\n<li>Passage d&rsquo;examens f\u00e9d\u00e9raux du galop 1 au galop 7 : les vacances sont une bonne opportunit\u00e9 pour le passage des galops. En effet une pratique quotidienne pendant plusieurs jours, associ\u00e9e \u00e0 des moments de cours th\u00e9oriques permettent d&rsquo;\u00eatre fin pr\u00eat le jour de l&rsquo;examen<\/li>\n<li>Journ\u00e9es \u00e0 th\u00e8me : dressage, cso, cross, jeux, randonn\u00e9e&#8230;<\/li>\n<\/ul>\n<p>Afin de soulager les parents et \u00e9galement de partager un moment de convivialit\u00e9, tous les cavaliers petits et grands sont pris en charge par le club de 10 h \u00e0 17 h REPAS COMPRIS. Et comme pour nous la nature est une v\u00e9ritable vocation, nous proposons des repas faits maison avec des produits locaux de qualit\u00e9, biologiques si possible.<\/p>\n<p>Les tarifs sont d\u00e9gressifs en fonction du nombre de jours de stage et d\u00e9pendent du programme et des animateurs ext\u00e9rieurs qui interviennent parfois. Ils peuvent \u00eatre consult\u00e9s au bureau, ainsi que les groupes en g\u00e9n\u00e9ral organis\u00e9s par niveaux et en fonction des affinit\u00e9s, pour garantir \u00e0 chacun la meilleure exp\u00e9rience possible.<\/p>\n<p>[\/et_pb_text][\/et_pb_column][\/et_pb_row][\/et_pb_section]<\/p>\n","protected":false},"excerpt":{"rendered":"<p>Stages pendant les vacances scolaires A chaque p\u00e9riode de vacances scolaires le centre \u00e9questre propose diff\u00e9rents stages pour tous les niveaux et tous les go\u00fbts. Id\u00e9al pour occuper les enfants avec des activit\u00e9s sportives en plein air entre amis pendant que les parents doivent travailler, une excellente alternative aux solutions de garde iPad, t\u00e9l\u00e9, PC [&hellip;]<\/p>\n","protected":false},"author":1,"featured_media":0,"parent":379,"menu_order":0,"comment_status":"closed","ping_status":"closed","template":"","meta":{"_et_pb_use_builder":"on","_et_pb_old_content":"","_et_gb_content_width":"","_exactmetrics_skip_tracking":false,"_exactmetrics_sitenote_active":false,"_exactmetrics_sitenote_note":"","_exactmetrics_sitenote_category":0,"footnotes":""},"class_list":["post-383","page","type-page","status-publish","hentry"],"yoast_head":"<!-- This site is optimized with the Yoast SEO plugin v24.3 - https:\/\/yoast.com\/wordpress\/plugins\/seo\/ -->\n<title>Vacances scolaires - Ecuries de Riboulam<\/title>\n<meta name=\"robots\" content=\"index, follow, max-snippet:-1, max-image-preview:large, max-video-preview:-1\" \/>\n<link rel=\"canonical\" href=\"https:\/\/www.ecuriesderiboulam.com\/index.php\/stages\/vacances-scolaires\/\" \/>\n<meta property=\"og:locale\" content=\"fr_FR\" \/>\n<meta property=\"og:type\" content=\"article\" \/>\n<meta property=\"og:title\" content=\"Vacances scolaires - Ecuries de Riboulam\" \/>\n<meta property=\"og:description\" content=\"Stages pendant les vacances scolaires A chaque p\u00e9riode de vacances scolaires le centre \u00e9questre propose diff\u00e9rents stages pour tous les niveaux et tous les go\u00fbts. Id\u00e9al pour occuper les enfants avec des activit\u00e9s sportives en plein air entre amis pendant que les parents doivent travailler, une excellente alternative aux solutions de garde iPad, t\u00e9l\u00e9, PC [&hellip;]\" \/>\n<meta property=\"og:url\" content=\"https:\/\/www.ecuriesderiboulam.com\/index.php\/stages\/vacances-scolaires\/\" \/>\n<meta property=\"og:site_name\" content=\"Ecuries de Riboulam\" \/>\n<meta property=\"article:publisher\" content=\"https:\/\/www.facebook.com\/EcuriesdeRiboulamChevauxetEvenements1976\/\" \/>\n<meta property=\"article:modified_time\" content=\"2018-02-17T19:05:41+00:00\" \/>\n<meta name=\"twitter:card\" content=\"summary_large_image\" \/>\n<meta name=\"twitter:label1\" content=\"Dur\u00e9e de lecture estim\u00e9e\" \/>\n\t<meta name=\"twitter:data1\" content=\"2 minutes\" \/>\n<script type=\"application\/ld+json\" class=\"yoast-schema-graph\">{\"@context\":\"https:\/\/schema.org\",\"@graph\":[{\"@type\":\"WebPage\",\"@id\":\"https:\/\/www.ecuriesderiboulam.com\/index.php\/stages\/vacances-scolaires\/\",\"url\":\"https:\/\/www.ecuriesderiboulam.com\/index.php\/stages\/vacances-scolaires\/\",\"name\":\"Vacances scolaires - Ecuries de Riboulam\",\"isPartOf\":{\"@id\":\"https:\/\/www.ecuriesderiboulam.com\/#website\"},\"datePublished\":\"2018-01-08T23:02:19+00:00\",\"dateModified\":\"2018-02-17T19:05:41+00:00\",\"breadcrumb\":{\"@id\":\"https:\/\/www.ecuriesderiboulam.com\/index.php\/stages\/vacances-scolaires\/#breadcrumb\"},\"inLanguage\":\"fr-FR\",\"potentialAction\":[{\"@type\":\"ReadAction\",\"target\":[\"https:\/\/www.ecuriesderiboulam.com\/index.php\/stages\/vacances-scolaires\/\"]}]},{\"@type\":\"BreadcrumbList\",\"@id\":\"https:\/\/www.ecuriesderiboulam.com\/index.php\/stages\/vacances-scolaires\/#breadcrumb\",\"itemListElement\":[{\"@type\":\"ListItem\",\"position\":1,\"name\":\"Home\",\"item\":\"https:\/\/www.ecuriesderiboulam.com\/\"},{\"@type\":\"ListItem\",\"position\":2,\"name\":\"Stages\",\"item\":\"https:\/\/www.ecuriesderiboulam.com\/index.php\/stages\/\"},{\"@type\":\"ListItem\",\"position\":3,\"name\":\"Vacances scolaires\"}]},{\"@type\":\"WebSite\",\"@id\":\"https:\/\/www.ecuriesderiboulam.com\/#website\",\"url\":\"https:\/\/www.ecuriesderiboulam.com\/\",\"name\":\"Ecuries de Riboulam\",\"description\":\"Le bonheur \u00e9questre en Provence\",\"publisher\":{\"@id\":\"https:\/\/www.ecuriesderiboulam.com\/#organization\"},\"potentialAction\":[{\"@type\":\"SearchAction\",\"target\":{\"@type\":\"EntryPoint\",\"urlTemplate\":\"https:\/\/www.ecuriesderiboulam.com\/?s={search_term_string}\"},\"query-input\":{\"@type\":\"PropertyValueSpecification\",\"valueRequired\":true,\"valueName\":\"search_term_string\"}}],\"inLanguage\":\"fr-FR\"},{\"@type\":\"Organization\",\"@id\":\"https:\/\/www.ecuriesderiboulam.com\/#organization\",\"name\":\"Ecuries de Riboulam\",\"url\":\"https:\/\/www.ecuriesderiboulam.com\/\",\"logo\":{\"@type\":\"ImageObject\",\"inLanguage\":\"fr-FR\",\"@id\":\"https:\/\/www.ecuriesderiboulam.com\/#\/schema\/logo\/image\/\",\"url\":\"https:\/\/www.ecuriesderiboulam.com\/wp-content\/uploads\/2018\/01\/Logo_noir.png\",\"contentUrl\":\"https:\/\/www.ecuriesderiboulam.com\/wp-content\/uploads\/2018\/01\/Logo_noir.png\",\"width\":852,\"height\":852,\"caption\":\"Ecuries de Riboulam\"},\"image\":{\"@id\":\"https:\/\/www.ecuriesderiboulam.com\/#\/schema\/logo\/image\/\"},\"sameAs\":[\"https:\/\/www.facebook.com\/EcuriesdeRiboulamChevauxetEvenements1976\/\"]}]}<\/script>\n<!-- \/ Yoast SEO plugin. -->","yoast_head_json":{"title":"Vacances scolaires - Ecuries de Riboulam","robots":{"index":"index","follow":"follow","max-snippet":"max-snippet:-1","max-image-preview":"max-image-preview:large","max-video-preview":"max-video-preview:-1"},"canonical":"https:\/\/www.ecuriesderiboulam.com\/index.php\/stages\/vacances-scolaires\/","og_locale":"fr_FR","og_type":"article","og_title":"Vacances scolaires - Ecuries de Riboulam","og_description":"Stages pendant les vacances scolaires A chaque p\u00e9riode de vacances scolaires le centre \u00e9questre propose diff\u00e9rents stages pour tous les niveaux et tous les go\u00fbts. Id\u00e9al pour occuper les enfants avec des activit\u00e9s sportives en plein air entre amis pendant que les parents doivent travailler, une excellente alternative aux solutions de garde iPad, t\u00e9l\u00e9, PC [&hellip;]","og_url":"https:\/\/www.ecuriesderiboulam.com\/index.php\/stages\/vacances-scolaires\/","og_site_name":"Ecuries de Riboulam","article_publisher":"https:\/\/www.facebook.com\/EcuriesdeRiboulamChevauxetEvenements1976\/","article_modified_time":"2018-02-17T19:05:41+00:00","twitter_card":"summary_large_image","twitter_misc":{"Dur\u00e9e de lecture estim\u00e9e":"2 minutes"},"schema":{"@context":"https:\/\/schema.org","@graph":[{"@type":"WebPage","@id":"https:\/\/www.ecuriesderiboulam.com\/index.php\/stages\/vacances-scolaires\/","url":"https:\/\/www.ecuriesderiboulam.com\/index.php\/stages\/vacances-scolaires\/","name":"Vacances scolaires - Ecuries de Riboulam","isPartOf":{"@id":"https:\/\/www.ecuriesderiboulam.com\/#website"},"datePublished":"2018-01-08T23:02:19+00:00","dateModified":"2018-02-17T19:05:41+00:00","breadcrumb":{"@id":"https:\/\/www.ecuriesderiboulam.com\/index.php\/stages\/vacances-scolaires\/#breadcrumb"},"inLanguage":"fr-FR","potentialAction":[{"@type":"ReadAction","target":["https:\/\/www.ecuriesderiboulam.com\/index.php\/stages\/vacances-scolaires\/"]}]},{"@type":"BreadcrumbList","@id":"https:\/\/www.ecuriesderiboulam.com\/index.php\/stages\/vacances-scolaires\/#breadcrumb","itemListElement":[{"@type":"ListItem","position":1,"name":"Home","item":"https:\/\/www.ecuriesderiboulam.com\/"},{"@type":"ListItem","position":2,"name":"Stages","item":"https:\/\/www.ecuriesderiboulam.com\/index.php\/stages\/"},{"@type":"ListItem","position":3,"name":"Vacances scolaires"}]},{"@type":"WebSite","@id":"https:\/\/www.ecuriesderiboulam.com\/#website","url":"https:\/\/www.ecuriesderiboulam.com\/","name":"Ecuries de Riboulam","description":"Le bonheur \u00e9questre en Provence","publisher":{"@id":"https:\/\/www.ecuriesderiboulam.com\/#organization"},"potentialAction":[{"@type":"SearchAction","target":{"@type":"EntryPoint","urlTemplate":"https:\/\/www.ecuriesderiboulam.com\/?s={search_term_string}"},"query-input":{"@type":"PropertyValueSpecification","valueRequired":true,"valueName":"search_term_string"}}],"inLanguage":"fr-FR"},{"@type":"Organization","@id":"https:\/\/www.ecuriesderiboulam.com\/#organization","name":"Ecuries de Riboulam","url":"https:\/\/www.ecuriesderiboulam.com\/","logo":{"@type":"ImageObject","inLanguage":"fr-FR","@id":"https:\/\/www.ecuriesderiboulam.com\/#\/schema\/logo\/image\/","url":"https:\/\/www.ecuriesderiboulam.com\/wp-content\/uploads\/2018\/01\/Logo_noir.png","contentUrl":"https:\/\/www.ecuriesderiboulam.com\/wp-content\/uploads\/2018\/01\/Logo_noir.png","width":852,"height":852,"caption":"Ecuries de Riboulam"},"image":{"@id":"https:\/\/www.ecuriesderiboulam.com\/#\/schema\/logo\/image\/"},"sameAs":["https:\/\/www.facebook.com\/EcuriesdeRiboulamChevauxetEvenements1976\/"]}]}},"_links":{"self":[{"href":"https:\/\/www.ecuriesderiboulam.com\/index.php\/wp-json\/wp\/v2\/pages\/383","targetHints":{"allow":["GET"]}}],"collection":[{"href":"https:\/\/www.ecuriesderiboulam.com\/index.php\/wp-json\/wp\/v2\/pages"}],"about":[{"href":"https:\/\/www.ecuriesderiboulam.com\/index.php\/wp-json\/wp\/v2\/types\/page"}],"author":[{"embeddable":true,"href":"https:\/\/www.ecuriesderiboulam.com\/index.php\/wp-json\/wp\/v2\/users\/1"}],"replies":[{"embeddable":true,"href":"https:\/\/www.ecuriesderiboulam.com\/index.php\/wp-json\/wp\/v2\/comments?post=383"}],"version-history":[{"count":3,"href":"https:\/\/www.ecuriesderiboulam.com\/index.php\/wp-json\/wp\/v2\/pages\/383\/revisions"}],"predecessor-version":[{"id":753,"href":"https:\/\/www.ecuriesderiboulam.com\/index.php\/wp-json\/wp\/v2\/pages\/383\/revisions\/753"}],"up":[{"embeddable":true,"href":"https:\/\/www.ecuriesderiboulam.com\/index.php\/wp-json\/wp\/v2\/pages\/379"}],"wp:attachment":[{"href":"https:\/\/www.ecuriesderiboulam.com\/index.php\/wp-json\/wp\/v2\/media?parent=383"}],"curies":[{"name":"wp","href":"https:\/\/api.w.org\/{rel}","templated":true}]}}