{"id":366,"date":"2018-01-08T22:49:27","date_gmt":"2018-01-08T22:49:27","guid":{"rendered":"http:\/\/www.ecuriesderiboulam.com\/?page_id=366"},"modified":"2018-04-16T23:36:13","modified_gmt":"2018-04-16T21:36:13","slug":"ecole-dequitation","status":"publish","type":"page","link":"https:\/\/www.ecuriesderiboulam.com\/index.php\/ecole-dequitation\/","title":{"rendered":"Ecole d&rsquo;\u00e9quitation"},"content":{"rendered":"<p>[et_pb_section fb_built=\u00a0\u00bb1&Prime; _builder_version=\u00a0\u00bb3.0.92&Prime; background_color=\u00a0\u00bb#84866e\u00a0\u00bb][et_pb_row _builder_version=\u00a0\u00bb3.0.47&Prime; background_size=\u00a0\u00bbinitial\u00a0\u00bb background_position=\u00a0\u00bbtop_left\u00a0\u00bb background_repeat=\u00a0\u00bbrepeat\u00a0\u00bb][et_pb_column type=\u00a0\u00bb4_4&Prime; _builder_version=\u00a0\u00bb3.0.47&Prime; parallax=\u00a0\u00bboff\u00a0\u00bb parallax_method=\u00a0\u00bbon\u00a0\u00bb][et_pb_text _builder_version=\u00a0\u00bb3.0.92&Prime; background_size=\u00a0\u00bbinitial\u00a0\u00bb background_position=\u00a0\u00bbtop_left\u00a0\u00bb background_repeat=\u00a0\u00bbrepeat\u00a0\u00bb]<\/p>\n<h1 style=\"text-align: center;\">Page en construction<\/h1>\n<p style=\"text-align: center;\"><img loading=\"lazy\" decoding=\"async\" class=\"wp-image-369 alignnone size-full\" src=\"http:\/\/www.ecuriesderiboulam.com\/wp-content\/uploads\/2018\/01\/marechal_ferrant.png\" alt=\"\" width=\"239\" height=\"211\" \/><\/p>\n<p>[\/et_pb_text][\/et_pb_column][\/et_pb_row][\/et_pb_section]<\/p>\n","protected":false},"excerpt":{"rendered":"<p>Page en construction<\/p>\n","protected":false},"author":1,"featured_media":0,"parent":0,"menu_order":0,"comment_status":"closed","ping_status":"closed","template":"","meta":{"_et_pb_use_builder":"on","_et_pb_old_content":"<p>Page en construction<\/p>","_et_gb_content_width":"","_exactmetrics_skip_tracking":false,"_exactmetrics_sitenote_active":false,"_exactmetrics_sitenote_note":"","_exactmetrics_sitenote_category":0,"footnotes":""},"class_list":["post-366","page","type-page","status-publish","hentry"],"yoast_head":"<!-- This site is optimized with the Yoast SEO plugin v24.3 - https:\/\/yoast.com\/wordpress\/plugins\/seo\/ -->\n<title>Cours d&#039;\u00e9quitation poney\/cheval \u00e0 Cornillon-Confoux, Grans, Lan\u00e7on<\/title>\n<meta name=\"description\" content=\"Cours d&#039;\u00e9quitation, passage de galops 1 \u00e0 7. Moniteurs dipl\u00f4m\u00e9s, chevaux et poneys pour l&#039;entra\u00eenement et les concours. Dressage, CSO (saut d&#039;obstacle) et CCR (concours complet d&#039;\u00e9quitation). Ecole et centre \u00e9questre \u00e0 Cornillon-Confoux proche de Grans et Lan\u00e7on de Provence\" \/>\n<meta name=\"robots\" content=\"index, follow, max-snippet:-1, max-image-preview:large, max-video-preview:-1\" \/>\n<link rel=\"canonical\" href=\"https:\/\/www.ecuriesderiboulam.com\/index.php\/ecole-dequitation\/\" \/>\n<meta property=\"og:locale\" content=\"fr_FR\" \/>\n<meta property=\"og:type\" content=\"article\" \/>\n<meta property=\"og:title\" content=\"Cours d&#039;\u00e9quitation poney\/cheval \u00e0 Cornillon-Confoux, Grans, Lan\u00e7on\" \/>\n<meta property=\"og:description\" content=\"Cours d&#039;\u00e9quitation, passage de galops 1 \u00e0 7. Moniteurs dipl\u00f4m\u00e9s, chevaux et poneys pour l&#039;entra\u00eenement et les concours. Dressage, CSO (saut d&#039;obstacle) et CCR (concours complet d&#039;\u00e9quitation). Ecole et centre \u00e9questre \u00e0 Cornillon-Confoux proche de Grans et Lan\u00e7on de Provence\" \/>\n<meta property=\"og:url\" content=\"https:\/\/www.ecuriesderiboulam.com\/index.php\/ecole-dequitation\/\" \/>\n<meta property=\"og:site_name\" content=\"Ecuries de Riboulam\" \/>\n<meta property=\"article:publisher\" content=\"https:\/\/www.facebook.com\/EcuriesdeRiboulamChevauxetEvenements1976\/\" \/>\n<meta property=\"article:modified_time\" content=\"2018-04-16T21:36:13+00:00\" \/>\n<meta property=\"og:image\" content=\"http:\/\/www.ecuriesderiboulam.com\/wp-content\/uploads\/2018\/01\/marechal_ferrant.png\" \/>\n<meta name=\"twitter:card\" content=\"summary_large_image\" \/>\n<script type=\"application\/ld+json\" class=\"yoast-schema-graph\">{\"@context\":\"https:\/\/schema.org\",\"@graph\":[{\"@type\":\"WebPage\",\"@id\":\"https:\/\/www.ecuriesderiboulam.com\/index.php\/ecole-dequitation\/\",\"url\":\"https:\/\/www.ecuriesderiboulam.com\/index.php\/ecole-dequitation\/\",\"name\":\"Cours d'\u00e9quitation poney\/cheval \u00e0 Cornillon-Confoux, Grans, Lan\u00e7on\",\"isPartOf\":{\"@id\":\"https:\/\/www.ecuriesderiboulam.com\/#website\"},\"primaryImageOfPage\":{\"@id\":\"https:\/\/www.ecuriesderiboulam.com\/index.php\/ecole-dequitation\/#primaryimage\"},\"image\":{\"@id\":\"https:\/\/www.ecuriesderiboulam.com\/index.php\/ecole-dequitation\/#primaryimage\"},\"thumbnailUrl\":\"http:\/\/www.ecuriesderiboulam.com\/wp-content\/uploads\/2018\/01\/marechal_ferrant.png\",\"datePublished\":\"2018-01-08T22:49:27+00:00\",\"dateModified\":\"2018-04-16T21:36:13+00:00\",\"description\":\"Cours d'\u00e9quitation, passage de galops 1 \u00e0 7. Moniteurs dipl\u00f4m\u00e9s, chevaux et poneys pour l'entra\u00eenement et les concours. Dressage, CSO (saut d'obstacle) et CCR (concours complet d'\u00e9quitation). Ecole et centre \u00e9questre \u00e0 Cornillon-Confoux proche de Grans et Lan\u00e7on de Provence\",\"breadcrumb\":{\"@id\":\"https:\/\/www.ecuriesderiboulam.com\/index.php\/ecole-dequitation\/#breadcrumb\"},\"inLanguage\":\"fr-FR\",\"potentialAction\":[{\"@type\":\"ReadAction\",\"target\":[\"https:\/\/www.ecuriesderiboulam.com\/index.php\/ecole-dequitation\/\"]}]},{\"@type\":\"ImageObject\",\"inLanguage\":\"fr-FR\",\"@id\":\"https:\/\/www.ecuriesderiboulam.com\/index.php\/ecole-dequitation\/#primaryimage\",\"url\":\"https:\/\/www.ecuriesderiboulam.com\/wp-content\/uploads\/2018\/01\/marechal_ferrant.png\",\"contentUrl\":\"https:\/\/www.ecuriesderiboulam.com\/wp-content\/uploads\/2018\/01\/marechal_ferrant.png\",\"width\":239,\"height\":211},{\"@type\":\"BreadcrumbList\",\"@id\":\"https:\/\/www.ecuriesderiboulam.com\/index.php\/ecole-dequitation\/#breadcrumb\",\"itemListElement\":[{\"@type\":\"ListItem\",\"position\":1,\"name\":\"Home\",\"item\":\"https:\/\/www.ecuriesderiboulam.com\/\"},{\"@type\":\"ListItem\",\"position\":2,\"name\":\"Ecole d&rsquo;\u00e9quitation\"}]},{\"@type\":\"WebSite\",\"@id\":\"https:\/\/www.ecuriesderiboulam.com\/#website\",\"url\":\"https:\/\/www.ecuriesderiboulam.com\/\",\"name\":\"Ecuries de Riboulam\",\"description\":\"Le bonheur \u00e9questre en Provence\",\"publisher\":{\"@id\":\"https:\/\/www.ecuriesderiboulam.com\/#organization\"},\"potentialAction\":[{\"@type\":\"SearchAction\",\"target\":{\"@type\":\"EntryPoint\",\"urlTemplate\":\"https:\/\/www.ecuriesderiboulam.com\/?s={search_term_string}\"},\"query-input\":{\"@type\":\"PropertyValueSpecification\",\"valueRequired\":true,\"valueName\":\"search_term_string\"}}],\"inLanguage\":\"fr-FR\"},{\"@type\":\"Organization\",\"@id\":\"https:\/\/www.ecuriesderiboulam.com\/#organization\",\"name\":\"Ecuries de Riboulam\",\"url\":\"https:\/\/www.ecuriesderiboulam.com\/\",\"logo\":{\"@type\":\"ImageObject\",\"inLanguage\":\"fr-FR\",\"@id\":\"https:\/\/www.ecuriesderiboulam.com\/#\/schema\/logo\/image\/\",\"url\":\"https:\/\/www.ecuriesderiboulam.com\/wp-content\/uploads\/2018\/01\/Logo_noir.png\",\"contentUrl\":\"https:\/\/www.ecuriesderiboulam.com\/wp-content\/uploads\/2018\/01\/Logo_noir.png\",\"width\":852,\"height\":852,\"caption\":\"Ecuries de Riboulam\"},\"image\":{\"@id\":\"https:\/\/www.ecuriesderiboulam.com\/#\/schema\/logo\/image\/\"},\"sameAs\":[\"https:\/\/www.facebook.com\/EcuriesdeRiboulamChevauxetEvenements1976\/\"]}]}<\/script>\n<!-- \/ Yoast SEO plugin. -->","yoast_head_json":{"title":"Cours d'\u00e9quitation poney\/cheval \u00e0 Cornillon-Confoux, Grans, Lan\u00e7on","description":"Cours d'\u00e9quitation, passage de galops 1 \u00e0 7. Moniteurs dipl\u00f4m\u00e9s, chevaux et poneys pour l'entra\u00eenement et les concours. Dressage, CSO (saut d'obstacle) et CCR (concours complet d'\u00e9quitation). Ecole et centre \u00e9questre \u00e0 Cornillon-Confoux proche de Grans et Lan\u00e7on de Provence","robots":{"index":"index","follow":"follow","max-snippet":"max-snippet:-1","max-image-preview":"max-image-preview:large","max-video-preview":"max-video-preview:-1"},"canonical":"https:\/\/www.ecuriesderiboulam.com\/index.php\/ecole-dequitation\/","og_locale":"fr_FR","og_type":"article","og_title":"Cours d'\u00e9quitation poney\/cheval \u00e0 Cornillon-Confoux, Grans, Lan\u00e7on","og_description":"Cours d'\u00e9quitation, passage de galops 1 \u00e0 7. Moniteurs dipl\u00f4m\u00e9s, chevaux et poneys pour l'entra\u00eenement et les concours. Dressage, CSO (saut d'obstacle) et CCR (concours complet d'\u00e9quitation). Ecole et centre \u00e9questre \u00e0 Cornillon-Confoux proche de Grans et Lan\u00e7on de Provence","og_url":"https:\/\/www.ecuriesderiboulam.com\/index.php\/ecole-dequitation\/","og_site_name":"Ecuries de Riboulam","article_publisher":"https:\/\/www.facebook.com\/EcuriesdeRiboulamChevauxetEvenements1976\/","article_modified_time":"2018-04-16T21:36:13+00:00","og_image":[{"url":"http:\/\/www.ecuriesderiboulam.com\/wp-content\/uploads\/2018\/01\/marechal_ferrant.png","type":"","width":"","height":""}],"twitter_card":"summary_large_image","schema":{"@context":"https:\/\/schema.org","@graph":[{"@type":"WebPage","@id":"https:\/\/www.ecuriesderiboulam.com\/index.php\/ecole-dequitation\/","url":"https:\/\/www.ecuriesderiboulam.com\/index.php\/ecole-dequitation\/","name":"Cours d'\u00e9quitation poney\/cheval \u00e0 Cornillon-Confoux, Grans, Lan\u00e7on","isPartOf":{"@id":"https:\/\/www.ecuriesderiboulam.com\/#website"},"primaryImageOfPage":{"@id":"https:\/\/www.ecuriesderiboulam.com\/index.php\/ecole-dequitation\/#primaryimage"},"image":{"@id":"https:\/\/www.ecuriesderiboulam.com\/index.php\/ecole-dequitation\/#primaryimage"},"thumbnailUrl":"http:\/\/www.ecuriesderiboulam.com\/wp-content\/uploads\/2018\/01\/marechal_ferrant.png","datePublished":"2018-01-08T22:49:27+00:00","dateModified":"2018-04-16T21:36:13+00:00","description":"Cours d'\u00e9quitation, passage de galops 1 \u00e0 7. Moniteurs dipl\u00f4m\u00e9s, chevaux et poneys pour l'entra\u00eenement et les concours. Dressage, CSO (saut d'obstacle) et CCR (concours complet d'\u00e9quitation). Ecole et centre \u00e9questre \u00e0 Cornillon-Confoux proche de Grans et Lan\u00e7on de Provence","breadcrumb":{"@id":"https:\/\/www.ecuriesderiboulam.com\/index.php\/ecole-dequitation\/#breadcrumb"},"inLanguage":"fr-FR","potentialAction":[{"@type":"ReadAction","target":["https:\/\/www.ecuriesderiboulam.com\/index.php\/ecole-dequitation\/"]}]},{"@type":"ImageObject","inLanguage":"fr-FR","@id":"https:\/\/www.ecuriesderiboulam.com\/index.php\/ecole-dequitation\/#primaryimage","url":"https:\/\/www.ecuriesderiboulam.com\/wp-content\/uploads\/2018\/01\/marechal_ferrant.png","contentUrl":"https:\/\/www.ecuriesderiboulam.com\/wp-content\/uploads\/2018\/01\/marechal_ferrant.png","width":239,"height":211},{"@type":"BreadcrumbList","@id":"https:\/\/www.ecuriesderiboulam.com\/index.php\/ecole-dequitation\/#breadcrumb","itemListElement":[{"@type":"ListItem","position":1,"name":"Home","item":"https:\/\/www.ecuriesderiboulam.com\/"},{"@type":"ListItem","position":2,"name":"Ecole d&rsquo;\u00e9quitation"}]},{"@type":"WebSite","@id":"https:\/\/www.ecuriesderiboulam.com\/#website","url":"https:\/\/www.ecuriesderiboulam.com\/","name":"Ecuries de Riboulam","description":"Le bonheur \u00e9questre en Provence","publisher":{"@id":"https:\/\/www.ecuriesderiboulam.com\/#organization"},"potentialAction":[{"@type":"SearchAction","target":{"@type":"EntryPoint","urlTemplate":"https:\/\/www.ecuriesderiboulam.com\/?s={search_term_string}"},"query-input":{"@type":"PropertyValueSpecification","valueRequired":true,"valueName":"search_term_string"}}],"inLanguage":"fr-FR"},{"@type":"Organization","@id":"https:\/\/www.ecuriesderiboulam.com\/#organization","name":"Ecuries de Riboulam","url":"https:\/\/www.ecuriesderiboulam.com\/","logo":{"@type":"ImageObject","inLanguage":"fr-FR","@id":"https:\/\/www.ecuriesderiboulam.com\/#\/schema\/logo\/image\/","url":"https:\/\/www.ecuriesderiboulam.com\/wp-content\/uploads\/2018\/01\/Logo_noir.png","contentUrl":"https:\/\/www.ecuriesderiboulam.com\/wp-content\/uploads\/2018\/01\/Logo_noir.png","width":852,"height":852,"caption":"Ecuries de Riboulam"},"image":{"@id":"https:\/\/www.ecuriesderiboulam.com\/#\/schema\/logo\/image\/"},"sameAs":["https:\/\/www.facebook.com\/EcuriesdeRiboulamChevauxetEvenements1976\/"]}]}},"_links":{"self":[{"href":"https:\/\/www.ecuriesderiboulam.com\/index.php\/wp-json\/wp\/v2\/pages\/366","targetHints":{"allow":["GET"]}}],"collection":[{"href":"https:\/\/www.ecuriesderiboulam.com\/index.php\/wp-json\/wp\/v2\/pages"}],"about":[{"href":"https:\/\/www.ecuriesderiboulam.com\/index.php\/wp-json\/wp\/v2\/types\/page"}],"author":[{"embeddable":true,"href":"https:\/\/www.ecuriesderiboulam.com\/index.php\/wp-json\/wp\/v2\/users\/1"}],"replies":[{"embeddable":true,"href":"https:\/\/www.ecuriesderiboulam.com\/index.php\/wp-json\/wp\/v2\/comments?post=366"}],"version-history":[{"count":3,"href":"https:\/\/www.ecuriesderiboulam.com\/index.php\/wp-json\/wp\/v2\/pages\/366\/revisions"}],"predecessor-version":[{"id":376,"href":"https:\/\/www.ecuriesderiboulam.com\/index.php\/wp-json\/wp\/v2\/pages\/366\/revisions\/376"}],"wp:attachment":[{"href":"https:\/\/www.ecuriesderiboulam.com\/index.php\/wp-json\/wp\/v2\/media?parent=366"}],"curies":[{"name":"wp","href":"https:\/\/api.w.org\/{rel}","templated":true}]}}