{"id":303,"date":"2018-01-03T20:54:22","date_gmt":"2018-01-03T20:54:22","guid":{"rendered":"http:\/\/www.ecuriesderiboulam.com\/?page_id=303"},"modified":"2018-11-05T21:03:27","modified_gmt":"2018-11-05T20:03:27","slug":"location-dinstallations-equestres","status":"publish","type":"page","link":"https:\/\/www.ecuriesderiboulam.com\/index.php\/locations\/location-dinstallations-equestres\/","title":{"rendered":"Location du p\u00f4le \u00e9questre"},"content":{"rendered":"<p>[et_pb_section fb_built=\u00a0\u00bb1&Prime; _builder_version=\u00a0\u00bb3.0.106&Prime; background_color=\u00a0\u00bb#84866e\u00a0\u00bb][et_pb_row _builder_version=\u00a0\u00bb3.0.47&Prime; background_size=\u00a0\u00bbinitial\u00a0\u00bb background_position=\u00a0\u00bbtop_left\u00a0\u00bb background_repeat=\u00a0\u00bbrepeat\u00a0\u00bb][et_pb_column type=\u00a0\u00bb4_4&Prime; _builder_version=\u00a0\u00bb3.0.92&Prime; parallax=\u00a0\u00bboff\u00a0\u00bb parallax_method=\u00a0\u00bbon\u00a0\u00bb][et_pb_text _builder_version=\u00a0\u00bb3.0.92&Prime;]<\/p>\n<h1>Location du p\u00f4le \u00e9questre<\/h1>\n<p>En plus des <a href=\"index.php\/stages\/stages-professionnels\/\">stages avec intervenants ext\u00e9rieurs<\/a> propos\u00e9s r\u00e9guli\u00e8rement, des <a href=\"index.php\/stages\/vacances-scolaires\/\">stages pendant les vacances scolaires<\/a> ou de la <a href=\"index.php\/locations\/location-cross-carrieres\/\">location du cross<\/a>, les Ecuries de Riboulam proposent aux centres de formation, \u00e9curies sportives, centres \u00e9questres, ainsi qu&rsquo;aux particuliers de louer l&rsquo;ensemble des installations avec ses nombreux ext\u00e9rieurs dans un cadre exceptionnel \u00e0 Cornillon-Confoux.<\/p>\n<p>Le centre \u00e9questre dispose \u00e9galement d&rsquo;une capacit\u00e9 d&rsquo;h\u00e9bergement des cavaliers (sous tente) et des chevaux (via la location de boxes), ainsi qu&rsquo;un espace de travail pour la partie th\u00e9orique de vos stages : salle de 140 m2, possibilit\u00e9 de vid\u00e9o projecteur&#8230;<\/p>\n<p><strong>Lieu id\u00e9al<\/strong> pour venir travailler vos chevaux, jeunes ou exp\u00e9riment\u00e9s ou vos cavaliers d\u00e9butants ou confirm\u00e9s. Du niveau jeune cheval au niveau pro 1, tout le monde peut y trouver son compte.<strong><br \/> <\/strong><\/p>\n<p>La vue d&rsquo;ensemble des installations est disponible sur cette page : <a href=\"index.php\/ecole-dequitation\/les-installations\/\">pr\u00e9sentation des installations.\u00a0<\/a><\/p>\n<p><span style=\"font-size: 14px;\">N&rsquo;h\u00e9sitez pas \u00e0 nous contacter pour r\u00e9server nos installations,\u00a0<\/span><strong style=\"font-size: 14px;\">\u00e0 la journ\u00e9e ou \u00e0 la semaine pendant les vacances scolaires.<\/strong><\/p>\n<p>[\/et_pb_text][\/et_pb_column][\/et_pb_row][et_pb_row use_custom_gutter=\u00a0\u00bbon\u00a0\u00bb gutter_width=\u00a0\u00bb2&Prime; _builder_version=\u00a0\u00bb3.0.105&Prime;][et_pb_column type=\u00a0\u00bb4_4&Prime; _builder_version=\u00a0\u00bb3.0.92&Prime; parallax=\u00a0\u00bboff\u00a0\u00bb parallax_method=\u00a0\u00bbon\u00a0\u00bb][et_pb_gallery gallery_ids=\u00a0\u00bb321,320,319,318,317,316,315,308,309,311,310,312,313,314,307,306&Prime; gallery_captions=\u00a0\u00bb,,,,,,,,,,,,,,,\u00a0\u00bb posts_number=\u00a0\u00bb12&Prime; show_title_and_caption=\u00a0\u00bboff\u00a0\u00bb _builder_version=\u00a0\u00bb3.0.92&Prime;][\/et_pb_gallery][et_pb_gallery gallery_ids=\u00a0\u00bb657,645,646,632,628,567,569,638,640,568,681,642&Prime; gallery_captions=\u00a0\u00bb,,,,,,,,,,,\u00a0\u00bb posts_number=\u00a0\u00bb8&Prime; orientation=\u00a0\u00bbportrait\u00a0\u00bb show_title_and_caption=\u00a0\u00bboff\u00a0\u00bb hover_icon=\u00a0\u00bb%%51%%\u00a0\u00bb _builder_version=\u00a0\u00bb3.0.106&Prime; title_font=\u00a0\u00bb||||||||\u00a0\u00bb caption_font=\u00a0\u00bb||||||||\u00a0\u00bb caption_font_size=\u00a0\u00bb1px\u00a0\u00bb border_width_all=\u00a0\u00bb3px\u00a0\u00bb border_color_all=\u00a0\u00bb#e6ebd1&Prime;][\/et_pb_gallery][\/et_pb_column][\/et_pb_row][\/et_pb_section]<\/p>\n","protected":false},"excerpt":{"rendered":"<p>Location du p\u00f4le \u00e9questre En plus des stages avec intervenants ext\u00e9rieurs propos\u00e9s r\u00e9guli\u00e8rement, des stages pendant les vacances scolaires ou de la location du cross, les Ecuries de Riboulam proposent aux centres de formation, \u00e9curies sportives, centres \u00e9questres, ainsi qu&rsquo;aux particuliers de louer l&rsquo;ensemble des installations avec ses nombreux ext\u00e9rieurs dans un cadre exceptionnel \u00e0 [&hellip;]<\/p>\n","protected":false},"author":1,"featured_media":0,"parent":285,"menu_order":0,"comment_status":"closed","ping_status":"closed","template":"","meta":{"_et_pb_use_builder":"on","_et_pb_old_content":"","_et_gb_content_width":"","_exactmetrics_skip_tracking":false,"_exactmetrics_sitenote_active":false,"_exactmetrics_sitenote_note":"","_exactmetrics_sitenote_category":0,"footnotes":""},"class_list":["post-303","page","type-page","status-publish","hentry"],"yoast_head":"<!-- This site is optimized with the Yoast SEO plugin v24.3 - https:\/\/yoast.com\/wordpress\/plugins\/seo\/ -->\n<title>Location du p\u00f4le \u00e9questre - Ecuries de Riboulam<\/title>\n<meta name=\"robots\" content=\"index, follow, max-snippet:-1, max-image-preview:large, max-video-preview:-1\" \/>\n<link rel=\"canonical\" href=\"https:\/\/www.ecuriesderiboulam.com\/index.php\/locations\/location-dinstallations-equestres\/\" \/>\n<meta property=\"og:locale\" content=\"fr_FR\" \/>\n<meta property=\"og:type\" content=\"article\" \/>\n<meta property=\"og:title\" content=\"Location du p\u00f4le \u00e9questre - Ecuries de Riboulam\" \/>\n<meta property=\"og:description\" content=\"Location du p\u00f4le \u00e9questre En plus des stages avec intervenants ext\u00e9rieurs propos\u00e9s r\u00e9guli\u00e8rement, des stages pendant les vacances scolaires ou de la location du cross, les Ecuries de Riboulam proposent aux centres de formation, \u00e9curies sportives, centres \u00e9questres, ainsi qu&#039;aux particuliers de louer l&#039;ensemble des installations avec ses nombreux ext\u00e9rieurs dans un cadre exceptionnel \u00e0 [&hellip;]\" \/>\n<meta property=\"og:url\" content=\"https:\/\/www.ecuriesderiboulam.com\/index.php\/locations\/location-dinstallations-equestres\/\" \/>\n<meta property=\"og:site_name\" content=\"Ecuries de Riboulam\" \/>\n<meta property=\"article:publisher\" content=\"https:\/\/www.facebook.com\/EcuriesdeRiboulamChevauxetEvenements1976\/\" \/>\n<meta property=\"article:modified_time\" content=\"2018-11-05T20:03:27+00:00\" \/>\n<meta name=\"twitter:card\" content=\"summary_large_image\" \/>\n<meta name=\"twitter:label1\" content=\"Dur\u00e9e de lecture estim\u00e9e\" \/>\n\t<meta name=\"twitter:data1\" content=\"2 minutes\" \/>\n<script type=\"application\/ld+json\" class=\"yoast-schema-graph\">{\"@context\":\"https:\/\/schema.org\",\"@graph\":[{\"@type\":\"WebPage\",\"@id\":\"https:\/\/www.ecuriesderiboulam.com\/index.php\/locations\/location-dinstallations-equestres\/\",\"url\":\"https:\/\/www.ecuriesderiboulam.com\/index.php\/locations\/location-dinstallations-equestres\/\",\"name\":\"Location du p\u00f4le \u00e9questre - Ecuries de Riboulam\",\"isPartOf\":{\"@id\":\"https:\/\/www.ecuriesderiboulam.com\/#website\"},\"datePublished\":\"2018-01-03T20:54:22+00:00\",\"dateModified\":\"2018-11-05T20:03:27+00:00\",\"breadcrumb\":{\"@id\":\"https:\/\/www.ecuriesderiboulam.com\/index.php\/locations\/location-dinstallations-equestres\/#breadcrumb\"},\"inLanguage\":\"fr-FR\",\"potentialAction\":[{\"@type\":\"ReadAction\",\"target\":[\"https:\/\/www.ecuriesderiboulam.com\/index.php\/locations\/location-dinstallations-equestres\/\"]}]},{\"@type\":\"BreadcrumbList\",\"@id\":\"https:\/\/www.ecuriesderiboulam.com\/index.php\/locations\/location-dinstallations-equestres\/#breadcrumb\",\"itemListElement\":[{\"@type\":\"ListItem\",\"position\":1,\"name\":\"Home\",\"item\":\"https:\/\/www.ecuriesderiboulam.com\/\"},{\"@type\":\"ListItem\",\"position\":2,\"name\":\"Locations\",\"item\":\"https:\/\/www.ecuriesderiboulam.com\/index.php\/locations\/\"},{\"@type\":\"ListItem\",\"position\":3,\"name\":\"Location du p\u00f4le \u00e9questre\"}]},{\"@type\":\"WebSite\",\"@id\":\"https:\/\/www.ecuriesderiboulam.com\/#website\",\"url\":\"https:\/\/www.ecuriesderiboulam.com\/\",\"name\":\"Ecuries de Riboulam\",\"description\":\"Le bonheur \u00e9questre en Provence\",\"publisher\":{\"@id\":\"https:\/\/www.ecuriesderiboulam.com\/#organization\"},\"potentialAction\":[{\"@type\":\"SearchAction\",\"target\":{\"@type\":\"EntryPoint\",\"urlTemplate\":\"https:\/\/www.ecuriesderiboulam.com\/?s={search_term_string}\"},\"query-input\":{\"@type\":\"PropertyValueSpecification\",\"valueRequired\":true,\"valueName\":\"search_term_string\"}}],\"inLanguage\":\"fr-FR\"},{\"@type\":\"Organization\",\"@id\":\"https:\/\/www.ecuriesderiboulam.com\/#organization\",\"name\":\"Ecuries de Riboulam\",\"url\":\"https:\/\/www.ecuriesderiboulam.com\/\",\"logo\":{\"@type\":\"ImageObject\",\"inLanguage\":\"fr-FR\",\"@id\":\"https:\/\/www.ecuriesderiboulam.com\/#\/schema\/logo\/image\/\",\"url\":\"https:\/\/www.ecuriesderiboulam.com\/wp-content\/uploads\/2018\/01\/Logo_noir.png\",\"contentUrl\":\"https:\/\/www.ecuriesderiboulam.com\/wp-content\/uploads\/2018\/01\/Logo_noir.png\",\"width\":852,\"height\":852,\"caption\":\"Ecuries de Riboulam\"},\"image\":{\"@id\":\"https:\/\/www.ecuriesderiboulam.com\/#\/schema\/logo\/image\/\"},\"sameAs\":[\"https:\/\/www.facebook.com\/EcuriesdeRiboulamChevauxetEvenements1976\/\"]}]}<\/script>\n<!-- \/ Yoast SEO plugin. -->","yoast_head_json":{"title":"Location du p\u00f4le \u00e9questre - Ecuries de Riboulam","robots":{"index":"index","follow":"follow","max-snippet":"max-snippet:-1","max-image-preview":"max-image-preview:large","max-video-preview":"max-video-preview:-1"},"canonical":"https:\/\/www.ecuriesderiboulam.com\/index.php\/locations\/location-dinstallations-equestres\/","og_locale":"fr_FR","og_type":"article","og_title":"Location du p\u00f4le \u00e9questre - Ecuries de Riboulam","og_description":"Location du p\u00f4le \u00e9questre En plus des stages avec intervenants ext\u00e9rieurs propos\u00e9s r\u00e9guli\u00e8rement, des stages pendant les vacances scolaires ou de la location du cross, les Ecuries de Riboulam proposent aux centres de formation, \u00e9curies sportives, centres \u00e9questres, ainsi qu'aux particuliers de louer l'ensemble des installations avec ses nombreux ext\u00e9rieurs dans un cadre exceptionnel \u00e0 [&hellip;]","og_url":"https:\/\/www.ecuriesderiboulam.com\/index.php\/locations\/location-dinstallations-equestres\/","og_site_name":"Ecuries de Riboulam","article_publisher":"https:\/\/www.facebook.com\/EcuriesdeRiboulamChevauxetEvenements1976\/","article_modified_time":"2018-11-05T20:03:27+00:00","twitter_card":"summary_large_image","twitter_misc":{"Dur\u00e9e de lecture estim\u00e9e":"2 minutes"},"schema":{"@context":"https:\/\/schema.org","@graph":[{"@type":"WebPage","@id":"https:\/\/www.ecuriesderiboulam.com\/index.php\/locations\/location-dinstallations-equestres\/","url":"https:\/\/www.ecuriesderiboulam.com\/index.php\/locations\/location-dinstallations-equestres\/","name":"Location du p\u00f4le \u00e9questre - Ecuries de Riboulam","isPartOf":{"@id":"https:\/\/www.ecuriesderiboulam.com\/#website"},"datePublished":"2018-01-03T20:54:22+00:00","dateModified":"2018-11-05T20:03:27+00:00","breadcrumb":{"@id":"https:\/\/www.ecuriesderiboulam.com\/index.php\/locations\/location-dinstallations-equestres\/#breadcrumb"},"inLanguage":"fr-FR","potentialAction":[{"@type":"ReadAction","target":["https:\/\/www.ecuriesderiboulam.com\/index.php\/locations\/location-dinstallations-equestres\/"]}]},{"@type":"BreadcrumbList","@id":"https:\/\/www.ecuriesderiboulam.com\/index.php\/locations\/location-dinstallations-equestres\/#breadcrumb","itemListElement":[{"@type":"ListItem","position":1,"name":"Home","item":"https:\/\/www.ecuriesderiboulam.com\/"},{"@type":"ListItem","position":2,"name":"Locations","item":"https:\/\/www.ecuriesderiboulam.com\/index.php\/locations\/"},{"@type":"ListItem","position":3,"name":"Location du p\u00f4le \u00e9questre"}]},{"@type":"WebSite","@id":"https:\/\/www.ecuriesderiboulam.com\/#website","url":"https:\/\/www.ecuriesderiboulam.com\/","name":"Ecuries de Riboulam","description":"Le bonheur \u00e9questre en Provence","publisher":{"@id":"https:\/\/www.ecuriesderiboulam.com\/#organization"},"potentialAction":[{"@type":"SearchAction","target":{"@type":"EntryPoint","urlTemplate":"https:\/\/www.ecuriesderiboulam.com\/?s={search_term_string}"},"query-input":{"@type":"PropertyValueSpecification","valueRequired":true,"valueName":"search_term_string"}}],"inLanguage":"fr-FR"},{"@type":"Organization","@id":"https:\/\/www.ecuriesderiboulam.com\/#organization","name":"Ecuries de Riboulam","url":"https:\/\/www.ecuriesderiboulam.com\/","logo":{"@type":"ImageObject","inLanguage":"fr-FR","@id":"https:\/\/www.ecuriesderiboulam.com\/#\/schema\/logo\/image\/","url":"https:\/\/www.ecuriesderiboulam.com\/wp-content\/uploads\/2018\/01\/Logo_noir.png","contentUrl":"https:\/\/www.ecuriesderiboulam.com\/wp-content\/uploads\/2018\/01\/Logo_noir.png","width":852,"height":852,"caption":"Ecuries de Riboulam"},"image":{"@id":"https:\/\/www.ecuriesderiboulam.com\/#\/schema\/logo\/image\/"},"sameAs":["https:\/\/www.facebook.com\/EcuriesdeRiboulamChevauxetEvenements1976\/"]}]}},"_links":{"self":[{"href":"https:\/\/www.ecuriesderiboulam.com\/index.php\/wp-json\/wp\/v2\/pages\/303","targetHints":{"allow":["GET"]}}],"collection":[{"href":"https:\/\/www.ecuriesderiboulam.com\/index.php\/wp-json\/wp\/v2\/pages"}],"about":[{"href":"https:\/\/www.ecuriesderiboulam.com\/index.php\/wp-json\/wp\/v2\/types\/page"}],"author":[{"embeddable":true,"href":"https:\/\/www.ecuriesderiboulam.com\/index.php\/wp-json\/wp\/v2\/users\/1"}],"replies":[{"embeddable":true,"href":"https:\/\/www.ecuriesderiboulam.com\/index.php\/wp-json\/wp\/v2\/comments?post=303"}],"version-history":[{"count":14,"href":"https:\/\/www.ecuriesderiboulam.com\/index.php\/wp-json\/wp\/v2\/pages\/303\/revisions"}],"predecessor-version":[{"id":1134,"href":"https:\/\/www.ecuriesderiboulam.com\/index.php\/wp-json\/wp\/v2\/pages\/303\/revisions\/1134"}],"up":[{"embeddable":true,"href":"https:\/\/www.ecuriesderiboulam.com\/index.php\/wp-json\/wp\/v2\/pages\/285"}],"wp:attachment":[{"href":"https:\/\/www.ecuriesderiboulam.com\/index.php\/wp-json\/wp\/v2\/media?parent=303"}],"curies":[{"name":"wp","href":"https:\/\/api.w.org\/{rel}","templated":true}]}}