{"id":288,"date":"2018-01-03T20:00:09","date_gmt":"2018-01-03T20:00:09","guid":{"rendered":"http:\/\/www.ecuriesderiboulam.com\/?page_id=288"},"modified":"2023-10-26T18:32:39","modified_gmt":"2023-10-26T16:32:39","slug":"location-de-salle","status":"publish","type":"page","link":"https:\/\/www.ecuriesderiboulam.com\/index.php\/locations\/location-de-salle\/","title":{"rendered":"Location de salle"},"content":{"rendered":"<p>[et_pb_section fb_built=\u00a0\u00bb1&Prime; _builder_version=\u00a0\u00bb4.15&Prime; background_color=\u00a0\u00bb#84866e\u00a0\u00bb global_colors_info=\u00a0\u00bb{}\u00a0\u00bb][et_pb_row _builder_version=\u00a0\u00bb4.15&Prime; background_size=\u00a0\u00bbinitial\u00a0\u00bb background_position=\u00a0\u00bbtop_left\u00a0\u00bb background_repeat=\u00a0\u00bbrepeat\u00a0\u00bb global_colors_info=\u00a0\u00bb{}\u00a0\u00bb][et_pb_column type=\u00a0\u00bb4_4&Prime; _builder_version=\u00a0\u00bb4.15&Prime; custom_padding=\u00a0\u00bb|||\u00a0\u00bb global_colors_info=\u00a0\u00bb{}\u00a0\u00bb custom_padding__hover=\u00a0\u00bb|||\u00a0\u00bb][\/et_pb_column][\/et_pb_row][et_pb_row _builder_version=\u00a0\u00bb4.15&Prime; background_size=\u00a0\u00bbinitial\u00a0\u00bb background_position=\u00a0\u00bbtop_left\u00a0\u00bb background_repeat=\u00a0\u00bbrepeat\u00a0\u00bb global_colors_info=\u00a0\u00bb{}\u00a0\u00bb][et_pb_column type=\u00a0\u00bb4_4&Prime; _builder_version=\u00a0\u00bb4.15&Prime; custom_padding=\u00a0\u00bb|||\u00a0\u00bb global_colors_info=\u00a0\u00bb{}\u00a0\u00bb custom_padding__hover=\u00a0\u00bb|||\u00a0\u00bb][et_pb_text _builder_version=\u00a0\u00bb4.15.1&Prime; header_font=\u00a0\u00bb||||||||\u00a0\u00bb hover_enabled=\u00a0\u00bb0&Prime; global_colors_info=\u00a0\u00bb{}\u00a0\u00bb sticky_enabled=\u00a0\u00bb0&Prime;]<\/p>\n<h1>Location de salle<\/h1>\n<h1><span style=\"font-size: 14px;\">Les <\/span><strong style=\"font-size: 14px;\">Ecuries de Riboulam<\/strong><span style=\"font-size: 14px;\"> vous proposent un service de location de salle de r\u00e9ception sous certaines conditions.<\/span><\/h1>\n<p>Pour tout renseignement<strong>,<\/strong> contactez-nous par mail.<\/p>\n<p><span style=\"text-decoration: underline;\"><strong>Descriptif de la salle :<br \/><\/strong><\/span><\/p>\n<ul>\n<li>140 m2 en deux niveaux (mezzanine), salle \u00e9quip\u00e9e<\/li>\n<li>Tr\u00e8s fonctionnelle et facilement modulable<\/li>\n<li>Cuisine \u00e9quip\u00e9e semi-professionnelle<\/li>\n<li>Parking priv\u00e9 (places illimit\u00e9es)<\/li>\n<li>Terrasse ombrag\u00e9e<\/li>\n<li>Espace s\u00e9curis\u00e9 pour les enfants<\/li>\n<li>Id\u00e9ale pour un maximum de 60 personnes<\/li>\n<\/ul>\n<p>[\/et_pb_text][\/et_pb_column][\/et_pb_row][et_pb_row _builder_version=\u00a0\u00bb4.15&Prime; global_colors_info=\u00a0\u00bb{}\u00a0\u00bb][et_pb_column type=\u00a0\u00bb4_4&Prime; _builder_version=\u00a0\u00bb4.15&Prime; custom_padding=\u00a0\u00bb|||\u00a0\u00bb global_colors_info=\u00a0\u00bb{}\u00a0\u00bb custom_padding__hover=\u00a0\u00bb|||\u00a0\u00bb][et_pb_gallery gallery_ids=\u00a0\u00bb290,294,685&Prime; gallery_captions=\u00a0\u00bb,,,La salle de r\u00e9ception avec une grande table\u00a0\u00bb posts_number=\u00a0\u00bb3&Prime; show_title_and_caption=\u00a0\u00bboff\u00a0\u00bb _builder_version=\u00a0\u00bb4.15.1&Prime; hover_enabled=\u00a0\u00bb0&Prime; global_colors_info=\u00a0\u00bb{}\u00a0\u00bb sticky_enabled=\u00a0\u00bb0&Prime;][\/et_pb_gallery][\/et_pb_column][\/et_pb_row][\/et_pb_section]<\/p>\n","protected":false},"excerpt":{"rendered":"<p>Location de salle Les Ecuries de Riboulam vous proposent un service de location de salle de r\u00e9ception sous certaines conditions. Pour tout renseignement, contactez-nous par mail. Descriptif de la salle : 140 m2 en deux niveaux (mezzanine), salle \u00e9quip\u00e9e Tr\u00e8s fonctionnelle et facilement modulable Cuisine \u00e9quip\u00e9e semi-professionnelle Parking priv\u00e9 (places illimit\u00e9es) Terrasse ombrag\u00e9e Espace s\u00e9curis\u00e9 [&hellip;]<\/p>\n","protected":false},"author":1,"featured_media":0,"parent":285,"menu_order":0,"comment_status":"closed","ping_status":"closed","template":"","meta":{"_et_pb_use_builder":"on","_et_pb_old_content":"","_et_gb_content_width":"","_exactmetrics_skip_tracking":false,"_exactmetrics_sitenote_active":false,"_exactmetrics_sitenote_note":"","_exactmetrics_sitenote_category":0,"footnotes":""},"class_list":["post-288","page","type-page","status-publish","hentry"],"yoast_head":"<!-- This site is optimized with the Yoast SEO plugin v24.3 - https:\/\/yoast.com\/wordpress\/plugins\/seo\/ -->\n<title>Location de salle de r\u00e9ception Cornillon-Confoux, Lan\u00e7on de Provence, Grans<\/title>\n<meta name=\"robots\" content=\"index, follow, max-snippet:-1, max-image-preview:large, max-video-preview:-1\" \/>\n<link rel=\"canonical\" href=\"https:\/\/www.ecuriesderiboulam.com\/index.php\/locations\/location-de-salle\/\" \/>\n<meta property=\"og:locale\" content=\"fr_FR\" \/>\n<meta property=\"og:type\" content=\"article\" \/>\n<meta property=\"og:title\" content=\"Location de salle de r\u00e9ception Cornillon-Confoux, Lan\u00e7on de Provence, Grans\" \/>\n<meta property=\"og:description\" content=\"Location de salle Les Ecuries de Riboulam vous proposent un service de location de salle de r\u00e9ception sous certaines conditions. Pour tout renseignement, contactez-nous par mail. Descriptif de la salle : 140 m2 en deux niveaux (mezzanine), salle \u00e9quip\u00e9e Tr\u00e8s fonctionnelle et facilement modulable Cuisine \u00e9quip\u00e9e semi-professionnelle Parking priv\u00e9 (places illimit\u00e9es) Terrasse ombrag\u00e9e Espace s\u00e9curis\u00e9 [&hellip;]\" \/>\n<meta property=\"og:url\" content=\"https:\/\/www.ecuriesderiboulam.com\/index.php\/locations\/location-de-salle\/\" \/>\n<meta property=\"og:site_name\" content=\"Ecuries de Riboulam\" \/>\n<meta property=\"article:publisher\" content=\"https:\/\/www.facebook.com\/EcuriesdeRiboulamChevauxetEvenements1976\/\" \/>\n<meta property=\"article:modified_time\" content=\"2023-10-26T16:32:39+00:00\" \/>\n<meta name=\"twitter:card\" content=\"summary_large_image\" \/>\n<meta name=\"twitter:label1\" content=\"Dur\u00e9e de lecture estim\u00e9e\" \/>\n\t<meta name=\"twitter:data1\" content=\"1 minute\" \/>\n<script type=\"application\/ld+json\" class=\"yoast-schema-graph\">{\"@context\":\"https:\/\/schema.org\",\"@graph\":[{\"@type\":\"WebPage\",\"@id\":\"https:\/\/www.ecuriesderiboulam.com\/index.php\/locations\/location-de-salle\/\",\"url\":\"https:\/\/www.ecuriesderiboulam.com\/index.php\/locations\/location-de-salle\/\",\"name\":\"Location de salle de r\u00e9ception Cornillon-Confoux, Lan\u00e7on de Provence, Grans\",\"isPartOf\":{\"@id\":\"https:\/\/www.ecuriesderiboulam.com\/#website\"},\"datePublished\":\"2018-01-03T20:00:09+00:00\",\"dateModified\":\"2023-10-26T16:32:39+00:00\",\"breadcrumb\":{\"@id\":\"https:\/\/www.ecuriesderiboulam.com\/index.php\/locations\/location-de-salle\/#breadcrumb\"},\"inLanguage\":\"fr-FR\",\"potentialAction\":[{\"@type\":\"ReadAction\",\"target\":[\"https:\/\/www.ecuriesderiboulam.com\/index.php\/locations\/location-de-salle\/\"]}]},{\"@type\":\"BreadcrumbList\",\"@id\":\"https:\/\/www.ecuriesderiboulam.com\/index.php\/locations\/location-de-salle\/#breadcrumb\",\"itemListElement\":[{\"@type\":\"ListItem\",\"position\":1,\"name\":\"Home\",\"item\":\"https:\/\/www.ecuriesderiboulam.com\/\"},{\"@type\":\"ListItem\",\"position\":2,\"name\":\"Locations\",\"item\":\"https:\/\/www.ecuriesderiboulam.com\/index.php\/locations\/\"},{\"@type\":\"ListItem\",\"position\":3,\"name\":\"Location de salle\"}]},{\"@type\":\"WebSite\",\"@id\":\"https:\/\/www.ecuriesderiboulam.com\/#website\",\"url\":\"https:\/\/www.ecuriesderiboulam.com\/\",\"name\":\"Ecuries de Riboulam\",\"description\":\"Le bonheur \u00e9questre en Provence\",\"publisher\":{\"@id\":\"https:\/\/www.ecuriesderiboulam.com\/#organization\"},\"potentialAction\":[{\"@type\":\"SearchAction\",\"target\":{\"@type\":\"EntryPoint\",\"urlTemplate\":\"https:\/\/www.ecuriesderiboulam.com\/?s={search_term_string}\"},\"query-input\":{\"@type\":\"PropertyValueSpecification\",\"valueRequired\":true,\"valueName\":\"search_term_string\"}}],\"inLanguage\":\"fr-FR\"},{\"@type\":\"Organization\",\"@id\":\"https:\/\/www.ecuriesderiboulam.com\/#organization\",\"name\":\"Ecuries de Riboulam\",\"url\":\"https:\/\/www.ecuriesderiboulam.com\/\",\"logo\":{\"@type\":\"ImageObject\",\"inLanguage\":\"fr-FR\",\"@id\":\"https:\/\/www.ecuriesderiboulam.com\/#\/schema\/logo\/image\/\",\"url\":\"https:\/\/www.ecuriesderiboulam.com\/wp-content\/uploads\/2018\/01\/Logo_noir.png\",\"contentUrl\":\"https:\/\/www.ecuriesderiboulam.com\/wp-content\/uploads\/2018\/01\/Logo_noir.png\",\"width\":852,\"height\":852,\"caption\":\"Ecuries de Riboulam\"},\"image\":{\"@id\":\"https:\/\/www.ecuriesderiboulam.com\/#\/schema\/logo\/image\/\"},\"sameAs\":[\"https:\/\/www.facebook.com\/EcuriesdeRiboulamChevauxetEvenements1976\/\"]}]}<\/script>\n<!-- \/ Yoast SEO plugin. -->","yoast_head_json":{"title":"Location de salle de r\u00e9ception Cornillon-Confoux, Lan\u00e7on de Provence, Grans","robots":{"index":"index","follow":"follow","max-snippet":"max-snippet:-1","max-image-preview":"max-image-preview:large","max-video-preview":"max-video-preview:-1"},"canonical":"https:\/\/www.ecuriesderiboulam.com\/index.php\/locations\/location-de-salle\/","og_locale":"fr_FR","og_type":"article","og_title":"Location de salle de r\u00e9ception Cornillon-Confoux, Lan\u00e7on de Provence, Grans","og_description":"Location de salle Les Ecuries de Riboulam vous proposent un service de location de salle de r\u00e9ception sous certaines conditions. Pour tout renseignement, contactez-nous par mail. Descriptif de la salle : 140 m2 en deux niveaux (mezzanine), salle \u00e9quip\u00e9e Tr\u00e8s fonctionnelle et facilement modulable Cuisine \u00e9quip\u00e9e semi-professionnelle Parking priv\u00e9 (places illimit\u00e9es) Terrasse ombrag\u00e9e Espace s\u00e9curis\u00e9 [&hellip;]","og_url":"https:\/\/www.ecuriesderiboulam.com\/index.php\/locations\/location-de-salle\/","og_site_name":"Ecuries de Riboulam","article_publisher":"https:\/\/www.facebook.com\/EcuriesdeRiboulamChevauxetEvenements1976\/","article_modified_time":"2023-10-26T16:32:39+00:00","twitter_card":"summary_large_image","twitter_misc":{"Dur\u00e9e de lecture estim\u00e9e":"1 minute"},"schema":{"@context":"https:\/\/schema.org","@graph":[{"@type":"WebPage","@id":"https:\/\/www.ecuriesderiboulam.com\/index.php\/locations\/location-de-salle\/","url":"https:\/\/www.ecuriesderiboulam.com\/index.php\/locations\/location-de-salle\/","name":"Location de salle de r\u00e9ception Cornillon-Confoux, Lan\u00e7on de Provence, Grans","isPartOf":{"@id":"https:\/\/www.ecuriesderiboulam.com\/#website"},"datePublished":"2018-01-03T20:00:09+00:00","dateModified":"2023-10-26T16:32:39+00:00","breadcrumb":{"@id":"https:\/\/www.ecuriesderiboulam.com\/index.php\/locations\/location-de-salle\/#breadcrumb"},"inLanguage":"fr-FR","potentialAction":[{"@type":"ReadAction","target":["https:\/\/www.ecuriesderiboulam.com\/index.php\/locations\/location-de-salle\/"]}]},{"@type":"BreadcrumbList","@id":"https:\/\/www.ecuriesderiboulam.com\/index.php\/locations\/location-de-salle\/#breadcrumb","itemListElement":[{"@type":"ListItem","position":1,"name":"Home","item":"https:\/\/www.ecuriesderiboulam.com\/"},{"@type":"ListItem","position":2,"name":"Locations","item":"https:\/\/www.ecuriesderiboulam.com\/index.php\/locations\/"},{"@type":"ListItem","position":3,"name":"Location de salle"}]},{"@type":"WebSite","@id":"https:\/\/www.ecuriesderiboulam.com\/#website","url":"https:\/\/www.ecuriesderiboulam.com\/","name":"Ecuries de Riboulam","description":"Le bonheur \u00e9questre en Provence","publisher":{"@id":"https:\/\/www.ecuriesderiboulam.com\/#organization"},"potentialAction":[{"@type":"SearchAction","target":{"@type":"EntryPoint","urlTemplate":"https:\/\/www.ecuriesderiboulam.com\/?s={search_term_string}"},"query-input":{"@type":"PropertyValueSpecification","valueRequired":true,"valueName":"search_term_string"}}],"inLanguage":"fr-FR"},{"@type":"Organization","@id":"https:\/\/www.ecuriesderiboulam.com\/#organization","name":"Ecuries de Riboulam","url":"https:\/\/www.ecuriesderiboulam.com\/","logo":{"@type":"ImageObject","inLanguage":"fr-FR","@id":"https:\/\/www.ecuriesderiboulam.com\/#\/schema\/logo\/image\/","url":"https:\/\/www.ecuriesderiboulam.com\/wp-content\/uploads\/2018\/01\/Logo_noir.png","contentUrl":"https:\/\/www.ecuriesderiboulam.com\/wp-content\/uploads\/2018\/01\/Logo_noir.png","width":852,"height":852,"caption":"Ecuries de Riboulam"},"image":{"@id":"https:\/\/www.ecuriesderiboulam.com\/#\/schema\/logo\/image\/"},"sameAs":["https:\/\/www.facebook.com\/EcuriesdeRiboulamChevauxetEvenements1976\/"]}]}},"_links":{"self":[{"href":"https:\/\/www.ecuriesderiboulam.com\/index.php\/wp-json\/wp\/v2\/pages\/288","targetHints":{"allow":["GET"]}}],"collection":[{"href":"https:\/\/www.ecuriesderiboulam.com\/index.php\/wp-json\/wp\/v2\/pages"}],"about":[{"href":"https:\/\/www.ecuriesderiboulam.com\/index.php\/wp-json\/wp\/v2\/types\/page"}],"author":[{"embeddable":true,"href":"https:\/\/www.ecuriesderiboulam.com\/index.php\/wp-json\/wp\/v2\/users\/1"}],"replies":[{"embeddable":true,"href":"https:\/\/www.ecuriesderiboulam.com\/index.php\/wp-json\/wp\/v2\/comments?post=288"}],"version-history":[{"count":14,"href":"https:\/\/www.ecuriesderiboulam.com\/index.php\/wp-json\/wp\/v2\/pages\/288\/revisions"}],"predecessor-version":[{"id":2897,"href":"https:\/\/www.ecuriesderiboulam.com\/index.php\/wp-json\/wp\/v2\/pages\/288\/revisions\/2897"}],"up":[{"embeddable":true,"href":"https:\/\/www.ecuriesderiboulam.com\/index.php\/wp-json\/wp\/v2\/pages\/285"}],"wp:attachment":[{"href":"https:\/\/www.ecuriesderiboulam.com\/index.php\/wp-json\/wp\/v2\/media?parent=288"}],"curies":[{"name":"wp","href":"https:\/\/api.w.org\/{rel}","templated":true}]}}