{"id":1775,"date":"2022-01-15T15:23:10","date_gmt":"2022-01-15T14:23:10","guid":{"rendered":"https:\/\/www.ecuriesderiboulam.com\/?page_id=1775"},"modified":"2025-12-30T12:50:23","modified_gmt":"2025-12-30T11:50:23","slug":"1775-2","status":"publish","type":"page","link":"https:\/\/www.ecuriesderiboulam.com\/index.php\/1775-2\/","title":{"rendered":"Infos Hebergement"},"content":{"rendered":"<p>[et_pb_section fb_built=\u00a0\u00bb1&Prime; _builder_version=\u00a0\u00bb4.16&Prime; use_background_color_gradient=\u00a0\u00bbon\u00a0\u00bb background_color_gradient_stops=\u00a0\u00bb#55574c 0%|#84866e 100%\u00a0\u00bb background_color_gradient_start=\u00a0\u00bb#55574c\u00a0\u00bb background_color_gradient_end=\u00a0\u00bb#84866e\u00a0\u00bb global_colors_info=\u00a0\u00bb{}\u00a0\u00bb][et_pb_row _builder_version=\u00a0\u00bb4.16&Prime; min_height=\u00a0\u00bb82.2px\u00a0\u00bb global_colors_info=\u00a0\u00bb{}\u00a0\u00bb][et_pb_column type=\u00a0\u00bb4_4&Prime; _builder_version=\u00a0\u00bb4.16&Prime; custom_padding=\u00a0\u00bb|||\u00a0\u00bb hover_enabled=\u00a0\u00bb0&Prime; global_colors_info=\u00a0\u00bb{}\u00a0\u00bb custom_padding__hover=\u00a0\u00bb|||\u00a0\u00bb sticky_enabled=\u00a0\u00bb0&Prime;][et_pb_text _builder_version=\u00a0\u00bb4.24.0&Prime; min_height=\u00a0\u00bb78px\u00a0\u00bb custom_margin=\u00a0\u00bb||-31px|||\u00a0\u00bb custom_padding=\u00a0\u00bb||0px|||\u00a0\u00bb hover_enabled=\u00a0\u00bb0&Prime; global_colors_info=\u00a0\u00bb{}\u00a0\u00bb sticky_enabled=\u00a0\u00bb0&Prime;]<\/p>\n<p>&nbsp;<\/p>\n<h2>H\u00e9bergements aux alentours<span style=\"color: #ff0044;\"><\/span><\/h2>\n<p>Voici une liste des h\u00e9bergements disponibles pour vous loger pendant les concours :<\/p>\n<ul>\n<li><a href=\"https:\/\/gite-d-eole-cornillon-confoux.hotelmix.fr\/\" target=\"_blank\" rel=\"noopener\">Le g\u00eete d&rsquo;Eole <\/a><\/li>\n<li><a href=\"https:\/\/gite-de-camille.hubside.fr\/\" target=\"_blank\" rel=\"noopener\">Le g\u00eete de Camille<\/a><\/li>\n<li><a href=\"http:\/\/gite.de.leydet.free.fr\/fr\/index.html\" target=\"_blank\" rel=\"noopener\">Le g\u00eete de Leydet<\/a><\/li>\n<li><a href=\"https:\/\/www.instagram.com\/lecabanondesoliviers\/?igsh=MWZ1NnBrbjgybXZqNA%3D%3D#\" target=\"_blank\" rel=\"noopener\">Le cabanon des Oliviers<\/a><\/li>\n<li><a href=\"https:\/\/www.airbnb.fr\/rooms\/1090434893109868742?check_in=&amp;source_impression_id=p3_1767094637_P3nzhBE1xFHl7Ogd\" target=\"_blank\" rel=\"noopener\">Studio au c\u0153ur du village de Cornillon Confoux<\/a><\/li>\n<li><a href=\"https:\/\/www.airbnb.fr\/rooms\/1091278905655206325?check_in=&amp;source_impression_id=p3_1767094826_P30m_XW7uT4MKX6z\" target=\"_blank\" rel=\"noopener\">Maison de village \u00e0 Cornillon Confoux<\/a><\/li>\n<li><a href=\"https:\/\/salon-provence.brithotel.fr\/\" target=\"_blank\" rel=\"noopener\">Le Brit H\u00f4tel \u00e0 Salon de Provence<\/a><\/li>\n<li><a href=\"https:\/\/www.ace-hotel.com\/fr\/hotels\/salon-de-provence\/\" target=\"_blank\" rel=\"noopener\">L&rsquo;ACE H\u00f4tel \u00e0 Salon de Provence<\/a><\/li>\n<li><a href=\"https:\/\/www.cornillonconfoux.fr\/sejourner\/se-loger-a-cornillon\/\" target=\"_blank\" rel=\"noopener\">Les h\u00e9bergements autour de Cornillon Confoux<\/a><\/li>\n<li><a href=\"https:\/\/grans.fr\/annuaire\/hebergements\" target=\"_blank\" rel=\"noopener\">Les h\u00e9bergements autour de Grans<\/a><\/li>\n<li><a href=\"https:\/\/www.lancon-provence.fr\/fr\/tourisme\/hebergements.html\" target=\"_blank\" rel=\"noopener\">Les h\u00e9bergements autour de Lan\u00e7on Provence<\/a><\/li>\n<\/ul>\n<p>&nbsp;<\/p>\n<p>&nbsp;<\/p>\n<p>[\/et_pb_text][\/et_pb_column][\/et_pb_row][\/et_pb_section]<\/p>\n","protected":false},"excerpt":{"rendered":"<p>&nbsp; H\u00e9bergements aux alentours Voici une liste des h\u00e9bergements disponibles pour vous loger pendant les concours : Le g\u00eete d&rsquo;Eole Le g\u00eete de Camille Le g\u00eete de Leydet Le cabanon des Oliviers Studio au c\u0153ur du village de Cornillon Confoux Maison de village \u00e0 Cornillon Confoux Le Brit H\u00f4tel \u00e0 Salon de Provence L&rsquo;ACE H\u00f4tel [&hellip;]<\/p>\n","protected":false},"author":6,"featured_media":0,"parent":0,"menu_order":0,"comment_status":"closed","ping_status":"closed","template":"","meta":{"_et_pb_use_builder":"on","_et_pb_old_content":"","_et_gb_content_width":"","_exactmetrics_skip_tracking":false,"_exactmetrics_sitenote_active":false,"_exactmetrics_sitenote_note":"","_exactmetrics_sitenote_category":0,"footnotes":""},"class_list":["post-1775","page","type-page","status-publish","hentry"],"yoast_head":"<!-- This site is optimized with the Yoast SEO plugin v24.3 - https:\/\/yoast.com\/wordpress\/plugins\/seo\/ -->\n<title>Infos Hebergement - Ecuries de Riboulam<\/title>\n<meta name=\"robots\" content=\"index, follow, max-snippet:-1, max-image-preview:large, max-video-preview:-1\" \/>\n<link rel=\"canonical\" href=\"https:\/\/www.ecuriesderiboulam.com\/index.php\/1775-2\/\" \/>\n<meta property=\"og:locale\" content=\"fr_FR\" \/>\n<meta property=\"og:type\" content=\"article\" \/>\n<meta property=\"og:title\" content=\"Infos Hebergement - Ecuries de Riboulam\" \/>\n<meta property=\"og:description\" content=\"&nbsp; H\u00e9bergements aux alentours Voici une liste des h\u00e9bergements disponibles pour vous loger pendant les concours : Le g\u00eete d&#039;Eole Le g\u00eete de Camille Le g\u00eete de Leydet Le cabanon des Oliviers Studio au c\u0153ur du village de Cornillon Confoux Maison de village \u00e0 Cornillon Confoux Le Brit H\u00f4tel \u00e0 Salon de Provence L&#039;ACE H\u00f4tel [&hellip;]\" \/>\n<meta property=\"og:url\" content=\"https:\/\/www.ecuriesderiboulam.com\/index.php\/1775-2\/\" \/>\n<meta property=\"og:site_name\" content=\"Ecuries de Riboulam\" \/>\n<meta property=\"article:publisher\" content=\"https:\/\/www.facebook.com\/EcuriesdeRiboulamChevauxetEvenements1976\/\" \/>\n<meta property=\"article:modified_time\" content=\"2025-12-30T11:50:23+00:00\" \/>\n<meta name=\"twitter:card\" content=\"summary_large_image\" \/>\n<meta name=\"twitter:label1\" content=\"Dur\u00e9e de lecture estim\u00e9e\" \/>\n\t<meta name=\"twitter:data1\" content=\"1 minute\" \/>\n<script type=\"application\/ld+json\" class=\"yoast-schema-graph\">{\"@context\":\"https:\/\/schema.org\",\"@graph\":[{\"@type\":\"WebPage\",\"@id\":\"https:\/\/www.ecuriesderiboulam.com\/index.php\/1775-2\/\",\"url\":\"https:\/\/www.ecuriesderiboulam.com\/index.php\/1775-2\/\",\"name\":\"Infos Hebergement - Ecuries de Riboulam\",\"isPartOf\":{\"@id\":\"https:\/\/www.ecuriesderiboulam.com\/#website\"},\"datePublished\":\"2022-01-15T14:23:10+00:00\",\"dateModified\":\"2025-12-30T11:50:23+00:00\",\"breadcrumb\":{\"@id\":\"https:\/\/www.ecuriesderiboulam.com\/index.php\/1775-2\/#breadcrumb\"},\"inLanguage\":\"fr-FR\",\"potentialAction\":[{\"@type\":\"ReadAction\",\"target\":[\"https:\/\/www.ecuriesderiboulam.com\/index.php\/1775-2\/\"]}]},{\"@type\":\"BreadcrumbList\",\"@id\":\"https:\/\/www.ecuriesderiboulam.com\/index.php\/1775-2\/#breadcrumb\",\"itemListElement\":[{\"@type\":\"ListItem\",\"position\":1,\"name\":\"Home\",\"item\":\"https:\/\/www.ecuriesderiboulam.com\/\"},{\"@type\":\"ListItem\",\"position\":2,\"name\":\"Infos Hebergement\"}]},{\"@type\":\"WebSite\",\"@id\":\"https:\/\/www.ecuriesderiboulam.com\/#website\",\"url\":\"https:\/\/www.ecuriesderiboulam.com\/\",\"name\":\"Ecuries de Riboulam\",\"description\":\"Le bonheur \u00e9questre en Provence\",\"publisher\":{\"@id\":\"https:\/\/www.ecuriesderiboulam.com\/#organization\"},\"potentialAction\":[{\"@type\":\"SearchAction\",\"target\":{\"@type\":\"EntryPoint\",\"urlTemplate\":\"https:\/\/www.ecuriesderiboulam.com\/?s={search_term_string}\"},\"query-input\":{\"@type\":\"PropertyValueSpecification\",\"valueRequired\":true,\"valueName\":\"search_term_string\"}}],\"inLanguage\":\"fr-FR\"},{\"@type\":\"Organization\",\"@id\":\"https:\/\/www.ecuriesderiboulam.com\/#organization\",\"name\":\"Ecuries de Riboulam\",\"url\":\"https:\/\/www.ecuriesderiboulam.com\/\",\"logo\":{\"@type\":\"ImageObject\",\"inLanguage\":\"fr-FR\",\"@id\":\"https:\/\/www.ecuriesderiboulam.com\/#\/schema\/logo\/image\/\",\"url\":\"https:\/\/www.ecuriesderiboulam.com\/wp-content\/uploads\/2018\/01\/Logo_noir.png\",\"contentUrl\":\"https:\/\/www.ecuriesderiboulam.com\/wp-content\/uploads\/2018\/01\/Logo_noir.png\",\"width\":852,\"height\":852,\"caption\":\"Ecuries de Riboulam\"},\"image\":{\"@id\":\"https:\/\/www.ecuriesderiboulam.com\/#\/schema\/logo\/image\/\"},\"sameAs\":[\"https:\/\/www.facebook.com\/EcuriesdeRiboulamChevauxetEvenements1976\/\"]}]}<\/script>\n<!-- \/ Yoast SEO plugin. -->","yoast_head_json":{"title":"Infos Hebergement - Ecuries de Riboulam","robots":{"index":"index","follow":"follow","max-snippet":"max-snippet:-1","max-image-preview":"max-image-preview:large","max-video-preview":"max-video-preview:-1"},"canonical":"https:\/\/www.ecuriesderiboulam.com\/index.php\/1775-2\/","og_locale":"fr_FR","og_type":"article","og_title":"Infos Hebergement - Ecuries de Riboulam","og_description":"&nbsp; H\u00e9bergements aux alentours Voici une liste des h\u00e9bergements disponibles pour vous loger pendant les concours : Le g\u00eete d'Eole Le g\u00eete de Camille Le g\u00eete de Leydet Le cabanon des Oliviers Studio au c\u0153ur du village de Cornillon Confoux Maison de village \u00e0 Cornillon Confoux Le Brit H\u00f4tel \u00e0 Salon de Provence L'ACE H\u00f4tel [&hellip;]","og_url":"https:\/\/www.ecuriesderiboulam.com\/index.php\/1775-2\/","og_site_name":"Ecuries de Riboulam","article_publisher":"https:\/\/www.facebook.com\/EcuriesdeRiboulamChevauxetEvenements1976\/","article_modified_time":"2025-12-30T11:50:23+00:00","twitter_card":"summary_large_image","twitter_misc":{"Dur\u00e9e de lecture estim\u00e9e":"1 minute"},"schema":{"@context":"https:\/\/schema.org","@graph":[{"@type":"WebPage","@id":"https:\/\/www.ecuriesderiboulam.com\/index.php\/1775-2\/","url":"https:\/\/www.ecuriesderiboulam.com\/index.php\/1775-2\/","name":"Infos Hebergement - Ecuries de Riboulam","isPartOf":{"@id":"https:\/\/www.ecuriesderiboulam.com\/#website"},"datePublished":"2022-01-15T14:23:10+00:00","dateModified":"2025-12-30T11:50:23+00:00","breadcrumb":{"@id":"https:\/\/www.ecuriesderiboulam.com\/index.php\/1775-2\/#breadcrumb"},"inLanguage":"fr-FR","potentialAction":[{"@type":"ReadAction","target":["https:\/\/www.ecuriesderiboulam.com\/index.php\/1775-2\/"]}]},{"@type":"BreadcrumbList","@id":"https:\/\/www.ecuriesderiboulam.com\/index.php\/1775-2\/#breadcrumb","itemListElement":[{"@type":"ListItem","position":1,"name":"Home","item":"https:\/\/www.ecuriesderiboulam.com\/"},{"@type":"ListItem","position":2,"name":"Infos Hebergement"}]},{"@type":"WebSite","@id":"https:\/\/www.ecuriesderiboulam.com\/#website","url":"https:\/\/www.ecuriesderiboulam.com\/","name":"Ecuries de Riboulam","description":"Le bonheur \u00e9questre en Provence","publisher":{"@id":"https:\/\/www.ecuriesderiboulam.com\/#organization"},"potentialAction":[{"@type":"SearchAction","target":{"@type":"EntryPoint","urlTemplate":"https:\/\/www.ecuriesderiboulam.com\/?s={search_term_string}"},"query-input":{"@type":"PropertyValueSpecification","valueRequired":true,"valueName":"search_term_string"}}],"inLanguage":"fr-FR"},{"@type":"Organization","@id":"https:\/\/www.ecuriesderiboulam.com\/#organization","name":"Ecuries de Riboulam","url":"https:\/\/www.ecuriesderiboulam.com\/","logo":{"@type":"ImageObject","inLanguage":"fr-FR","@id":"https:\/\/www.ecuriesderiboulam.com\/#\/schema\/logo\/image\/","url":"https:\/\/www.ecuriesderiboulam.com\/wp-content\/uploads\/2018\/01\/Logo_noir.png","contentUrl":"https:\/\/www.ecuriesderiboulam.com\/wp-content\/uploads\/2018\/01\/Logo_noir.png","width":852,"height":852,"caption":"Ecuries de Riboulam"},"image":{"@id":"https:\/\/www.ecuriesderiboulam.com\/#\/schema\/logo\/image\/"},"sameAs":["https:\/\/www.facebook.com\/EcuriesdeRiboulamChevauxetEvenements1976\/"]}]}},"_links":{"self":[{"href":"https:\/\/www.ecuriesderiboulam.com\/index.php\/wp-json\/wp\/v2\/pages\/1775","targetHints":{"allow":["GET"]}}],"collection":[{"href":"https:\/\/www.ecuriesderiboulam.com\/index.php\/wp-json\/wp\/v2\/pages"}],"about":[{"href":"https:\/\/www.ecuriesderiboulam.com\/index.php\/wp-json\/wp\/v2\/types\/page"}],"author":[{"embeddable":true,"href":"https:\/\/www.ecuriesderiboulam.com\/index.php\/wp-json\/wp\/v2\/users\/6"}],"replies":[{"embeddable":true,"href":"https:\/\/www.ecuriesderiboulam.com\/index.php\/wp-json\/wp\/v2\/comments?post=1775"}],"version-history":[{"count":5,"href":"https:\/\/www.ecuriesderiboulam.com\/index.php\/wp-json\/wp\/v2\/pages\/1775\/revisions"}],"predecessor-version":[{"id":3927,"href":"https:\/\/www.ecuriesderiboulam.com\/index.php\/wp-json\/wp\/v2\/pages\/1775\/revisions\/3927"}],"wp:attachment":[{"href":"https:\/\/www.ecuriesderiboulam.com\/index.php\/wp-json\/wp\/v2\/media?parent=1775"}],"curies":[{"name":"wp","href":"https:\/\/api.w.org\/{rel}","templated":true}]}}