{"id":1677,"date":"2021-11-24T22:32:15","date_gmt":"2021-11-24T21:32:15","guid":{"rendered":"https:\/\/www.ecuriesderiboulam.com\/?page_id=1677"},"modified":"2026-05-01T17:03:10","modified_gmt":"2026-05-01T15:03:10","slug":"page-concours","status":"publish","type":"page","link":"https:\/\/www.ecuriesderiboulam.com\/index.php\/page-concours\/","title":{"rendered":"Concours"},"content":{"rendered":"<p>[et_pb_section fb_built=\u00a0\u00bb1&Prime; _builder_version=\u00a0\u00bb4.16&Prime; use_background_color_gradient=\u00a0\u00bbon\u00a0\u00bb background_color_gradient_stops=\u00a0\u00bb#55574c 0%|#84866e 100%\u00a0\u00bb background_color_gradient_start=\u00a0\u00bb#55574c\u00a0\u00bb background_color_gradient_end=\u00a0\u00bb#84866e\u00a0\u00bb global_colors_info=\u00a0\u00bb{}\u00a0\u00bb][et_pb_row _builder_version=\u00a0\u00bb4.16&Prime; min_height=\u00a0\u00bb82.2px\u00a0\u00bb custom_margin=\u00a0\u00bb|auto|-41px|176px||\u00a0\u00bb global_colors_info=\u00a0\u00bb{}\u00a0\u00bb][et_pb_column type=\u00a0\u00bb4_4&Prime; _builder_version=\u00a0\u00bb4.16&Prime; custom_padding=\u00a0\u00bb|||\u00a0\u00bb global_colors_info=\u00a0\u00bb{}\u00a0\u00bb custom_padding__hover=\u00a0\u00bb|||\u00a0\u00bb][et_pb_text _builder_version=\u00a0\u00bb4.24.0&Prime; text_text_color=\u00a0\u00bb#D8EA91&Prime; link_text_color=\u00a0\u00bb#0C71C3&Prime; min_height=\u00a0\u00bb78px\u00a0\u00bb global_colors_info=\u00a0\u00bb{}\u00a0\u00bb]<\/p>\n<h2>\u00a0<strong>Informations pour le concours Club, Poney et Jeunes Poneys du 3 mai 2026<\/strong><\/h2>\n<div>\n<p>Chers coachs, cavaliers, accompagnants et visiteurs,<\/p>\n<p>Nous sommes ravis de vous accueillir pour ce beau concours Club, Poney et Jeunes Poneys du premier week-end rallong\u00e9 d&rsquo;une longue s\u00e9rie \ud83d\ude09<\/p>\n<p>Ca forge le caract\u00e8re de se lever avant le soleil un dimanche, on vous le promet !<\/p>\n<p>Pour le point m\u00e9t\u00e9o, la journ\u00e9e de dimanche devrait \u00eatre un peu couverte mais avec des temp\u00e9ratures id\u00e9ales pour faire du sport !<\/p>\n<p><strong>PREVOYEZ DES ESPECES OU DES CHEQUES, LE RESEAU EST PARFOIS CAPRICIEUX ET LA CB NE PASSE ALORS PLUS !<\/strong><\/p>\n<p>Comme d&rsquo;habitude, un gros mot d&rsquo;amour\u00a0pour nos b\u00e9n\u00e9voles et notre \u00e9quipe sans qui nous ne pourrions organiser ces\u00a0diff\u00e9rents\u00a0concours et qui r\u00e9pondent encore et toujours \u00e0 l&rsquo;appel &lt;3<\/p>\n<p>Pour ce qui est des\u00a0<strong>horaires<\/strong>\u00a0:<\/p>\n<p>Les conflits d&rsquo;horaires ont \u00e9t\u00e9 g\u00e9r\u00e9s pour le dressage et vous devriez pouvoir tous \u00eatre \u00e0 l&rsquo;heure sur vos reprises. Des d\u00e9rogations pourront \u00eatre accord\u00e9es pour le cross et CSO, nous vous prions de faire une demande aupr\u00e8s du jury le plus t\u00f4t possible apr\u00e8s votre arriv\u00e9e (notamment pour les cavaliers qui font plusieurs \u00e9preuves).<\/p>\n<p><strong>ATTENTION<\/strong>\u00a0: les horaires individuels sont donn\u00e9s\u00a0<strong>\u00e0 titre indicatif<\/strong>\u00a0et<strong> TOUTE AVANCE SERA CONSERVEE<\/strong> (dans la mesure du possible) ! Nous seront contraints, comme pr\u00e9vu par le r\u00e8glement, d&rsquo;ajouter 10 points de p\u00e9nalit\u00e9 en cas de retard&#8230;<\/p>\n<p><strong>Le\u00a0<u>num\u00e9ro de t\u00eati\u00e8re sera<\/u><u> obligatoire sur toutes les \u00e9preuves<\/u>,<\/strong>\u00a0ou \u00e0 d\u00e9faut car beaucoup moins esth\u00e9tique\u2026le dossard\u00a0!<\/p>\n<p><strong>Nous imprimons les dossards<\/strong>, qui seront \u00e0 r\u00e9cup\u00e9rer \u00e0 la buvette. <strong>Aucune\u00a0autre\u00a0<\/strong>impression ne sera faite. Toutes les informations n\u00e9cessaires seront disponibles sur le site, et \u00e0 l\u2019affichage, mais pour le confort de nos commissaires aux obstacles, les codes couleurs sont importants et nous continuons donc \u00e0 imprimer les dossards.<\/p>\n<p>La buvette sera \u00e9videmment ouverte tout au long du concours. Vous pourrez y retrouver des plats chauds, sandwichs, boissons et petits en-cas.<\/p>\n<p><strong>Tout est dit ! Plus qu\u2019\u00e0 profiter !<\/strong><\/p>\n<p>Au plaisir de vous accueillir vite !<\/p>\n<p>Cavali\u00e8rement,<\/p>\n<p>L&rsquo;\u00e9quipe\u00a0de\u00a0Riboulam\u00a0!<\/p>\n<p><span style=\"text-decoration: underline;\">N.B.<\/span> : le respect du r\u00e8glement est bien \u00e9videmment obligatoire (mais on se sent oblig\u00e9s de le pr\u00e9ciser pour \u00e9viter que le doute plane !)<\/p>\n<p>&nbsp;<\/p>\n<\/div>\n<h2><a href=\"https:\/\/www.ecuriesderiboulam.com\/wp-content\/uploads\/2026\/05\/Plan-Boxes-entier-avec-listing.pdf\" target=\"_blank\" rel=\"noopener\">Plan des boxes<\/a><\/h2>\n<div><\/div>\n<p>[\/et_pb_text][et_pb_text _builder_version=\u00a0\u00bb4.24.0&Prime; min_height=\u00a0\u00bb78px\u00a0\u00bb custom_margin=\u00a0\u00bb||-31px|||\u00a0\u00bb custom_padding=\u00a0\u00bb||0px|||\u00a0\u00bb global_colors_info=\u00a0\u00bb{}\u00a0\u00bb]<\/p>\n<h2><strong>Vue d&rsquo;ensemble des installations<\/strong><\/h2>\n<p><span><\/span><\/p>\n<p><span><\/span><\/p>\n<div>\n<h2><\/h2>\n<p>&nbsp;<\/p>\n<\/div>\n<p>[\/et_pb_text][et_pb_gallery gallery_ids=\u00a0\u00bb1729,1728,1721,1724,1726,1723,1739,1720,1727,1725&Prime; fullwidth=\u00a0\u00bbon\u00a0\u00bb _builder_version=\u00a0\u00bb4.16&Prime; _module_preset=\u00a0\u00bbdefault\u00a0\u00bb global_colors_info=\u00a0\u00bb{}\u00a0\u00bb][\/et_pb_gallery][\/et_pb_column][\/et_pb_row][\/et_pb_section][et_pb_section fb_built=\u00a0\u00bb1&Prime; _builder_version=\u00a0\u00bb4.24.0&Prime; _module_preset=\u00a0\u00bbdefault\u00a0\u00bb background_color=\u00a0\u00bb#84866E\u00a0\u00bb global_colors_info=\u00a0\u00bb{}\u00a0\u00bb][et_pb_row _builder_version=\u00a0\u00bb4.24.0&Prime; _module_preset=\u00a0\u00bbdefault\u00a0\u00bb global_colors_info=\u00a0\u00bb{}\u00a0\u00bb][et_pb_column type=\u00a0\u00bb4_4&Prime; _builder_version=\u00a0\u00bb4.24.0&Prime; _module_preset=\u00a0\u00bbdefault\u00a0\u00bb global_colors_info=\u00a0\u00bb{}\u00a0\u00bb][et_pb_image src=\u00a0\u00bbhttps:\/\/www.ecuriesderiboulam.com\/wp-content\/uploads\/2026\/04\/Vue-aerienne-configuration-CCE-Mai-2026.jpg\u00a0\u00bb title_text=\u00a0\u00bbVue a\u00e9rienne configuration CCE Mai 2026&Prime; _builder_version=\u00a0\u00bb4.24.0&Prime; _module_preset=\u00a0\u00bbdefault\u00a0\u00bb global_colors_info=\u00a0\u00bb{}\u00a0\u00bb][\/et_pb_image][\/et_pb_column][\/et_pb_row][\/et_pb_section][et_pb_section fb_built=\u00a0\u00bb1&Prime; _builder_version=\u00a0\u00bb4.16&Prime; background_color=\u00a0\u00bb#55574C\u00a0\u00bb global_colors_info=\u00a0\u00bb{}\u00a0\u00bb][et_pb_row column_structure=\u00a0\u00bb1_2,1_2&Prime; module_id=\u00a0\u00bbplans-horaires-par-epreuve\u00a0\u00bb _builder_version=\u00a0\u00bb4.16&Prime; min_height=\u00a0\u00bb82.2px\u00a0\u00bb custom_margin=\u00a0\u00bb-1px|auto|2px|auto||\u00a0\u00bb global_colors_info=\u00a0\u00bb{}\u00a0\u00bb][et_pb_column type=\u00a0\u00bb1_2&Prime; _builder_version=\u00a0\u00bb4.16&Prime; custom_padding=\u00a0\u00bb|||\u00a0\u00bb global_colors_info=\u00a0\u00bb{}\u00a0\u00bb custom_padding__hover=\u00a0\u00bb|||\u00a0\u00bb][et_pb_text _builder_version=\u00a0\u00bb4.24.0&Prime; min_height=\u00a0\u00bb88px\u00a0\u00bb custom_margin=\u00a0\u00bb||0px||false|false\u00a0\u00bb custom_padding=\u00a0\u00bb||0px|||\u00a0\u00bb hover_enabled=\u00a0\u00bb0&Prime; global_colors_info=\u00a0\u00bb{}\u00a0\u00bb sticky_enabled=\u00a0\u00bb0&Prime;]<\/p>\n<h2>Horaires par \u00e9preuve<\/h2>\n<p>&nbsp;<\/p>\n<div><a href=\"https:\/\/www.ecuriesderiboulam.com\/wp-content\/uploads\/2026\/04\/As-Poney-2.pdf\" target=\"_blank\" rel=\"noopener\">As Poney 2<\/a><\/div>\n<div><a href=\"https:\/\/www.ecuriesderiboulam.com\/wp-content\/uploads\/2026\/04\/Poney-Elite.pdf\" target=\"_blank\" rel=\"noopener\">Poney Elite<\/a><\/div>\n<div><a href=\"https:\/\/www.ecuriesderiboulam.com\/wp-content\/uploads\/2026\/04\/Poney-1.pdf\" target=\"_blank\" rel=\"noopener\">Poney 1<\/a><\/div>\n<div><a href=\"https:\/\/www.ecuriesderiboulam.com\/wp-content\/uploads\/2026\/04\/Poney-2.pdf\" target=\"_blank\" rel=\"noopener\">Poney 2<\/a><\/div>\n<div><a href=\"https:\/\/www.ecuriesderiboulam.com\/wp-content\/uploads\/2026\/04\/Poney-3.pdf\" target=\"_blank\" rel=\"noopener\">Poney 3<\/a><\/div>\n<div><a href=\"https:\/\/www.ecuriesderiboulam.com\/wp-content\/uploads\/2026\/04\/Club-Elite.pdf\" target=\"_blank\" rel=\"noopener\">Club Elite<\/a><\/div>\n<div><a href=\"https:\/\/www.ecuriesderiboulam.com\/wp-content\/uploads\/2026\/05\/Club-1.pdf\" target=\"_blank\" rel=\"noopener\">Club 1<\/a><\/div>\n<div><a href=\"https:\/\/www.ecuriesderiboulam.com\/wp-content\/uploads\/2026\/04\/Club-2.pdf\" target=\"_blank\" rel=\"noopener\">Club 2<\/a><\/div>\n<div><a href=\"https:\/\/www.ecuriesderiboulam.com\/wp-content\/uploads\/2026\/04\/Club-3.pdf\" target=\"_blank\" rel=\"noopener\">Club 3<\/a><\/div>\n<div><a href=\"https:\/\/www.ecuriesderiboulam.com\/wp-content\/uploads\/2026\/04\/JP-4-ans.pdf\" target=\"_blank\" rel=\"noopener\">JP 4 ans<\/a><\/div>\n<div><a href=\"https:\/\/www.ecuriesderiboulam.com\/wp-content\/uploads\/2026\/04\/JP-5-ans.pdf\" target=\"_blank\" rel=\"noopener\">JP 5 ans<\/a><\/div>\n<div><a href=\"https:\/\/www.ecuriesderiboulam.com\/wp-content\/uploads\/2026\/04\/JP-6-ans.pdf\" target=\"_blank\" rel=\"noopener\">JP 6 ans<\/a><\/div>\n<p>[\/et_pb_text][et_pb_gallery gallery_ids=\u00a0\u00bb1729,1728,1721,1724,1726,1723,1739,1720,1727,1725&Prime; fullwidth=\u00a0\u00bbon\u00a0\u00bb _builder_version=\u00a0\u00bb4.16&Prime; _module_preset=\u00a0\u00bbdefault\u00a0\u00bb global_colors_info=\u00a0\u00bb{}\u00a0\u00bb][\/et_pb_gallery][\/et_pb_column][et_pb_column type=\u00a0\u00bb1_2&Prime; _builder_version=\u00a0\u00bb4.16&Prime; custom_padding=\u00a0\u00bb|||\u00a0\u00bb global_colors_info=\u00a0\u00bb{}\u00a0\u00bb custom_padding__hover=\u00a0\u00bb|||\u00a0\u00bb][et_pb_text _builder_version=\u00a0\u00bb4.24.0&Prime; _module_preset=\u00a0\u00bbdefault\u00a0\u00bb hover_enabled=\u00a0\u00bb0&Prime; global_colors_info=\u00a0\u00bb{}\u00a0\u00bb sticky_enabled=\u00a0\u00bb0&Prime;]<\/p>\n<h2>Plans du cross<\/h2>\n<div><\/div>\n<div><a href=\"https:\/\/www.ecuriesderiboulam.com\/wp-content\/uploads\/2026\/05\/Plan-AS2-Club-Elite-6-ans.pdf\" target=\"_blank\" rel=\"noopener\">Plan As Poney 2, Club Elite et Jeunes Poneys 6 ans<\/a><\/div>\n<div><a href=\"https:\/\/www.ecuriesderiboulam.com\/wp-content\/uploads\/2026\/05\/Plan-P-Elite-Club-1-5-ans.pdf\" target=\"_blank\" rel=\"noopener\">Plan Poney Elite, Club 1 et Jeunes Poneys 5 ans<\/a><\/div>\n<div><a href=\"https:\/\/www.ecuriesderiboulam.com\/wp-content\/uploads\/2026\/05\/Plan-P1-Club-2-4-ans.pdf\" target=\"_blank\" rel=\"noopener\">Plan Poney 1, Club 2 et Jeunes Poneys 4 ans<\/a><\/div>\n<div><a href=\"https:\/\/www.ecuriesderiboulam.com\/wp-content\/uploads\/2026\/05\/Plan-P2-Club-3.pdf\" target=\"_blank\" rel=\"noopener\">Plan Poney 2 et Club 3<\/a><\/div>\n<div><a href=\"https:\/\/www.ecuriesderiboulam.com\/wp-content\/uploads\/2026\/05\/Plan-P3.pdf\" target=\"_blank\" rel=\"noopener\">Plan Poney 3<\/a><\/div>\n<div><\/div>\n<p>[\/et_pb_text][et_pb_text _builder_version=\u00a0\u00bb4.16&Prime; _module_preset=\u00a0\u00bbdefault\u00a0\u00bb custom_padding=\u00a0\u00bb|||0px||\u00a0\u00bb global_colors_info=\u00a0\u00bb{}\u00a0\u00bb]<\/p>\n<p style=\"text-align: left;\"><strong>RAPPEL IMPORTANT<\/strong> : Pour pr\u00e9server la plan\u00e8te, nous n&rsquo;imprimons plus que les dossards ! Tous les documents sont disponibles en ligne et seront affich\u00e9s \u00e0 la buvette, mais il faudra les imprimer chez vous si n\u00e9cessaire \ud83d\ude42<\/p>\n<p>[\/et_pb_text][\/et_pb_column][\/et_pb_row][\/et_pb_section][et_pb_section fb_built=\u00a0\u00bb1&Prime; _builder_version=\u00a0\u00bb4.16&Prime; background_color=\u00a0\u00bb#84866E\u00a0\u00bb global_colors_info=\u00a0\u00bb{}\u00a0\u00bb][et_pb_row module_id=\u00a0\u00bbinfos-par-club\u00a0\u00bb _builder_version=\u00a0\u00bb4.16&Prime; min_height=\u00a0\u00bb220.2px\u00a0\u00bb custom_margin=\u00a0\u00bb|auto|34px|auto||\u00a0\u00bb custom_padding=\u00a0\u00bb||10px|||\u00a0\u00bb global_colors_info=\u00a0\u00bb{}\u00a0\u00bb][et_pb_column type=\u00a0\u00bb4_4&Prime; _builder_version=\u00a0\u00bb4.16&Prime; custom_padding=\u00a0\u00bb|||\u00a0\u00bb global_colors_info=\u00a0\u00bb{}\u00a0\u00bb custom_padding__hover=\u00a0\u00bb|||\u00a0\u00bb][et_pb_text _builder_version=\u00a0\u00bb4.24.0&Prime; min_height=\u00a0\u00bb78px\u00a0\u00bb custom_margin=\u00a0\u00bb||0px||false|false\u00a0\u00bb custom_padding=\u00a0\u00bb||0px|||\u00a0\u00bb global_colors_info=\u00a0\u00bb{}\u00a0\u00bb]<\/p>\n<h2>Informations par club<\/h2>\n<p>&nbsp;<\/p>\n<p>[\/et_pb_text][et_pb_gallery gallery_ids=\u00a0\u00bb1729,1728,1721,1724,1726,1723,1739,1720,1727,1725&Prime; fullwidth=\u00a0\u00bbon\u00a0\u00bb _builder_version=\u00a0\u00bb4.16&Prime; _module_preset=\u00a0\u00bbdefault\u00a0\u00bb global_colors_info=\u00a0\u00bb{}\u00a0\u00bb][\/et_pb_gallery][et_pb_text _builder_version=\u00a0\u00bb4.24.0&Prime; min_height=\u00a0\u00bb78px\u00a0\u00bb custom_margin=\u00a0\u00bb||0px||false|false\u00a0\u00bb custom_padding=\u00a0\u00bb||0px|74px||\u00a0\u00bb global_colors_info=\u00a0\u00bb{}\u00a0\u00bb][\/et_pb_text][\/et_pb_column][\/et_pb_row][\/et_pb_section]<\/p>\n","protected":false},"excerpt":{"rendered":"<p>\u00a0Informations pour le concours Club, Poney et Jeunes Poneys du 3 mai 2026 Chers coachs, cavaliers, accompagnants et visiteurs, Nous sommes ravis de vous accueillir pour ce beau concours Club, Poney et Jeunes Poneys du premier week-end rallong\u00e9 d&rsquo;une longue s\u00e9rie \ud83d\ude09 Ca forge le caract\u00e8re de se lever avant le soleil un dimanche, on [&hellip;]<\/p>\n","protected":false},"author":6,"featured_media":0,"parent":0,"menu_order":0,"comment_status":"closed","ping_status":"closed","template":"","meta":{"_et_pb_use_builder":"on","_et_pb_old_content":"","_et_gb_content_width":"","_exactmetrics_skip_tracking":false,"_exactmetrics_sitenote_active":false,"_exactmetrics_sitenote_note":"","_exactmetrics_sitenote_category":0,"footnotes":""},"class_list":["post-1677","page","type-page","status-publish","hentry"],"yoast_head":"<!-- This site is optimized with the Yoast SEO plugin v24.3 - https:\/\/yoast.com\/wordpress\/plugins\/seo\/ -->\n<title>Concours - Ecuries de Riboulam<\/title>\n<meta name=\"robots\" content=\"index, follow, max-snippet:-1, max-image-preview:large, max-video-preview:-1\" \/>\n<link rel=\"canonical\" href=\"https:\/\/www.ecuriesderiboulam.com\/index.php\/page-concours\/\" \/>\n<meta property=\"og:locale\" content=\"fr_FR\" \/>\n<meta property=\"og:type\" content=\"article\" \/>\n<meta property=\"og:title\" content=\"Concours - Ecuries de Riboulam\" \/>\n<meta property=\"og:description\" content=\"\u00a0Informations pour le concours Club, Poney et Jeunes Poneys du 3 mai 2026 Chers coachs, cavaliers, accompagnants et visiteurs, Nous sommes ravis de vous accueillir pour ce beau concours Club, Poney et Jeunes Poneys du premier week-end rallong\u00e9 d&#039;une longue s\u00e9rie ;) Ca forge le caract\u00e8re de se lever avant le soleil un dimanche, on [&hellip;]\" \/>\n<meta property=\"og:url\" content=\"https:\/\/www.ecuriesderiboulam.com\/index.php\/page-concours\/\" \/>\n<meta property=\"og:site_name\" content=\"Ecuries de Riboulam\" \/>\n<meta property=\"article:publisher\" content=\"https:\/\/www.facebook.com\/EcuriesdeRiboulamChevauxetEvenements1976\/\" \/>\n<meta property=\"article:modified_time\" content=\"2026-05-01T15:03:10+00:00\" \/>\n<meta name=\"twitter:card\" content=\"summary_large_image\" \/>\n<script type=\"application\/ld+json\" class=\"yoast-schema-graph\">{\"@context\":\"https:\/\/schema.org\",\"@graph\":[{\"@type\":\"WebPage\",\"@id\":\"https:\/\/www.ecuriesderiboulam.com\/index.php\/page-concours\/\",\"url\":\"https:\/\/www.ecuriesderiboulam.com\/index.php\/page-concours\/\",\"name\":\"Concours - Ecuries de Riboulam\",\"isPartOf\":{\"@id\":\"https:\/\/www.ecuriesderiboulam.com\/#website\"},\"datePublished\":\"2021-11-24T21:32:15+00:00\",\"dateModified\":\"2026-05-01T15:03:10+00:00\",\"breadcrumb\":{\"@id\":\"https:\/\/www.ecuriesderiboulam.com\/index.php\/page-concours\/#breadcrumb\"},\"inLanguage\":\"fr-FR\",\"potentialAction\":[{\"@type\":\"ReadAction\",\"target\":[\"https:\/\/www.ecuriesderiboulam.com\/index.php\/page-concours\/\"]}]},{\"@type\":\"BreadcrumbList\",\"@id\":\"https:\/\/www.ecuriesderiboulam.com\/index.php\/page-concours\/#breadcrumb\",\"itemListElement\":[{\"@type\":\"ListItem\",\"position\":1,\"name\":\"Home\",\"item\":\"https:\/\/www.ecuriesderiboulam.com\/\"},{\"@type\":\"ListItem\",\"position\":2,\"name\":\"Concours\"}]},{\"@type\":\"WebSite\",\"@id\":\"https:\/\/www.ecuriesderiboulam.com\/#website\",\"url\":\"https:\/\/www.ecuriesderiboulam.com\/\",\"name\":\"Ecuries de Riboulam\",\"description\":\"Le bonheur \u00e9questre en Provence\",\"publisher\":{\"@id\":\"https:\/\/www.ecuriesderiboulam.com\/#organization\"},\"potentialAction\":[{\"@type\":\"SearchAction\",\"target\":{\"@type\":\"EntryPoint\",\"urlTemplate\":\"https:\/\/www.ecuriesderiboulam.com\/?s={search_term_string}\"},\"query-input\":{\"@type\":\"PropertyValueSpecification\",\"valueRequired\":true,\"valueName\":\"search_term_string\"}}],\"inLanguage\":\"fr-FR\"},{\"@type\":\"Organization\",\"@id\":\"https:\/\/www.ecuriesderiboulam.com\/#organization\",\"name\":\"Ecuries de Riboulam\",\"url\":\"https:\/\/www.ecuriesderiboulam.com\/\",\"logo\":{\"@type\":\"ImageObject\",\"inLanguage\":\"fr-FR\",\"@id\":\"https:\/\/www.ecuriesderiboulam.com\/#\/schema\/logo\/image\/\",\"url\":\"https:\/\/www.ecuriesderiboulam.com\/wp-content\/uploads\/2018\/01\/Logo_noir.png\",\"contentUrl\":\"https:\/\/www.ecuriesderiboulam.com\/wp-content\/uploads\/2018\/01\/Logo_noir.png\",\"width\":852,\"height\":852,\"caption\":\"Ecuries de Riboulam\"},\"image\":{\"@id\":\"https:\/\/www.ecuriesderiboulam.com\/#\/schema\/logo\/image\/\"},\"sameAs\":[\"https:\/\/www.facebook.com\/EcuriesdeRiboulamChevauxetEvenements1976\/\"]}]}<\/script>\n<!-- \/ Yoast SEO plugin. -->","yoast_head_json":{"title":"Concours - Ecuries de Riboulam","robots":{"index":"index","follow":"follow","max-snippet":"max-snippet:-1","max-image-preview":"max-image-preview:large","max-video-preview":"max-video-preview:-1"},"canonical":"https:\/\/www.ecuriesderiboulam.com\/index.php\/page-concours\/","og_locale":"fr_FR","og_type":"article","og_title":"Concours - Ecuries de Riboulam","og_description":"\u00a0Informations pour le concours Club, Poney et Jeunes Poneys du 3 mai 2026 Chers coachs, cavaliers, accompagnants et visiteurs, Nous sommes ravis de vous accueillir pour ce beau concours Club, Poney et Jeunes Poneys du premier week-end rallong\u00e9 d'une longue s\u00e9rie ;) Ca forge le caract\u00e8re de se lever avant le soleil un dimanche, on [&hellip;]","og_url":"https:\/\/www.ecuriesderiboulam.com\/index.php\/page-concours\/","og_site_name":"Ecuries de Riboulam","article_publisher":"https:\/\/www.facebook.com\/EcuriesdeRiboulamChevauxetEvenements1976\/","article_modified_time":"2026-05-01T15:03:10+00:00","twitter_card":"summary_large_image","schema":{"@context":"https:\/\/schema.org","@graph":[{"@type":"WebPage","@id":"https:\/\/www.ecuriesderiboulam.com\/index.php\/page-concours\/","url":"https:\/\/www.ecuriesderiboulam.com\/index.php\/page-concours\/","name":"Concours - Ecuries de Riboulam","isPartOf":{"@id":"https:\/\/www.ecuriesderiboulam.com\/#website"},"datePublished":"2021-11-24T21:32:15+00:00","dateModified":"2026-05-01T15:03:10+00:00","breadcrumb":{"@id":"https:\/\/www.ecuriesderiboulam.com\/index.php\/page-concours\/#breadcrumb"},"inLanguage":"fr-FR","potentialAction":[{"@type":"ReadAction","target":["https:\/\/www.ecuriesderiboulam.com\/index.php\/page-concours\/"]}]},{"@type":"BreadcrumbList","@id":"https:\/\/www.ecuriesderiboulam.com\/index.php\/page-concours\/#breadcrumb","itemListElement":[{"@type":"ListItem","position":1,"name":"Home","item":"https:\/\/www.ecuriesderiboulam.com\/"},{"@type":"ListItem","position":2,"name":"Concours"}]},{"@type":"WebSite","@id":"https:\/\/www.ecuriesderiboulam.com\/#website","url":"https:\/\/www.ecuriesderiboulam.com\/","name":"Ecuries de Riboulam","description":"Le bonheur \u00e9questre en Provence","publisher":{"@id":"https:\/\/www.ecuriesderiboulam.com\/#organization"},"potentialAction":[{"@type":"SearchAction","target":{"@type":"EntryPoint","urlTemplate":"https:\/\/www.ecuriesderiboulam.com\/?s={search_term_string}"},"query-input":{"@type":"PropertyValueSpecification","valueRequired":true,"valueName":"search_term_string"}}],"inLanguage":"fr-FR"},{"@type":"Organization","@id":"https:\/\/www.ecuriesderiboulam.com\/#organization","name":"Ecuries de Riboulam","url":"https:\/\/www.ecuriesderiboulam.com\/","logo":{"@type":"ImageObject","inLanguage":"fr-FR","@id":"https:\/\/www.ecuriesderiboulam.com\/#\/schema\/logo\/image\/","url":"https:\/\/www.ecuriesderiboulam.com\/wp-content\/uploads\/2018\/01\/Logo_noir.png","contentUrl":"https:\/\/www.ecuriesderiboulam.com\/wp-content\/uploads\/2018\/01\/Logo_noir.png","width":852,"height":852,"caption":"Ecuries de Riboulam"},"image":{"@id":"https:\/\/www.ecuriesderiboulam.com\/#\/schema\/logo\/image\/"},"sameAs":["https:\/\/www.facebook.com\/EcuriesdeRiboulamChevauxetEvenements1976\/"]}]}},"_links":{"self":[{"href":"https:\/\/www.ecuriesderiboulam.com\/index.php\/wp-json\/wp\/v2\/pages\/1677","targetHints":{"allow":["GET"]}}],"collection":[{"href":"https:\/\/www.ecuriesderiboulam.com\/index.php\/wp-json\/wp\/v2\/pages"}],"about":[{"href":"https:\/\/www.ecuriesderiboulam.com\/index.php\/wp-json\/wp\/v2\/types\/page"}],"author":[{"embeddable":true,"href":"https:\/\/www.ecuriesderiboulam.com\/index.php\/wp-json\/wp\/v2\/users\/6"}],"replies":[{"embeddable":true,"href":"https:\/\/www.ecuriesderiboulam.com\/index.php\/wp-json\/wp\/v2\/comments?post=1677"}],"version-history":[{"count":279,"href":"https:\/\/www.ecuriesderiboulam.com\/index.php\/wp-json\/wp\/v2\/pages\/1677\/revisions"}],"predecessor-version":[{"id":4059,"href":"https:\/\/www.ecuriesderiboulam.com\/index.php\/wp-json\/wp\/v2\/pages\/1677\/revisions\/4059"}],"wp:attachment":[{"href":"https:\/\/www.ecuriesderiboulam.com\/index.php\/wp-json\/wp\/v2\/media?parent=1677"}],"curies":[{"name":"wp","href":"https:\/\/api.w.org\/{rel}","templated":true}]}}