{"id":1064,"date":"2018-06-14T22:40:03","date_gmt":"2018-06-14T20:40:03","guid":{"rendered":"http:\/\/www.ecuriesderiboulam.com\/?page_id=1064"},"modified":"2018-06-14T22:52:57","modified_gmt":"2018-06-14T20:52:57","slug":"fete-du-club-2018","status":"publish","type":"page","link":"https:\/\/www.ecuriesderiboulam.com\/index.php\/fete-du-club-2018\/","title":{"rendered":"F\u00eate du Club 2018"},"content":{"rendered":"<p>[et_pb_section fb_built=\u00a0\u00bb1&Prime; _builder_version=\u00a0\u00bb3.2.2&Prime; background_color=\u00a0\u00bb#84866e\u00a0\u00bb][et_pb_row _builder_version=\u00a0\u00bb3.7&Prime;][et_pb_column type=\u00a0\u00bb4_4&Prime; _builder_version=\u00a0\u00bb3.7&Prime; parallax=\u00a0\u00bboff\u00a0\u00bb parallax_method=\u00a0\u00bbon\u00a0\u00bb][et_pb_text _builder_version=\u00a0\u00bb3.7&Prime;]<\/p>\n<h1 style=\"text-align: center;\">Bient\u00f4t la f\u00eate du Club 2018 !!!<\/h1>\n<p>[\/et_pb_text][\/et_pb_column][\/et_pb_row][et_pb_row _builder_version=\u00a0\u00bb3.7&Prime; background_color=\u00a0\u00bb#55574c\u00a0\u00bb background_size=\u00a0\u00bbinitial\u00a0\u00bb background_position=\u00a0\u00bbtop_left\u00a0\u00bb background_repeat=\u00a0\u00bbrepeat\u00a0\u00bb][et_pb_column type=\u00a0\u00bb4_4&Prime; _builder_version=\u00a0\u00bb3.2.2&Prime; parallax=\u00a0\u00bboff\u00a0\u00bb parallax_method=\u00a0\u00bbon\u00a0\u00bb][et_pb_countdown_timer title=\u00a0\u00bbPlus que\u00a0\u00bb date_time=\u00a0\u00bb2018-06-23 16:00&Prime; _builder_version=\u00a0\u00bb3.7&Prime; numbers_font=\u00a0\u00bb||||||||\u00a0\u00bb numbers_font_size=\u00a0\u00bb40px\u00a0\u00bb use_background_color=\u00a0\u00bboff\u00a0\u00bb numbers_text_shadow_style=\u00a0\u00bbpreset1&Prime;][\/et_pb_countdown_timer][\/et_pb_column][\/et_pb_row][et_pb_row _builder_version=\u00a0\u00bb3.7&Prime; background_color=\u00a0\u00bb#55574c\u00a0\u00bb][et_pb_column type=\u00a0\u00bb4_4&Prime; _builder_version=\u00a0\u00bb3.7&Prime; parallax=\u00a0\u00bboff\u00a0\u00bb parallax_method=\u00a0\u00bbon\u00a0\u00bb][et_pb_text _builder_version=\u00a0\u00bb3.7&Prime; text_font=\u00a0\u00bb||||||||\u00a0\u00bb text_font_size=\u00a0\u00bb26px\u00a0\u00bb]<\/p>\n<p style=\"text-align: center;\">\u00e0 attendre \ud83d\ude42<\/p>\n<p style=\"text-align: center;\">&#8230; mais n&rsquo;oubliez pas de vous inscrire au plus vite !<\/p>\n<p>[\/et_pb_text][\/et_pb_column][\/et_pb_row][et_pb_row _builder_version=\u00a0\u00bb3.7&Prime;][et_pb_column type=\u00a0\u00bb4_4&Prime; _builder_version=\u00a0\u00bb3.7&Prime; parallax=\u00a0\u00bboff\u00a0\u00bb parallax_method=\u00a0\u00bbon\u00a0\u00bb][et_pb_image src=\u00a0\u00bbhttp:\/\/www.ecuriesderiboulam.com\/wp-content\/uploads\/2018\/06\/Affiche-Riboulambeach.jpg\u00a0\u00bb url=\u00a0\u00bb\/wp-content\/uploads\/2018\/06\/Affiche-Riboulambeach.jpg\u00a0\u00bb _builder_version=\u00a0\u00bb3.7&Prime; box_shadow_style=\u00a0\u00bbpreset4&Prime; box_shadow_blur=\u00a0\u00bb10px\u00a0\u00bb][\/et_pb_image][\/et_pb_column][\/et_pb_row][\/et_pb_section]<\/p>\n","protected":false},"excerpt":{"rendered":"<p>Bient\u00f4t la f\u00eate du Club 2018 !!!\u00e0 attendre \ud83d\ude42 &#8230; mais n&rsquo;oubliez pas de vous inscrire au plus vite !<\/p>\n","protected":false},"author":2,"featured_media":0,"parent":0,"menu_order":0,"comment_status":"closed","ping_status":"closed","template":"","meta":{"_et_pb_use_builder":"on","_et_pb_old_content":"","_et_gb_content_width":"","_exactmetrics_skip_tracking":false,"_exactmetrics_sitenote_active":false,"_exactmetrics_sitenote_note":"","_exactmetrics_sitenote_category":0,"footnotes":""},"class_list":["post-1064","page","type-page","status-publish","hentry"],"yoast_head":"<!-- This site is optimized with the Yoast SEO plugin v24.3 - https:\/\/yoast.com\/wordpress\/plugins\/seo\/ -->\n<title>F\u00eate du Club 2018 - Ecuries de Riboulam<\/title>\n<meta name=\"robots\" content=\"index, follow, max-snippet:-1, max-image-preview:large, max-video-preview:-1\" \/>\n<link rel=\"canonical\" href=\"https:\/\/www.ecuriesderiboulam.com\/index.php\/fete-du-club-2018\/\" \/>\n<meta property=\"og:locale\" content=\"fr_FR\" \/>\n<meta property=\"og:type\" content=\"article\" \/>\n<meta property=\"og:title\" content=\"F\u00eate du Club 2018 - Ecuries de Riboulam\" \/>\n<meta property=\"og:description\" content=\"Bient\u00f4t la f\u00eate du Club 2018 !!!\u00e0 attendre :-) ... mais n&#039;oubliez pas de vous inscrire au plus vite !\" \/>\n<meta property=\"og:url\" content=\"https:\/\/www.ecuriesderiboulam.com\/index.php\/fete-du-club-2018\/\" \/>\n<meta property=\"og:site_name\" content=\"Ecuries de Riboulam\" \/>\n<meta property=\"article:publisher\" content=\"https:\/\/www.facebook.com\/EcuriesdeRiboulamChevauxetEvenements1976\/\" \/>\n<meta property=\"article:modified_time\" content=\"2018-06-14T20:52:57+00:00\" \/>\n<meta name=\"twitter:card\" content=\"summary_large_image\" \/>\n<meta name=\"twitter:label1\" content=\"Dur\u00e9e de lecture estim\u00e9e\" \/>\n\t<meta name=\"twitter:data1\" content=\"1 minute\" \/>\n<script type=\"application\/ld+json\" class=\"yoast-schema-graph\">{\"@context\":\"https:\/\/schema.org\",\"@graph\":[{\"@type\":\"WebPage\",\"@id\":\"https:\/\/www.ecuriesderiboulam.com\/index.php\/fete-du-club-2018\/\",\"url\":\"https:\/\/www.ecuriesderiboulam.com\/index.php\/fete-du-club-2018\/\",\"name\":\"F\u00eate du Club 2018 - Ecuries de Riboulam\",\"isPartOf\":{\"@id\":\"https:\/\/www.ecuriesderiboulam.com\/#website\"},\"datePublished\":\"2018-06-14T20:40:03+00:00\",\"dateModified\":\"2018-06-14T20:52:57+00:00\",\"breadcrumb\":{\"@id\":\"https:\/\/www.ecuriesderiboulam.com\/index.php\/fete-du-club-2018\/#breadcrumb\"},\"inLanguage\":\"fr-FR\",\"potentialAction\":[{\"@type\":\"ReadAction\",\"target\":[\"https:\/\/www.ecuriesderiboulam.com\/index.php\/fete-du-club-2018\/\"]}]},{\"@type\":\"BreadcrumbList\",\"@id\":\"https:\/\/www.ecuriesderiboulam.com\/index.php\/fete-du-club-2018\/#breadcrumb\",\"itemListElement\":[{\"@type\":\"ListItem\",\"position\":1,\"name\":\"Home\",\"item\":\"https:\/\/www.ecuriesderiboulam.com\/\"},{\"@type\":\"ListItem\",\"position\":2,\"name\":\"F\u00eate du Club 2018\"}]},{\"@type\":\"WebSite\",\"@id\":\"https:\/\/www.ecuriesderiboulam.com\/#website\",\"url\":\"https:\/\/www.ecuriesderiboulam.com\/\",\"name\":\"Ecuries de Riboulam\",\"description\":\"Le bonheur \u00e9questre en Provence\",\"publisher\":{\"@id\":\"https:\/\/www.ecuriesderiboulam.com\/#organization\"},\"potentialAction\":[{\"@type\":\"SearchAction\",\"target\":{\"@type\":\"EntryPoint\",\"urlTemplate\":\"https:\/\/www.ecuriesderiboulam.com\/?s={search_term_string}\"},\"query-input\":{\"@type\":\"PropertyValueSpecification\",\"valueRequired\":true,\"valueName\":\"search_term_string\"}}],\"inLanguage\":\"fr-FR\"},{\"@type\":\"Organization\",\"@id\":\"https:\/\/www.ecuriesderiboulam.com\/#organization\",\"name\":\"Ecuries de Riboulam\",\"url\":\"https:\/\/www.ecuriesderiboulam.com\/\",\"logo\":{\"@type\":\"ImageObject\",\"inLanguage\":\"fr-FR\",\"@id\":\"https:\/\/www.ecuriesderiboulam.com\/#\/schema\/logo\/image\/\",\"url\":\"https:\/\/www.ecuriesderiboulam.com\/wp-content\/uploads\/2018\/01\/Logo_noir.png\",\"contentUrl\":\"https:\/\/www.ecuriesderiboulam.com\/wp-content\/uploads\/2018\/01\/Logo_noir.png\",\"width\":852,\"height\":852,\"caption\":\"Ecuries de Riboulam\"},\"image\":{\"@id\":\"https:\/\/www.ecuriesderiboulam.com\/#\/schema\/logo\/image\/\"},\"sameAs\":[\"https:\/\/www.facebook.com\/EcuriesdeRiboulamChevauxetEvenements1976\/\"]}]}<\/script>\n<!-- \/ Yoast SEO plugin. -->","yoast_head_json":{"title":"F\u00eate du Club 2018 - Ecuries de Riboulam","robots":{"index":"index","follow":"follow","max-snippet":"max-snippet:-1","max-image-preview":"max-image-preview:large","max-video-preview":"max-video-preview:-1"},"canonical":"https:\/\/www.ecuriesderiboulam.com\/index.php\/fete-du-club-2018\/","og_locale":"fr_FR","og_type":"article","og_title":"F\u00eate du Club 2018 - Ecuries de Riboulam","og_description":"Bient\u00f4t la f\u00eate du Club 2018 !!!\u00e0 attendre :-) ... mais n'oubliez pas de vous inscrire au plus vite !","og_url":"https:\/\/www.ecuriesderiboulam.com\/index.php\/fete-du-club-2018\/","og_site_name":"Ecuries de Riboulam","article_publisher":"https:\/\/www.facebook.com\/EcuriesdeRiboulamChevauxetEvenements1976\/","article_modified_time":"2018-06-14T20:52:57+00:00","twitter_card":"summary_large_image","twitter_misc":{"Dur\u00e9e de lecture estim\u00e9e":"1 minute"},"schema":{"@context":"https:\/\/schema.org","@graph":[{"@type":"WebPage","@id":"https:\/\/www.ecuriesderiboulam.com\/index.php\/fete-du-club-2018\/","url":"https:\/\/www.ecuriesderiboulam.com\/index.php\/fete-du-club-2018\/","name":"F\u00eate du Club 2018 - Ecuries de Riboulam","isPartOf":{"@id":"https:\/\/www.ecuriesderiboulam.com\/#website"},"datePublished":"2018-06-14T20:40:03+00:00","dateModified":"2018-06-14T20:52:57+00:00","breadcrumb":{"@id":"https:\/\/www.ecuriesderiboulam.com\/index.php\/fete-du-club-2018\/#breadcrumb"},"inLanguage":"fr-FR","potentialAction":[{"@type":"ReadAction","target":["https:\/\/www.ecuriesderiboulam.com\/index.php\/fete-du-club-2018\/"]}]},{"@type":"BreadcrumbList","@id":"https:\/\/www.ecuriesderiboulam.com\/index.php\/fete-du-club-2018\/#breadcrumb","itemListElement":[{"@type":"ListItem","position":1,"name":"Home","item":"https:\/\/www.ecuriesderiboulam.com\/"},{"@type":"ListItem","position":2,"name":"F\u00eate du Club 2018"}]},{"@type":"WebSite","@id":"https:\/\/www.ecuriesderiboulam.com\/#website","url":"https:\/\/www.ecuriesderiboulam.com\/","name":"Ecuries de Riboulam","description":"Le bonheur \u00e9questre en Provence","publisher":{"@id":"https:\/\/www.ecuriesderiboulam.com\/#organization"},"potentialAction":[{"@type":"SearchAction","target":{"@type":"EntryPoint","urlTemplate":"https:\/\/www.ecuriesderiboulam.com\/?s={search_term_string}"},"query-input":{"@type":"PropertyValueSpecification","valueRequired":true,"valueName":"search_term_string"}}],"inLanguage":"fr-FR"},{"@type":"Organization","@id":"https:\/\/www.ecuriesderiboulam.com\/#organization","name":"Ecuries de Riboulam","url":"https:\/\/www.ecuriesderiboulam.com\/","logo":{"@type":"ImageObject","inLanguage":"fr-FR","@id":"https:\/\/www.ecuriesderiboulam.com\/#\/schema\/logo\/image\/","url":"https:\/\/www.ecuriesderiboulam.com\/wp-content\/uploads\/2018\/01\/Logo_noir.png","contentUrl":"https:\/\/www.ecuriesderiboulam.com\/wp-content\/uploads\/2018\/01\/Logo_noir.png","width":852,"height":852,"caption":"Ecuries de Riboulam"},"image":{"@id":"https:\/\/www.ecuriesderiboulam.com\/#\/schema\/logo\/image\/"},"sameAs":["https:\/\/www.facebook.com\/EcuriesdeRiboulamChevauxetEvenements1976\/"]}]}},"_links":{"self":[{"href":"https:\/\/www.ecuriesderiboulam.com\/index.php\/wp-json\/wp\/v2\/pages\/1064","targetHints":{"allow":["GET"]}}],"collection":[{"href":"https:\/\/www.ecuriesderiboulam.com\/index.php\/wp-json\/wp\/v2\/pages"}],"about":[{"href":"https:\/\/www.ecuriesderiboulam.com\/index.php\/wp-json\/wp\/v2\/types\/page"}],"author":[{"embeddable":true,"href":"https:\/\/www.ecuriesderiboulam.com\/index.php\/wp-json\/wp\/v2\/users\/2"}],"replies":[{"embeddable":true,"href":"https:\/\/www.ecuriesderiboulam.com\/index.php\/wp-json\/wp\/v2\/comments?post=1064"}],"version-history":[{"count":7,"href":"https:\/\/www.ecuriesderiboulam.com\/index.php\/wp-json\/wp\/v2\/pages\/1064\/revisions"}],"predecessor-version":[{"id":1085,"href":"https:\/\/www.ecuriesderiboulam.com\/index.php\/wp-json\/wp\/v2\/pages\/1064\/revisions\/1085"}],"wp:attachment":[{"href":"https:\/\/www.ecuriesderiboulam.com\/index.php\/wp-json\/wp\/v2\/media?parent=1064"}],"curies":[{"name":"wp","href":"https:\/\/api.w.org\/{rel}","templated":true}]}}